{"id":8701,"date":"2021-05-10T14:50:39","date_gmt":"2021-05-10T12:50:39","guid":{"rendered":"https:\/\/www.mp3-italia.it\/products\/non%20class\u00e9\/fbc1_4_7\/"},"modified":"2021-09-20T14:51:40","modified_gmt":"2021-09-20T12:51:40","slug":"fbc1_4_7","status":"publish","type":"product","link":"https:\/\/www.mp3-italia.it\/fr\/produits\/clapets-coupe-feu\/fbc1_4_7\/","title":{"rendered":"FBC1 FBC4 FBC7"},"content":{"rendered":"<p>[et_pb_section fb_built=\u00a0\u00bb1&Prime; admin_label=\u00a0\u00bbINTESTAZIONE\u00a0\u00bb _builder_version=\u00a0\u00bb4.8.0&Prime; _module_preset=\u00a0\u00bbdefault\u00a0\u00bb background_color=\u00a0\u00bb#f9f9f9&Prime; collapsed=\u00a0\u00bbon\u00a0\u00bb][et_pb_row column_structure=\u00a0\u00bb1_3,1_3,1_3&Prime; use_custom_gutter=\u00a0\u00bbon\u00a0\u00bb gutter_width=\u00a0\u00bb2&Prime; make_equal=\u00a0\u00bbon\u00a0\u00bb _builder_version=\u00a0\u00bb4.9.10&Prime; _module_preset=\u00a0\u00bbdefault\u00a0\u00bb width=\u00a0\u00bb90%\u00a0\u00bb max_width=\u00a0\u00bb100%\u00a0\u00bb custom_padding=\u00a0\u00bb0px||0px||true|false\u00a0\u00bb collapsed=\u00a0\u00bbon\u00a0\u00bb][et_pb_column type=\u00a0\u00bb1_3&Prime; module_class=\u00a0\u00bbcentra-verticale\u00a0\u00bb disabled_on=\u00a0\u00bbon|on|off\u00a0\u00bb _builder_version=\u00a0\u00bb4.8.0&Prime; _module_preset=\u00a0\u00bbdefault\u00a0\u00bb custom_padding=\u00a0\u00bb40px||40px||true|false\u00a0\u00bb custom_padding_tablet=\u00a0\u00bb0px||0px||true|false\u00a0\u00bb custom_padding_phone=\u00a0\u00bb\u00a0\u00bb custom_padding_last_edited=\u00a0\u00bbon|desktop\u00a0\u00bb][et_pb_image src=\u00a0\u00bbhttps:\/\/www.mp3-italia.it\/wp-content\/uploads\/2020\/12\/MP3_logo_black_tagline.png\u00a0\u00bb title_text=\u00a0\u00bbMP3_logo_black_tagline\u00a0\u00bb url=\u00a0\u00bb@ET-DC@eyJkeW5hbWljIjp0cnVlLCJjb250ZW50IjoiaG9tZV91cmwiLCJzZXR0aW5ncyI6e319@\u00a0\u00bb disabled_on=\u00a0\u00bboff|off|off\u00a0\u00bb _builder_version=\u00a0\u00bb4.8.0&Prime; _dynamic_attributes=\u00a0\u00bburl\u00a0\u00bb _module_preset=\u00a0\u00bbdefault\u00a0\u00bb width=\u00a0\u00bb150px\u00a0\u00bb][\/et_pb_image][\/et_pb_column][et_pb_column type=\u00a0\u00bb1_3&Prime; module_class=\u00a0\u00bbcentra-verticale\u00a0\u00bb _builder_version=\u00a0\u00bb4.8.0&Prime; _module_preset=\u00a0\u00bbdefault\u00a0\u00bb custom_padding=\u00a0\u00bb|||50px|false|false\u00a0\u00bb border_width_left=\u00a0\u00bb1px\u00a0\u00bb border_color_left=\u00a0\u00bb#e8e8e8&Prime;][et_pb_text _builder_version=\u00a0\u00bb4.9.10&Prime; _dynamic_attributes=\u00a0\u00bbcontent\u00a0\u00bb _module_preset=\u00a0\u00bbdefault\u00a0\u00bb header_font=\u00a0\u00bb|700|||||||\u00a0\u00bb header_text_color=\u00a0\u00bb#0075bf\u00a0\u00bb header_letter_spacing=\u00a0\u00bb1px\u00a0\u00bb custom_margin=\u00a0\u00bb||5px||false|false\u00a0\u00bb custom_padding=\u00a0\u00bb||||false|false\u00a0\u00bb]@ET-DC@eyJkeW5hbWljIjp0cnVlLCJjb250ZW50IjoicG9zdF9jYXRlZ29yaWVzIiwic2V0dGluZ3MiOnsiYmVmb3JlIjoiIiwiYWZ0ZXIiOiIiLCJsaW5rX3RvX3Rlcm1fcGFnZSI6Im9mZiIsInNlcGFyYXRvciI6IiB8ICIsImNhdGVnb3J5X3R5cGUiOiJwcm9kdWN0X2NhdCJ9fQ==@[\/et_pb_text][et_pb_text _builder_version=\u00a0\u00bb4.9.10&Prime; _dynamic_attributes=\u00a0\u00bbcontent\u00a0\u00bb _module_preset=\u00a0\u00bbdefault\u00a0\u00bb text_font=\u00a0\u00bb|700|||||||\u00a0\u00bb text_text_color=\u00a0\u00bb#0075BF\u00a0\u00bb text_font_size=\u00a0\u00bb30px\u00a0\u00bb header_font=\u00a0\u00bb|700|||||||\u00a0\u00bb header_text_color=\u00a0\u00bb#0075bf\u00a0\u00bb header_letter_spacing=\u00a0\u00bb1px\u00a0\u00bb]@ET-DC@eyJkeW5hbWljIjp0cnVlLCJjb250ZW50IjoicG9zdF90aXRsZSIsInNldHRpbmdzIjp7ImJlZm9yZSI6IiIsImFmdGVyIjoiIn19@[\/et_pb_text][\/et_pb_column][et_pb_column type=\u00a0\u00bb1_3&Prime; module_class=\u00a0\u00bbcentra-verticale\u00a0\u00bb _builder_version=\u00a0\u00bb4.8.0&Prime; _module_preset=\u00a0\u00bbdefault\u00a0\u00bb][et_pb_blurb url=\u00a0\u00bb@ET-DC@eyJkeW5hbWljIjp0cnVlLCJjb250ZW50IjoicG9zdF9saW5rX3VybF9wYWdlIiwic2V0dGluZ3MiOnsicG9zdF9pZCI6IjQzNDUifX0=@\u00a0\u00bb image=\u00a0\u00bbhttps:\/\/www.mp3-italia.it\/wp-content\/uploads\/2021\/01\/arrow_-copia.png\u00a0\u00bb icon_placement=\u00a0\u00bbleft\u00a0\u00bb image_max_width=\u00a0\u00bb30px\u00a0\u00bb _builder_version=\u00a0\u00bb4.9.10&Prime; _dynamic_attributes=\u00a0\u00bburl,link_option_url\u00a0\u00bb _module_preset=\u00a0\u00bbdefault\u00a0\u00bb body_line_height=\u00a0\u00bb1.9em\u00a0\u00bb background_enable_color=\u00a0\u00bboff\u00a0\u00bb width=\u00a0\u00bb250px\u00a0\u00bb width_tablet=\u00a0\u00bb250px\u00a0\u00bb width_phone=\u00a0\u00bb\u00a0\u00bb width_last_edited=\u00a0\u00bbon|tablet\u00a0\u00bb module_alignment=\u00a0\u00bbright\u00a0\u00bb animation=\u00a0\u00bboff\u00a0\u00bb link_option_url=\u00a0\u00bb@ET-DC@eyJkeW5hbWljIjp0cnVlLCJjb250ZW50IjoicG9zdF9saW5rX3VybF9wYWdlIiwic2V0dGluZ3MiOnsicG9zdF9pZCI6IjQzNDUifX0=@\u00a0\u00bb hover_enabled=\u00a0\u00bb0&Prime; module_alignment_tablet=\u00a0\u00bbleft\u00a0\u00bb module_alignment_phone=\u00a0\u00bbleft\u00a0\u00bb module_alignment_last_edited=\u00a0\u00bbon|tablet\u00a0\u00bb sticky_enabled=\u00a0\u00bb0&Prime;]<\/p>\n<p>Retour aux Clapets coupe-feu<\/p>\n<p>[\/et_pb_blurb][\/et_pb_column][\/et_pb_row][\/et_pb_section][et_pb_section fb_built=\u00a0\u00bb1&Prime; admin_label=\u00a0\u00bbPRODOTTO\u00a0\u00bb _builder_version=\u00a0\u00bb4.8.0&Prime; _module_preset=\u00a0\u00bbdefault\u00a0\u00bb][et_pb_row column_structure=\u00a0\u00bb1_2,1_2&Prime; _builder_version=\u00a0\u00bb4.7.7&Prime; _module_preset=\u00a0\u00bbdefault\u00a0\u00bb collapsed=\u00a0\u00bbon\u00a0\u00bb][et_pb_column type=\u00a0\u00bb1_2&Prime; _builder_version=\u00a0\u00bb4.7.7&Prime; _module_preset=\u00a0\u00bbdefault\u00a0\u00bb][et_pb_wc_images show_sale_badge=\u00a0\u00bboff\u00a0\u00bb admin_label=\u00a0\u00bbimg + gallery\u00a0\u00bb _builder_version=\u00a0\u00bb4.8.0&Prime; _module_preset=\u00a0\u00bbdefault\u00a0\u00bb][\/et_pb_wc_images][\/et_pb_column][et_pb_column type=\u00a0\u00bb1_2&Prime; _builder_version=\u00a0\u00bb4.7.7&Prime; _module_preset=\u00a0\u00bbdefault\u00a0\u00bb][et_pb_wc_description description_type=\u00a0\u00bbdescription\u00a0\u00bb admin_label=\u00a0\u00bbDescrizione LUNGA h2&Prime; _builder_version=\u00a0\u00bb4.8.0&Prime; _module_preset=\u00a0\u00bbdefault\u00a0\u00bb][\/et_pb_wc_description][\/et_pb_column][\/et_pb_row][et_pb_row admin_label=\u00a0\u00bb-\u00a0\u00bb _builder_version=\u00a0\u00bb4.8.0&Prime; _module_preset=\u00a0\u00bbdefault\u00a0\u00bb collapsed=\u00a0\u00bboff\u00a0\u00bb][et_pb_column type=\u00a0\u00bb4_4&Prime; _builder_version=\u00a0\u00bb4.7.7&Prime; _module_preset=\u00a0\u00bbdefault\u00a0\u00bb][et_pb_text _builder_version=\u00a0\u00bb4.9.10&Prime; _module_preset=\u00a0\u00bbdefault\u00a0\u00bb hover_enabled=\u00a0\u00bb0&Prime; sticky_enabled=\u00a0\u00bb0&Prime;]<\/p>\n<h2>Donn\u00e9es techniques<\/h2>\n<ul>\n<li>Gamme de diam\u00e8tres de 100\u00a0mm \u00e0 200\u00a0mm.<\/li>\n<li>Bo\u00eetier en acier au carbone galvanis\u00e9.<\/li>\n<li>Class\u00e9 pour l&rsquo;installation\u00a0:\n<ul>\n<li>\u00e0 l&rsquo;int\u00e9rieur de murs rigides\u00a0;<\/li>\n<li>dans les sols\u00a0;<\/li>\n<li>dans les murs en plaques de pl\u00e2tre\u00a0;<\/li>\n<li>installable avec la m\u00e9thode Weichschott (fire batt) dans les murs et les sols\u00a0;<\/li>\n<li>FBC1 norme de feu EI 60 (ve\/ho i\u2194o) S\u00a0;<\/li>\n<li>FBC4 norme de feu EI 90 (ve\/ho i\u2194o) S\u00a0;<\/li>\n<li>FBC7 norme de feu EI 120 (ve\/ho i\u2194o) S\u00a0;<\/li>\n<li><strong>pour le d\u00e9tail des normes de r\u00e9sistance au feu en fonction du type de support et d&rsquo;\u00e9tanch\u00e9it\u00e9, il est recommand\u00e9 de toujours se r\u00e9f\u00e9rer au manuel technique et \u00e0 la d\u00e9claration de performance.<\/strong><\/li>\n<\/ul>\n<\/li>\n<li>Flexibilit\u00e9 d&rsquo;installation\u00a0:\n<ul>\n<li>s&rsquo;installe dans n&rsquo;importe quelle direction d&rsquo;axe\u00a0;<\/li>\n<li>distance minimale de 50\u00a0mm entre deux clapets coupe-feu dans le m\u00eame mur ou plancher\u00a0;<\/li>\n<\/ul>\n<\/li>\n<li>Comportement au feu\u00a0:\n<ul>\n<li>fermeture automatique en moins de 30\u00a0secondes quand la temp\u00e9rature atteint 70\u00b0\u00a0C\u00a0;<\/li>\n<li>isolation \u00e0 la chaleur et aux flammes\u00a0;<\/li>\n<li>indiff\u00e9remment de la direction d&rsquo;origine du feu\u00a0;<\/li>\n<li>absence de pont thermique entre les deux faces du mur.<\/li>\n<\/ul>\n<\/li>\n<li>Comportement de la fum\u00e9e\u00a0:\n<ul>\n<li>agit comme un amortisseur de fum\u00e9e test\u00e9 \u00e0 300\u00a0Pa.<\/li>\n<\/ul>\n<\/li>\n<li>Commandes\u00a0: m\u00e9caniques.<\/li>\n<li>Fusible thermique calibr\u00e9 \u00e0 70\u00b0\u00a0C.<\/li>\n<\/ul>\n<p>[\/et_pb_text][et_pb_divider color=\u00a0\u00bb#c6c6c6&Prime; divider_position=\u00a0\u00bbcenter\u00a0\u00bb admin_label=\u00a0\u00bb-\u00a0\u00bb _builder_version=\u00a0\u00bb4.8.0&Prime; _module_preset=\u00a0\u00bbdefault\u00a0\u00bb][\/et_pb_divider][\/et_pb_column][\/et_pb_row][et_pb_row admin_label=\u00a0\u00bbDIMENSIONI\u00a0\u00bb _builder_version=\u00a0\u00bb4.9.10&Prime; _module_preset=\u00a0\u00bbdefault\u00a0\u00bb custom_padding=\u00a0\u00bb||0px|||\u00a0\u00bb collapsed=\u00a0\u00bbon\u00a0\u00bb][et_pb_column type=\u00a0\u00bb4_4&Prime; _builder_version=\u00a0\u00bb4.7.7&Prime; _module_preset=\u00a0\u00bbdefault\u00a0\u00bb][et_pb_text admin_label=\u00a0\u00bbDIMENSIONI\u00a0\u00bb _builder_version=\u00a0\u00bb4.9.10&Prime; _module_preset=\u00a0\u00bbdefault\u00a0\u00bb]<\/p>\n<h3>Dimensions<\/h3>\n<p>[\/et_pb_text][\/et_pb_column][\/et_pb_row][et_pb_row _builder_version=\u00a0\u00bb4.8.0&Prime; _module_preset=\u00a0\u00bbdefault\u00a0\u00bb width_tablet=\u00a0\u00bb\u00a0\u00bb width_phone=\u00a0\u00bb95%\u00a0\u00bb width_last_edited=\u00a0\u00bbon|phone\u00a0\u00bb max_width_tablet=\u00a0\u00bb\u00a0\u00bb max_width_phone=\u00a0\u00bb100%\u00a0\u00bb max_width_last_edited=\u00a0\u00bbon|phone\u00a0\u00bb][et_pb_column type=\u00a0\u00bb4_4&Prime; _builder_version=\u00a0\u00bb4.7.7&Prime; _module_preset=\u00a0\u00bbdefault\u00a0\u00bb][et_pb_toggle title=\u00a0\u00bbClapet coupe-feu s\u00e9rie FBC1 FBC4 FBC7&Prime; admin_label=\u00a0\u00bbSerie\u00a0\u00bb _builder_version=\u00a0\u00bb4.9.10&Prime; _module_preset=\u00a0\u00bbdefault\u00a0\u00bb hover_enabled=\u00a0\u00bb0&Prime; sticky_enabled=\u00a0\u00bb0&Prime;]<\/p>\n<p>Certification CE selon le r\u00e8glement europ\u00e9en UE 305\/2011 et la norme EN 15650<\/p>\n<p><a href=\"https:\/\/www.mp3-italia.it\/wp-content\/uploads\/2021\/05\/FBC1-FBC4-FBC7-dim1.jpg\"><img loading=\"lazy\" class=\"aligncenter wp-image-4384 size-full\" src=\"https:\/\/www.mp3-italia.it\/wp-content\/uploads\/2021\/05\/FBC1-FBC4-FBC7-dim1.jpg\" alt=\"FBC1 - FBC4 - FBC7\" width=\"500\" height=\"282\" srcset=\"https:\/\/www.mp3-italia.it\/wp-content\/uploads\/2021\/05\/FBC1-FBC4-FBC7-dim1.jpg 500w, https:\/\/www.mp3-italia.it\/wp-content\/uploads\/2021\/05\/FBC1-FBC4-FBC7-dim1-480x271.jpg 480w\" sizes=\"(min-width: 0px) and (max-width: 480px) 480px, (min-width: 481px) 500px, 100vw\" \/><\/a><\/p>\n<p>&nbsp;<\/p>\n<div id=\"footable_parent_4391\"\n     class=\"footable_parent ninja_table_wrapper loading_ninja_table wp_table_data_press_parent semantic_ui \">\n                <table data-ninja_table_instance=\"ninja_table_instance_0\" data-footable_id=&quot;4391&quot; data-filter-delay=&quot;1000&quot; aria-label=&quot;FBC1 FBC4 FBC7&quot;            id=\"footable_4391\"\n           data-unique_identifier=\"ninja_table_unique_id_1575257623_4391\"\n           class=\" foo-table ninja_footable foo_table_4391 ninja_table_unique_id_1575257623_4391 ui table  nt_type_ajax_table selectable celled striped compact vertical_centered  footable-paging-right ninjatable_hide_header_row ninja_table_search_disabled\">\n                <colgroup>\n                            <col class=\"ninja_column_0 \">\n                            <col class=\"ninja_column_1 \">\n                            <col class=\"ninja_column_2 \">\n                            <col class=\"ninja_column_3 \">\n                            <col class=\"ninja_column_4 \">\n                            <col class=\"ninja_column_5 \">\n                    <\/colgroup>\n            <\/table>\n    <style id=\"ninja_table_custom_css_4391\" type=\"text\/css\">\n    #footable_4391  {\n        font-family: system-ui !important;\n        font-size: 14px !important;\n    }\n\n\n<\/style>\n\n    \n    \n<\/div>\n\n<p>[\/et_pb_toggle][\/et_pb_column][\/et_pb_row][et_pb_row admin_label=\u00a0\u00bb-\u00a0\u00bb _builder_version=\u00a0\u00bb4.8.0&Prime; _module_preset=\u00a0\u00bbdefault\u00a0\u00bb collapsed=\u00a0\u00bbon\u00a0\u00bb][et_pb_column type=\u00a0\u00bb4_4&Prime; _builder_version=\u00a0\u00bb4.7.7&Prime; _module_preset=\u00a0\u00bbdefault\u00a0\u00bb][et_pb_divider color=\u00a0\u00bb#c6c6c6&Prime; divider_position=\u00a0\u00bbcenter\u00a0\u00bb admin_label=\u00a0\u00bb-\u00a0\u00bb _builder_version=\u00a0\u00bb4.8.0&Prime; _module_preset=\u00a0\u00bbdefault\u00a0\u00bb][\/et_pb_divider][\/et_pb_column][\/et_pb_row][et_pb_row admin_label=\u00a0\u00bbTechnical Catalog\u00a0\u00bb _builder_version=\u00a0\u00bb4.8.0&Prime; _module_preset=\u00a0\u00bbdefault\u00a0\u00bb][et_pb_column type=\u00a0\u00bb4_4&Prime; _builder_version=\u00a0\u00bb4.7.7&Prime; _module_preset=\u00a0\u00bbdefault\u00a0\u00bb][et_pb_text admin_label=\u00a0\u00bbTechnical Catalog\u00a0\u00bb _builder_version=\u00a0\u00bb4.9.10&Prime; _module_preset=\u00a0\u00bbdefault\u00a0\u00bb hover_enabled=\u00a0\u00bb0&Prime; sticky_enabled=\u00a0\u00bb0&Prime;]<\/p>\n<h3>Catalogue technique<\/h3>\n<p>[\/et_pb_text][et_pb_blurb title=\u00a0\u00bb@ET-DC@eyJkeW5hbWljIjp0cnVlLCJjb250ZW50IjoicG9zdF90aXRsZSIsInNldHRpbmdzIjp7ImJlZm9yZSI6IiIsImFmdGVyIjoiIn19@\u00a0\u00bb url=\u00a0\u00bbhttp:\/\/www2.mp3-italia.it\/phpapp\/MP3WebTgf\/FormIndex.php\u00a0\u00bb url_new_window=\u00a0\u00bbon\u00a0\u00bb use_icon=\u00a0\u00bbon\u00a0\u00bb font_icon=\u00a0\u00bb%%72%%\u00a0\u00bb icon_color=\u00a0\u00bb#0075bf\u00a0\u00bb icon_placement=\u00a0\u00bbleft\u00a0\u00bb content_max_width=\u00a0\u00bb100%\u00a0\u00bb _builder_version=\u00a0\u00bb4.9.10&Prime; _dynamic_attributes=\u00a0\u00bbtitle\u00a0\u00bb _module_preset=\u00a0\u00bbdefault\u00a0\u00bb header_text_color=\u00a0\u00bb#0075bf\u00a0\u00bb header_line_height=\u00a0\u00bb1.5em\u00a0\u00bb module_alignment=\u00a0\u00bbleft\u00a0\u00bb link_option_url=\u00a0\u00bbhttp:\/\/www2.mp3-italia.it\/phpapp\/MP3WebTgf\/FormIndex.php\u00a0\u00bb link_option_url_new_window=\u00a0\u00bbon\u00a0\u00bb][\/et_pb_blurb][\/et_pb_column][\/et_pb_row][\/et_pb_section]<\/p>\n","protected":false},"excerpt":{"rendered":"<p>Single and double deflection grilles<\/p>\n","protected":false},"featured_media":4370,"template":"","meta":{"_et_pb_use_builder":"on","_et_pb_old_content":"<blockquote>Les clapets coupe-feu de la s\u00e9rie FBC1 FBC4 FBC7, adapt\u00e9s aux conduits circulaires jusqu'\u00e0 un diam\u00e8tre de 200\u00a0mm, permettent une s\u00e9curit\u00e9 maximale dans la pr\u00e9vention de la propagation du feu dans les b\u00e2timents. Ils garantissent une parfaite isolation thermique et une \u00e9tanch\u00e9it\u00e9 aux fum\u00e9es chaudes et froides, comme le d\u00e9montrent les diff\u00e9rents tests effectu\u00e9s selon la norme EN 1366-2.\r\nIls constituent une barri\u00e8re contre la propagation du feu, le transfert de chaleur et la propagation de fum\u00e9es et de gaz nocifs gr\u00e2ce \u00e0 l'utilisation du joint test\u00e9 \u00e0 une d\u00e9pression de 300\u00a0Pa.\r\n\r\n<img class=\"size-full wp-image-4340 alignleft\" src=\"https:\/\/www.mp3-italia.it\/wp-content\/uploads\/2021\/05\/ce1812.png\" alt=\"\" width=\"100\" height=\"53\" \/><\/blockquote>","_et_gb_content_width":""},"product_cat":[145],"product_tag":[],"yoast_head":"<!-- This site is optimized with the Yoast SEO Premium plugin v16.1 (Yoast SEO v18.0) - https:\/\/yoast.com\/wordpress\/plugins\/seo\/ -->\n<title>FBC1 FBC4 FBC7 - MP3<\/title>\n<meta name=\"robots\" content=\"index, follow, max-snippet:-1, max-image-preview:large, max-video-preview:-1\" \/>\n<link rel=\"canonical\" href=\"https:\/\/www.mp3-italia.it\/produits\/fireprotection\/fbc1_4_7\/\" \/>\n<meta property=\"og:locale\" content=\"fr_FR\" \/>\n<meta property=\"og:type\" content=\"article\" \/>\n<meta property=\"og:title\" content=\"FBC1 FBC4 FBC7 - MP3\" \/>\n<meta property=\"og:description\" content=\"Single and double deflection grilles\" \/>\n<meta property=\"og:url\" content=\"https:\/\/www.mp3-italia.it\/produits\/fireprotection\/fbc1_4_7\/\" \/>\n<meta property=\"og:site_name\" content=\"MP3\" \/>\n<meta property=\"article:publisher\" content=\"https:\/\/www.facebook.com\/mp3italia\/\" \/>\n<meta property=\"article:modified_time\" content=\"2021-09-20T12:51:40+00:00\" \/>\n<meta property=\"og:image\" content=\"https:\/\/www.mp3-italia.it\/wp-content\/uploads\/2021\/05\/FBC1-FBC4-FBC7.jpg\" \/>\n\t<meta property=\"og:image:width\" content=\"1080\" \/>\n\t<meta property=\"og:image:height\" content=\"1080\" \/>\n\t<meta property=\"og:image:type\" content=\"image\/jpeg\" \/>\n<meta name=\"twitter:card\" content=\"summary_large_image\" \/>\n<meta name=\"twitter:site\" content=\"@MP3airsolutions\" \/>\n<meta name=\"twitter:label1\" content=\"Dur\u00e9e de lecture estim\u00e9e\" \/>\n\t<meta name=\"twitter:data1\" content=\"6 minutes\" \/>\n<script type=\"application\/ld+json\" class=\"yoast-schema-graph\">{\"@context\":\"https:\/\/schema.org\",\"@graph\":[{\"@type\":\"Organization\",\"@id\":\"https:\/\/www.mp3-italia.it\/#organization\",\"name\":\"MP3 Italia\",\"url\":\"https:\/\/www.mp3-italia.it\/\",\"sameAs\":[\"https:\/\/www.facebook.com\/mp3italia\/\",\"https:\/\/www.linkedin.com\/company\/mp3-air-solutions\/\",\"https:\/\/www.youtube.com\/user\/MP3AirSolutions\/videos\",\"https:\/\/twitter.com\/MP3airsolutions\"],\"logo\":{\"@type\":\"ImageObject\",\"@id\":\"https:\/\/www.mp3-italia.it\/#logo\",\"inLanguage\":\"fr-FR\",\"url\":\"https:\/\/www.mp3-italia.it\/wp-content\/uploads\/2020\/12\/MP3_logo_black_tagline.png\",\"contentUrl\":\"https:\/\/www.mp3-italia.it\/wp-content\/uploads\/2020\/12\/MP3_logo_black_tagline.png\",\"width\":507,\"height\":200,\"caption\":\"MP3 Italia\"},\"image\":{\"@id\":\"https:\/\/www.mp3-italia.it\/#logo\"}},{\"@type\":\"WebSite\",\"@id\":\"https:\/\/www.mp3-italia.it\/#website\",\"url\":\"https:\/\/www.mp3-italia.it\/\",\"name\":\"MP3\",\"description\":\"Protect People, with Passione\",\"publisher\":{\"@id\":\"https:\/\/www.mp3-italia.it\/#organization\"},\"potentialAction\":[{\"@type\":\"SearchAction\",\"target\":{\"@type\":\"EntryPoint\",\"urlTemplate\":\"https:\/\/www.mp3-italia.it\/?s={search_term_string}\"},\"query-input\":\"required name=search_term_string\"}],\"inLanguage\":\"fr-FR\"},{\"@type\":\"ImageObject\",\"@id\":\"https:\/\/www.mp3-italia.it\/produits\/fireprotection\/fbc1_4_7\/#primaryimage\",\"inLanguage\":\"fr-FR\",\"url\":\"https:\/\/www.mp3-italia.it\/wp-content\/uploads\/2021\/05\/FBC1-FBC4-FBC7.jpg\",\"contentUrl\":\"https:\/\/www.mp3-italia.it\/wp-content\/uploads\/2021\/05\/FBC1-FBC4-FBC7.jpg\",\"width\":1080,\"height\":1080,\"caption\":\"FBC1 - FBC4 - FBC7\"},{\"@type\":\"WebPage\",\"@id\":\"https:\/\/www.mp3-italia.it\/produits\/fireprotection\/fbc1_4_7\/#webpage\",\"url\":\"https:\/\/www.mp3-italia.it\/produits\/fireprotection\/fbc1_4_7\/\",\"name\":\"FBC1 FBC4 FBC7 - MP3\",\"isPartOf\":{\"@id\":\"https:\/\/www.mp3-italia.it\/#website\"},\"primaryImageOfPage\":{\"@id\":\"https:\/\/www.mp3-italia.it\/produits\/fireprotection\/fbc1_4_7\/#primaryimage\"},\"datePublished\":\"2021-05-10T12:50:39+00:00\",\"dateModified\":\"2021-09-20T12:51:40+00:00\",\"breadcrumb\":{\"@id\":\"https:\/\/www.mp3-italia.it\/produits\/fireprotection\/fbc1_4_7\/#breadcrumb\"},\"inLanguage\":\"fr-FR\",\"potentialAction\":[{\"@type\":\"ReadAction\",\"target\":[\"https:\/\/www.mp3-italia.it\/produits\/fireprotection\/fbc1_4_7\/\"]}]},{\"@type\":\"BreadcrumbList\",\"@id\":\"https:\/\/www.mp3-italia.it\/produits\/fireprotection\/fbc1_4_7\/#breadcrumb\",\"itemListElement\":[{\"@type\":\"ListItem\",\"position\":1,\"name\":\"Home\",\"item\":\"https:\/\/www.mp3-italia.it\/fr\/\"},{\"@type\":\"ListItem\",\"position\":2,\"name\":\"\"},{\"@type\":\"ListItem\",\"position\":3,\"name\":\"FBC1 FBC4 FBC7\"}]}]}<\/script>\n<!-- \/ Yoast SEO Premium plugin. -->","yoast_head_json":{"title":"FBC1 FBC4 FBC7 - MP3","robots":{"index":"index","follow":"follow","max-snippet":"max-snippet:-1","max-image-preview":"max-image-preview:large","max-video-preview":"max-video-preview:-1"},"canonical":"https:\/\/www.mp3-italia.it\/produits\/fireprotection\/fbc1_4_7\/","og_locale":"fr_FR","og_type":"article","og_title":"FBC1 FBC4 FBC7 - MP3","og_description":"Single and double deflection grilles","og_url":"https:\/\/www.mp3-italia.it\/produits\/fireprotection\/fbc1_4_7\/","og_site_name":"MP3","article_publisher":"https:\/\/www.facebook.com\/mp3italia\/","article_modified_time":"2021-09-20T12:51:40+00:00","og_image":[{"width":1080,"height":1080,"url":"https:\/\/www.mp3-italia.it\/wp-content\/uploads\/2021\/05\/FBC1-FBC4-FBC7.jpg","type":"image\/jpeg"}],"twitter_card":"summary_large_image","twitter_site":"@MP3airsolutions","twitter_misc":{"Dur\u00e9e de lecture estim\u00e9e":"6 minutes"},"schema":{"@context":"https:\/\/schema.org","@graph":[{"@type":"Organization","@id":"https:\/\/www.mp3-italia.it\/#organization","name":"MP3 Italia","url":"https:\/\/www.mp3-italia.it\/","sameAs":["https:\/\/www.facebook.com\/mp3italia\/","https:\/\/www.linkedin.com\/company\/mp3-air-solutions\/","https:\/\/www.youtube.com\/user\/MP3AirSolutions\/videos","https:\/\/twitter.com\/MP3airsolutions"],"logo":{"@type":"ImageObject","@id":"https:\/\/www.mp3-italia.it\/#logo","inLanguage":"fr-FR","url":"https:\/\/www.mp3-italia.it\/wp-content\/uploads\/2020\/12\/MP3_logo_black_tagline.png","contentUrl":"https:\/\/www.mp3-italia.it\/wp-content\/uploads\/2020\/12\/MP3_logo_black_tagline.png","width":507,"height":200,"caption":"MP3 Italia"},"image":{"@id":"https:\/\/www.mp3-italia.it\/#logo"}},{"@type":"WebSite","@id":"https:\/\/www.mp3-italia.it\/#website","url":"https:\/\/www.mp3-italia.it\/","name":"MP3","description":"Protect People, with Passione","publisher":{"@id":"https:\/\/www.mp3-italia.it\/#organization"},"potentialAction":[{"@type":"SearchAction","target":{"@type":"EntryPoint","urlTemplate":"https:\/\/www.mp3-italia.it\/?s={search_term_string}"},"query-input":"required name=search_term_string"}],"inLanguage":"fr-FR"},{"@type":"ImageObject","@id":"https:\/\/www.mp3-italia.it\/produits\/fireprotection\/fbc1_4_7\/#primaryimage","inLanguage":"fr-FR","url":"https:\/\/www.mp3-italia.it\/wp-content\/uploads\/2021\/05\/FBC1-FBC4-FBC7.jpg","contentUrl":"https:\/\/www.mp3-italia.it\/wp-content\/uploads\/2021\/05\/FBC1-FBC4-FBC7.jpg","width":1080,"height":1080,"caption":"FBC1 - FBC4 - FBC7"},{"@type":"WebPage","@id":"https:\/\/www.mp3-italia.it\/produits\/fireprotection\/fbc1_4_7\/#webpage","url":"https:\/\/www.mp3-italia.it\/produits\/fireprotection\/fbc1_4_7\/","name":"FBC1 FBC4 FBC7 - MP3","isPartOf":{"@id":"https:\/\/www.mp3-italia.it\/#website"},"primaryImageOfPage":{"@id":"https:\/\/www.mp3-italia.it\/produits\/fireprotection\/fbc1_4_7\/#primaryimage"},"datePublished":"2021-05-10T12:50:39+00:00","dateModified":"2021-09-20T12:51:40+00:00","breadcrumb":{"@id":"https:\/\/www.mp3-italia.it\/produits\/fireprotection\/fbc1_4_7\/#breadcrumb"},"inLanguage":"fr-FR","potentialAction":[{"@type":"ReadAction","target":["https:\/\/www.mp3-italia.it\/produits\/fireprotection\/fbc1_4_7\/"]}]},{"@type":"BreadcrumbList","@id":"https:\/\/www.mp3-italia.it\/produits\/fireprotection\/fbc1_4_7\/#breadcrumb","itemListElement":[{"@type":"ListItem","position":1,"name":"Home","item":"https:\/\/www.mp3-italia.it\/fr\/"},{"@type":"ListItem","position":2,"name":""},{"@type":"ListItem","position":3,"name":"FBC1 FBC4 FBC7"}]}]}},"_links":{"self":[{"href":"https:\/\/www.mp3-italia.it\/fr\/wp-json\/wp\/v2\/product\/8701"}],"collection":[{"href":"https:\/\/www.mp3-italia.it\/fr\/wp-json\/wp\/v2\/product"}],"about":[{"href":"https:\/\/www.mp3-italia.it\/fr\/wp-json\/wp\/v2\/types\/product"}],"wp:featuredmedia":[{"embeddable":true,"href":"https:\/\/www.mp3-italia.it\/fr\/wp-json\/wp\/v2\/media\/4370"}],"wp:attachment":[{"href":"https:\/\/www.mp3-italia.it\/fr\/wp-json\/wp\/v2\/media?parent=8701"}],"wp:term":[{"taxonomy":"product_cat","embeddable":true,"href":"https:\/\/www.mp3-italia.it\/fr\/wp-json\/wp\/v2\/product_cat?post=8701"},{"taxonomy":"product_tag","embeddable":true,"href":"https:\/\/www.mp3-italia.it\/fr\/wp-json\/wp\/v2\/product_tag?post=8701"}],"curies":[{"name":"wp","href":"https:\/\/api.w.org\/{rel}","templated":true}]}}