{"id":8649,"date":"2021-05-27T11:43:45","date_gmt":"2021-05-27T09:43:45","guid":{"rendered":"https:\/\/www.mp3-italia.it\/products\/non%20class\u00e9\/cl-vcc\/"},"modified":"2021-09-20T12:30:53","modified_gmt":"2021-09-20T10:30:53","slug":"cl-vcc","status":"publish","type":"product","link":"https:\/\/www.mp3-italia.it\/fr\/produits\/regulation-fr\/cl-vcc\/","title":{"rendered":"CL-VCC"},"content":{"rendered":"<p>[et_pb_section fb_built=\u00a0\u00bb1&Prime; admin_label=\u00a0\u00bbINTESTAZIONE\u00a0\u00bb _builder_version=\u00a0\u00bb4.8.0&Prime; _module_preset=\u00a0\u00bbdefault\u00a0\u00bb background_color=\u00a0\u00bb#f9f9f9&Prime; collapsed=\u00a0\u00bbon\u00a0\u00bb][et_pb_row column_structure=\u00a0\u00bb1_3,1_3,1_3&Prime; use_custom_gutter=\u00a0\u00bbon\u00a0\u00bb gutter_width=\u00a0\u00bb2&Prime; make_equal=\u00a0\u00bbon\u00a0\u00bb _builder_version=\u00a0\u00bb4.8.0&Prime; _module_preset=\u00a0\u00bbdefault\u00a0\u00bb width=\u00a0\u00bb90%\u00a0\u00bb max_width=\u00a0\u00bb100%\u00a0\u00bb custom_padding=\u00a0\u00bb0px||0px||true|false\u00a0\u00bb collapsed=\u00a0\u00bbon\u00a0\u00bb][et_pb_column type=\u00a0\u00bb1_3&Prime; module_class=\u00a0\u00bbcentra-verticale\u00a0\u00bb disabled_on=\u00a0\u00bbon|on|off\u00a0\u00bb _builder_version=\u00a0\u00bb4.8.0&Prime; _module_preset=\u00a0\u00bbdefault\u00a0\u00bb custom_padding=\u00a0\u00bb40px||40px||true|false\u00a0\u00bb custom_padding_tablet=\u00a0\u00bb0px||0px||true|false\u00a0\u00bb custom_padding_phone=\u00a0\u00bb\u00a0\u00bb custom_padding_last_edited=\u00a0\u00bbon|desktop\u00a0\u00bb][et_pb_image src=\u00a0\u00bbhttps:\/\/www.mp3-italia.it\/wp-content\/uploads\/2020\/12\/MP3_logo_black_tagline.png\u00a0\u00bb title_text=\u00a0\u00bbMP3_logo_black_tagline\u00a0\u00bb url=\u00a0\u00bb@ET-DC@eyJkeW5hbWljIjp0cnVlLCJjb250ZW50IjoiaG9tZV91cmwiLCJzZXR0aW5ncyI6e319@\u00a0\u00bb disabled_on=\u00a0\u00bboff|off|off\u00a0\u00bb _builder_version=\u00a0\u00bb4.8.0&Prime; _dynamic_attributes=\u00a0\u00bburl\u00a0\u00bb _module_preset=\u00a0\u00bbdefault\u00a0\u00bb width=\u00a0\u00bb150px\u00a0\u00bb][\/et_pb_image][\/et_pb_column][et_pb_column type=\u00a0\u00bb1_3&Prime; module_class=\u00a0\u00bbcentra-verticale\u00a0\u00bb _builder_version=\u00a0\u00bb4.8.0&Prime; _module_preset=\u00a0\u00bbdefault\u00a0\u00bb custom_padding=\u00a0\u00bb|||50px|false|false\u00a0\u00bb border_width_left=\u00a0\u00bb1px\u00a0\u00bb border_color_left=\u00a0\u00bb#e8e8e8&Prime;][et_pb_text _builder_version=\u00a0\u00bb4.8.0&Prime; _dynamic_attributes=\u00a0\u00bbcontent\u00a0\u00bb _module_preset=\u00a0\u00bbdefault\u00a0\u00bb header_font=\u00a0\u00bb|700|||||||\u00a0\u00bb header_text_color=\u00a0\u00bb#0075bf\u00a0\u00bb header_letter_spacing=\u00a0\u00bb1px\u00a0\u00bb custom_margin=\u00a0\u00bb||5px||false|false\u00a0\u00bb custom_padding=\u00a0\u00bb||||false|false\u00a0\u00bb]@ET-DC@eyJkeW5hbWljIjp0cnVlLCJjb250ZW50IjoicG9zdF90YWdzIiwic2V0dGluZ3MiOnsiYmVmb3JlIjoiIiwiYWZ0ZXIiOiIiLCJsaW5rX3RvX3Rlcm1fcGFnZSI6Im9mZiIsInNlcGFyYXRvciI6IiB8ICIsImNhdGVnb3J5X3R5cGUiOiJwcm9kdWN0X3RhZyJ9fQ==@[\/et_pb_text][et_pb_text _builder_version=\u00a0\u00bb4.8.0&Prime; _dynamic_attributes=\u00a0\u00bbcontent\u00a0\u00bb _module_preset=\u00a0\u00bbdefault\u00a0\u00bb text_font=\u00a0\u00bb|700|||||||\u00a0\u00bb text_text_color=\u00a0\u00bb#0075BF\u00a0\u00bb text_font_size=\u00a0\u00bb30px\u00a0\u00bb header_font=\u00a0\u00bb|700|||||||\u00a0\u00bb header_text_color=\u00a0\u00bb#0075bf\u00a0\u00bb header_letter_spacing=\u00a0\u00bb1px\u00a0\u00bb]@ET-DC@eyJkeW5hbWljIjp0cnVlLCJjb250ZW50IjoicG9zdF90aXRsZSIsInNldHRpbmdzIjp7ImJlZm9yZSI6IiIsImFmdGVyIjoiIn19@[\/et_pb_text][\/et_pb_column][et_pb_column type=\u00a0\u00bb1_3&Prime; module_class=\u00a0\u00bbcentra-verticale\u00a0\u00bb _builder_version=\u00a0\u00bb4.8.0&Prime; _module_preset=\u00a0\u00bbdefault\u00a0\u00bb][et_pb_blurb url=\u00a0\u00bb@ET-DC@eyJkeW5hbWljIjp0cnVlLCJjb250ZW50IjoicG9zdF9saW5rX3VybF9wYWdlIiwic2V0dGluZ3MiOnsicG9zdF9pZCI6IjU5NTUifX0=@\u00a0\u00bb image=\u00a0\u00bbhttps:\/\/www.mp3-italia.it\/wp-content\/uploads\/2021\/01\/arrow_-copia.png\u00a0\u00bb icon_placement=\u00a0\u00bbleft\u00a0\u00bb image_max_width=\u00a0\u00bb30px\u00a0\u00bb _builder_version=\u00a0\u00bb4.9.10&Prime; _dynamic_attributes=\u00a0\u00bburl,link_option_url\u00a0\u00bb _module_preset=\u00a0\u00bbdefault\u00a0\u00bb body_line_height=\u00a0\u00bb1.9em\u00a0\u00bb background_enable_color=\u00a0\u00bboff\u00a0\u00bb width=\u00a0\u00bb200px\u00a0\u00bb width_tablet=\u00a0\u00bb200px\u00a0\u00bb width_phone=\u00a0\u00bb\u00a0\u00bb width_last_edited=\u00a0\u00bbon|phone\u00a0\u00bb module_alignment=\u00a0\u00bbright\u00a0\u00bb animation=\u00a0\u00bboff\u00a0\u00bb link_option_url=\u00a0\u00bb@ET-DC@eyJkeW5hbWljIjp0cnVlLCJjb250ZW50IjoicG9zdF9saW5rX3VybF9wYWdlIiwic2V0dGluZ3MiOnsicG9zdF9pZCI6IjU5NTUifX0=@\u00a0\u00bb hover_enabled=\u00a0\u00bb0&Prime; module_alignment_tablet=\u00a0\u00bbleft\u00a0\u00bb module_alignment_phone=\u00a0\u00bb\u00a0\u00bb module_alignment_last_edited=\u00a0\u00bbon|tablet\u00a0\u00bb sticky_enabled=\u00a0\u00bb0&Prime;]<\/p>\n<p>Retour au r\u00e9gulation<\/p>\n<p>[\/et_pb_blurb][\/et_pb_column][\/et_pb_row][\/et_pb_section][et_pb_section fb_built=\u00a0\u00bb1&Prime; admin_label=\u00a0\u00bbPRODOTTO\u00a0\u00bb _builder_version=\u00a0\u00bb4.8.0&Prime; _module_preset=\u00a0\u00bbdefault\u00a0\u00bb][et_pb_row column_structure=\u00a0\u00bb1_2,1_2&Prime; _builder_version=\u00a0\u00bb4.7.7&Prime; _module_preset=\u00a0\u00bbdefault\u00a0\u00bb collapsed=\u00a0\u00bbon\u00a0\u00bb][et_pb_column type=\u00a0\u00bb1_2&Prime; _builder_version=\u00a0\u00bb4.7.7&Prime; _module_preset=\u00a0\u00bbdefault\u00a0\u00bb][et_pb_wc_images show_sale_badge=\u00a0\u00bboff\u00a0\u00bb admin_label=\u00a0\u00bbimg + gallery\u00a0\u00bb _builder_version=\u00a0\u00bb4.8.0&Prime; _module_preset=\u00a0\u00bbdefault\u00a0\u00bb][\/et_pb_wc_images][\/et_pb_column][et_pb_column type=\u00a0\u00bb1_2&Prime; _builder_version=\u00a0\u00bb4.7.7&Prime; _module_preset=\u00a0\u00bbdefault\u00a0\u00bb][et_pb_wc_description description_type=\u00a0\u00bbdescription\u00a0\u00bb admin_label=\u00a0\u00bbDescrizione LUNGA h2&Prime; _builder_version=\u00a0\u00bb4.8.0&Prime; _module_preset=\u00a0\u00bbdefault\u00a0\u00bb][\/et_pb_wc_description][\/et_pb_column][\/et_pb_row][et_pb_row admin_label=\u00a0\u00bb-\u00a0\u00bb _builder_version=\u00a0\u00bb4.8.0&Prime; _module_preset=\u00a0\u00bbdefault\u00a0\u00bb collapsed=\u00a0\u00bbon\u00a0\u00bb][et_pb_column type=\u00a0\u00bb4_4&Prime; _builder_version=\u00a0\u00bb4.7.7&Prime; _module_preset=\u00a0\u00bbdefault\u00a0\u00bb][et_pb_divider color=\u00a0\u00bb#c6c6c6&Prime; divider_position=\u00a0\u00bbcenter\u00a0\u00bb admin_label=\u00a0\u00bb-\u00a0\u00bb _builder_version=\u00a0\u00bb4.8.0&Prime; _module_preset=\u00a0\u00bbdefault\u00a0\u00bb][\/et_pb_divider][\/et_pb_column][\/et_pb_row][et_pb_row admin_label=\u00a0\u00bbDIMENSIONI\u00a0\u00bb _builder_version=\u00a0\u00bb4.8.0&Prime; _module_preset=\u00a0\u00bbdefault\u00a0\u00bb custom_padding=\u00a0\u00bb||0px|||\u00a0\u00bb collapsed=\u00a0\u00bbon\u00a0\u00bb][et_pb_column type=\u00a0\u00bb4_4&Prime; _builder_version=\u00a0\u00bb4.7.7&Prime; _module_preset=\u00a0\u00bbdefault\u00a0\u00bb][et_pb_text admin_label=\u00a0\u00bbDIMENSIONI\u00a0\u00bb _builder_version=\u00a0\u00bb4.8.0&Prime; _module_preset=\u00a0\u00bbdefault\u00a0\u00bb]<\/p>\n<h3>Dimensions<\/h3>\n<p>[\/et_pb_text][\/et_pb_column][\/et_pb_row][et_pb_row _builder_version=\u00a0\u00bb4.8.0&Prime; _module_preset=\u00a0\u00bbdefault\u00a0\u00bb width_tablet=\u00a0\u00bb\u00a0\u00bb width_phone=\u00a0\u00bb95%\u00a0\u00bb width_last_edited=\u00a0\u00bbon|phone\u00a0\u00bb max_width_tablet=\u00a0\u00bb\u00a0\u00bb max_width_phone=\u00a0\u00bb100%\u00a0\u00bb max_width_last_edited=\u00a0\u00bbon|phone\u00a0\u00bb][et_pb_column type=\u00a0\u00bb4_4&Prime; _builder_version=\u00a0\u00bb4.7.7&Prime; _module_preset=\u00a0\u00bbdefault\u00a0\u00bb][et_pb_toggle title=\u00a0\u00bbS\u00e9rie CL-VCC \u00a0\u00bb admin_label=\u00a0\u00bbSerie\u00a0\u00bb _builder_version=\u00a0\u00bb4.9.10&Prime; _module_preset=\u00a0\u00bbdefault\u00a0\u00bb hover_enabled=\u00a0\u00bb0&Prime; sticky_enabled=\u00a0\u00bb0&Prime;]<\/p>\n<p><a href=\"https:\/\/www.mp3-italia.it\/wp-content\/uploads\/2021\/05\/CL-VCC-dim1.jpg\"><img loading=\"lazy\" class=\"aligncenter wp-image-6572 size-full\" src=\"https:\/\/www.mp3-italia.it\/wp-content\/uploads\/2021\/05\/CL-VCC-dim1.jpg\" alt=\"CL-VCC\" width=\"1080\" height=\"832\" srcset=\"https:\/\/www.mp3-italia.it\/wp-content\/uploads\/2021\/05\/CL-VCC-dim1.jpg 1080w, https:\/\/www.mp3-italia.it\/wp-content\/uploads\/2021\/05\/CL-VCC-dim1-980x755.jpg 980w, https:\/\/www.mp3-italia.it\/wp-content\/uploads\/2021\/05\/CL-VCC-dim1-480x370.jpg 480w\" sizes=\"(min-width: 0px) and (max-width: 480px) 480px, (min-width: 481px) and (max-width: 980px) 980px, (min-width: 981px) 1080px, 100vw\" \/><\/a><\/p>\n<div id=\"footable_parent_6578\"\n     class=\"footable_parent ninja_table_wrapper loading_ninja_table wp_table_data_press_parent semantic_ui \">\n                <table data-ninja_table_instance=\"ninja_table_instance_0\" data-footable_id=&quot;6578&quot; data-filter-delay=&quot;1000&quot; aria-label=&quot;CL-VCC&quot;            id=\"footable_6578\"\n           data-unique_identifier=\"ninja_table_unique_id_231852501_6578\"\n           class=\" foo-table ninja_footable foo_table_6578 ninja_table_unique_id_231852501_6578 ui table  nt_type_ajax_table selectable celled striped compact vertical_centered  footable-paging-right ninja_table_search_disabled\">\n                <colgroup>\n                            <col class=\"ninja_column_0 \">\n                            <col class=\"ninja_column_1 \">\n                            <col class=\"ninja_column_2 \">\n                            <col class=\"ninja_column_3 \">\n                            <col class=\"ninja_column_4 \">\n                    <\/colgroup>\n            <\/table>\n    <style id=\"ninja_table_custom_css_6578\" type=\"text\/css\">\n    #footable_6578  {\n        font-family: system-ui !important;\n        font-size: 14px !important;\n    }\n\n\n<\/style>\n\n    \n    \n<\/div>\n\n<div id=\"footable_parent_6577\"\n     class=\"footable_parent ninja_table_wrapper loading_ninja_table wp_table_data_press_parent semantic_ui \">\n                <table data-ninja_table_instance=\"ninja_table_instance_1\" data-footable_id=&quot;6577&quot; data-filter-delay=&quot;1000&quot; aria-label=&quot;CL-VCC&quot;            id=\"footable_6577\"\n           data-unique_identifier=\"ninja_table_unique_id_1478695026_6577\"\n           class=\" foo-table ninja_footable foo_table_6577 ninja_table_unique_id_1478695026_6577 ui table  nt_type_ajax_table selectable celled striped compact vertical_centered  footable-paging-right ninja_table_search_disabled\">\n                <colgroup>\n                            <col class=\"ninja_column_0 \">\n                            <col class=\"ninja_column_1 \">\n                            <col class=\"ninja_column_2 \">\n                            <col class=\"ninja_column_3 \">\n                            <col class=\"ninja_column_4 \">\n                            <col class=\"ninja_column_5 \">\n                            <col class=\"ninja_column_6 \">\n                    <\/colgroup>\n            <\/table>\n    <style id=\"ninja_table_custom_css_6578\" type=\"text\/css\">\n    #footable_6578  {\n        font-family: system-ui !important;\n        font-size: 14px !important;\n    }\n\n\n<\/style>\n<style id=\"ninja_table_custom_css_6577\" type=\"text\/css\">\n    #footable_6577  {\n        font-family: system-ui !important;\n        font-size: 14px !important;\n    }\n\n\n<\/style>\n\n    \n    \n<\/div>\n\n<p>[\/et_pb_toggle][\/et_pb_column][\/et_pb_row][et_pb_row admin_label=\u00a0\u00bb-\u00a0\u00bb _builder_version=\u00a0\u00bb4.8.0&Prime; _module_preset=\u00a0\u00bbdefault\u00a0\u00bb collapsed=\u00a0\u00bbon\u00a0\u00bb][et_pb_column type=\u00a0\u00bb4_4&Prime; _builder_version=\u00a0\u00bb4.7.7&Prime; _module_preset=\u00a0\u00bbdefault\u00a0\u00bb][et_pb_divider color=\u00a0\u00bb#c6c6c6&Prime; divider_position=\u00a0\u00bbcenter\u00a0\u00bb admin_label=\u00a0\u00bb-\u00a0\u00bb _builder_version=\u00a0\u00bb4.8.0&Prime; _module_preset=\u00a0\u00bbdefault\u00a0\u00bb][\/et_pb_divider][\/et_pb_column][\/et_pb_row][et_pb_row admin_label=\u00a0\u00bbTechnical Catalog\u00a0\u00bb _builder_version=\u00a0\u00bb4.8.0&Prime; _module_preset=\u00a0\u00bbdefault\u00a0\u00bb][et_pb_column type=\u00a0\u00bb4_4&Prime; _builder_version=\u00a0\u00bb4.7.7&Prime; _module_preset=\u00a0\u00bbdefault\u00a0\u00bb][et_pb_text admin_label=\u00a0\u00bbTechnical Catalog\u00a0\u00bb _builder_version=\u00a0\u00bb4.9.10&Prime; _module_preset=\u00a0\u00bbdefault\u00a0\u00bb hover_enabled=\u00a0\u00bb0&Prime; sticky_enabled=\u00a0\u00bb0&Prime;]<\/p>\n<h3>Catalogue technique<\/h3>\n<p>[\/et_pb_text][et_pb_blurb title=\u00a0\u00bbCL-VCC\u00a0\u00bb url=\u00a0\u00bb\/wp-content\/uploads\/2021\/05\/tech_CL-VCC_CL-VCL.pdf\u00a0\u00bb url_new_window=\u00a0\u00bbon\u00a0\u00bb use_icon=\u00a0\u00bbon\u00a0\u00bb font_icon=\u00a0\u00bb%%72%%\u00a0\u00bb icon_color=\u00a0\u00bb#0075bf\u00a0\u00bb icon_placement=\u00a0\u00bbleft\u00a0\u00bb content_max_width=\u00a0\u00bb100%\u00a0\u00bb _builder_version=\u00a0\u00bb4.9.10&Prime; _module_preset=\u00a0\u00bbdefault\u00a0\u00bb header_text_color=\u00a0\u00bb#0075bf\u00a0\u00bb header_line_height=\u00a0\u00bb1.5em\u00a0\u00bb module_alignment=\u00a0\u00bbleft\u00a0\u00bb link_option_url=\u00a0\u00bb\/wp-content\/uploads\/2021\/05\/tech_CL-VCC_CL-VCL.pdf\u00a0\u00bb link_option_url_new_window=\u00a0\u00bbon\u00a0\u00bb][\/et_pb_blurb][\/et_pb_column][\/et_pb_row][\/et_pb_section]<\/p>\n","protected":false},"excerpt":{"rendered":"<p>Single and double deflection grilles<\/p>\n","protected":false},"featured_media":6580,"template":"","meta":{"_et_pb_use_builder":"on","_et_pb_old_content":"<blockquote>Les r\u00e9gulateurs de d\u00e9bit variable de la s\u00e9rie CL-VCC sont des unit\u00e9s de r\u00e9gulation terminale du d\u00e9bit d'air. Les unit\u00e9s sont dot\u00e9es de silencieux tr\u00e8s compact pour une utilisation dans des syst\u00e8mes \u00e0 conduit unique avec une plage de fonctionnement comprise entre 20 et 1\u00a0500\u00a0Pa.\r\nCes r\u00e9gulateurs sont utilis\u00e9s pour contr\u00f4ler et maintenir la quantit\u00e9 d'air dans les syst\u00e8mes \u00e0 d\u00e9bit d'air variable. La fermeture compl\u00e8te a \u00e9t\u00e9 test\u00e9e selon les normes EN 1751-EN 1886.<\/blockquote>\r\n<h2>Donn\u00e9es techniques<\/h2>\r\nLes r\u00e9gulateurs de type CL-VCC sont compos\u00e9s de\u00a0:\r\n<ul>\r\n \t<li>une enveloppe en acier galvanis\u00e9 avec des pattes perfor\u00e9es pour la fixation par tige de descente ou par c\u00e2ble<\/li>\r\n \t<li>un trou d'entr\u00e9e circulaire du c\u00f4t\u00e9 haute vitesse avec une sonde de mesure du \u0394p dynamique pour mesurer et maintenir le d\u00e9bit d'air par rapport aux niveaux requis<\/li>\r\n \t<li>sortie rectangulaire du c\u00f4t\u00e9 basse vitesse<\/li>\r\n \t<li>section silencieux tr\u00e8s compacte avec mat\u00e9riau r\u00e9ducteur de bruit en laine de roche recouvert de velours noir, avec une norme de feu M0<\/li>\r\n \t<li>registre de r\u00e9gulation circulaire en acier galvanis\u00e9 avec joints d'\u00e9tanch\u00e9it\u00e9<\/li>\r\n \t<li>r\u00e9gulateur motoris\u00e9 align\u00e9 pour la r\u00e9gulation et le contr\u00f4le du d\u00e9bit d'air<\/li>\r\n<\/ul>\r\nLors de la commande, il faut indiquer les valeurs maximum et minimum du d\u00e9bit d'air pour calibrer correctement le r\u00e9gulateur","_et_gb_content_width":""},"product_cat":[148],"product_tag":[165],"yoast_head":"<!-- This site is optimized with the Yoast SEO Premium plugin v16.1 (Yoast SEO v18.0) - https:\/\/yoast.com\/wordpress\/plugins\/seo\/ -->\n<title>CL-VCC - MP3<\/title>\n<meta name=\"robots\" content=\"index, follow, max-snippet:-1, max-image-preview:large, max-video-preview:-1\" \/>\n<link rel=\"canonical\" href=\"https:\/\/www.mp3-italia.it\/produits\/regulation\/cl-vcc\/\" \/>\n<meta property=\"og:locale\" content=\"fr_FR\" \/>\n<meta property=\"og:type\" content=\"article\" \/>\n<meta property=\"og:title\" content=\"CL-VCC - MP3\" \/>\n<meta property=\"og:description\" content=\"Single and double deflection grilles\" \/>\n<meta property=\"og:url\" content=\"https:\/\/www.mp3-italia.it\/produits\/regulation\/cl-vcc\/\" \/>\n<meta property=\"og:site_name\" content=\"MP3\" \/>\n<meta property=\"article:publisher\" content=\"https:\/\/www.facebook.com\/mp3italia\/\" \/>\n<meta property=\"article:modified_time\" content=\"2021-09-20T10:30:53+00:00\" \/>\n<meta property=\"og:image\" content=\"https:\/\/www.mp3-italia.it\/wp-content\/uploads\/2021\/05\/CL-VCC.jpg\" \/>\n\t<meta property=\"og:image:width\" content=\"1080\" \/>\n\t<meta property=\"og:image:height\" content=\"1080\" \/>\n\t<meta property=\"og:image:type\" content=\"image\/jpeg\" \/>\n<meta name=\"twitter:card\" content=\"summary_large_image\" \/>\n<meta name=\"twitter:site\" content=\"@MP3airsolutions\" \/>\n<meta name=\"twitter:label1\" content=\"Dur\u00e9e de lecture estim\u00e9e\" \/>\n\t<meta name=\"twitter:data1\" content=\"4 minutes\" \/>\n<script type=\"application\/ld+json\" class=\"yoast-schema-graph\">{\"@context\":\"https:\/\/schema.org\",\"@graph\":[{\"@type\":\"Organization\",\"@id\":\"https:\/\/www.mp3-italia.it\/#organization\",\"name\":\"MP3 Italia\",\"url\":\"https:\/\/www.mp3-italia.it\/\",\"sameAs\":[\"https:\/\/www.facebook.com\/mp3italia\/\",\"https:\/\/www.linkedin.com\/company\/mp3-air-solutions\/\",\"https:\/\/www.youtube.com\/user\/MP3AirSolutions\/videos\",\"https:\/\/twitter.com\/MP3airsolutions\"],\"logo\":{\"@type\":\"ImageObject\",\"@id\":\"https:\/\/www.mp3-italia.it\/#logo\",\"inLanguage\":\"fr-FR\",\"url\":\"https:\/\/www.mp3-italia.it\/wp-content\/uploads\/2020\/12\/MP3_logo_black_tagline.png\",\"contentUrl\":\"https:\/\/www.mp3-italia.it\/wp-content\/uploads\/2020\/12\/MP3_logo_black_tagline.png\",\"width\":507,\"height\":200,\"caption\":\"MP3 Italia\"},\"image\":{\"@id\":\"https:\/\/www.mp3-italia.it\/#logo\"}},{\"@type\":\"WebSite\",\"@id\":\"https:\/\/www.mp3-italia.it\/#website\",\"url\":\"https:\/\/www.mp3-italia.it\/\",\"name\":\"MP3\",\"description\":\"Protect People, with Passione\",\"publisher\":{\"@id\":\"https:\/\/www.mp3-italia.it\/#organization\"},\"potentialAction\":[{\"@type\":\"SearchAction\",\"target\":{\"@type\":\"EntryPoint\",\"urlTemplate\":\"https:\/\/www.mp3-italia.it\/?s={search_term_string}\"},\"query-input\":\"required name=search_term_string\"}],\"inLanguage\":\"fr-FR\"},{\"@type\":\"ImageObject\",\"@id\":\"https:\/\/www.mp3-italia.it\/produits\/regulation\/cl-vcc\/#primaryimage\",\"inLanguage\":\"fr-FR\",\"url\":\"https:\/\/www.mp3-italia.it\/wp-content\/uploads\/2021\/05\/CL-VCC.jpg\",\"contentUrl\":\"https:\/\/www.mp3-italia.it\/wp-content\/uploads\/2021\/05\/CL-VCC.jpg\",\"width\":1080,\"height\":1080,\"caption\":\"CL-VCC\"},{\"@type\":\"WebPage\",\"@id\":\"https:\/\/www.mp3-italia.it\/produits\/regulation\/cl-vcc\/#webpage\",\"url\":\"https:\/\/www.mp3-italia.it\/produits\/regulation\/cl-vcc\/\",\"name\":\"CL-VCC - MP3\",\"isPartOf\":{\"@id\":\"https:\/\/www.mp3-italia.it\/#website\"},\"primaryImageOfPage\":{\"@id\":\"https:\/\/www.mp3-italia.it\/produits\/regulation\/cl-vcc\/#primaryimage\"},\"datePublished\":\"2021-05-27T09:43:45+00:00\",\"dateModified\":\"2021-09-20T10:30:53+00:00\",\"breadcrumb\":{\"@id\":\"https:\/\/www.mp3-italia.it\/produits\/regulation\/cl-vcc\/#breadcrumb\"},\"inLanguage\":\"fr-FR\",\"potentialAction\":[{\"@type\":\"ReadAction\",\"target\":[\"https:\/\/www.mp3-italia.it\/produits\/regulation\/cl-vcc\/\"]}]},{\"@type\":\"BreadcrumbList\",\"@id\":\"https:\/\/www.mp3-italia.it\/produits\/regulation\/cl-vcc\/#breadcrumb\",\"itemListElement\":[{\"@type\":\"ListItem\",\"position\":1,\"name\":\"Home\",\"item\":\"https:\/\/www.mp3-italia.it\/fr\/\"},{\"@type\":\"ListItem\",\"position\":2,\"name\":\"\"},{\"@type\":\"ListItem\",\"position\":3,\"name\":\"CL-VCC\"}]}]}<\/script>\n<!-- \/ Yoast SEO Premium plugin. -->","yoast_head_json":{"title":"CL-VCC - MP3","robots":{"index":"index","follow":"follow","max-snippet":"max-snippet:-1","max-image-preview":"max-image-preview:large","max-video-preview":"max-video-preview:-1"},"canonical":"https:\/\/www.mp3-italia.it\/produits\/regulation\/cl-vcc\/","og_locale":"fr_FR","og_type":"article","og_title":"CL-VCC - MP3","og_description":"Single and double deflection grilles","og_url":"https:\/\/www.mp3-italia.it\/produits\/regulation\/cl-vcc\/","og_site_name":"MP3","article_publisher":"https:\/\/www.facebook.com\/mp3italia\/","article_modified_time":"2021-09-20T10:30:53+00:00","og_image":[{"width":1080,"height":1080,"url":"https:\/\/www.mp3-italia.it\/wp-content\/uploads\/2021\/05\/CL-VCC.jpg","type":"image\/jpeg"}],"twitter_card":"summary_large_image","twitter_site":"@MP3airsolutions","twitter_misc":{"Dur\u00e9e de lecture estim\u00e9e":"4 minutes"},"schema":{"@context":"https:\/\/schema.org","@graph":[{"@type":"Organization","@id":"https:\/\/www.mp3-italia.it\/#organization","name":"MP3 Italia","url":"https:\/\/www.mp3-italia.it\/","sameAs":["https:\/\/www.facebook.com\/mp3italia\/","https:\/\/www.linkedin.com\/company\/mp3-air-solutions\/","https:\/\/www.youtube.com\/user\/MP3AirSolutions\/videos","https:\/\/twitter.com\/MP3airsolutions"],"logo":{"@type":"ImageObject","@id":"https:\/\/www.mp3-italia.it\/#logo","inLanguage":"fr-FR","url":"https:\/\/www.mp3-italia.it\/wp-content\/uploads\/2020\/12\/MP3_logo_black_tagline.png","contentUrl":"https:\/\/www.mp3-italia.it\/wp-content\/uploads\/2020\/12\/MP3_logo_black_tagline.png","width":507,"height":200,"caption":"MP3 Italia"},"image":{"@id":"https:\/\/www.mp3-italia.it\/#logo"}},{"@type":"WebSite","@id":"https:\/\/www.mp3-italia.it\/#website","url":"https:\/\/www.mp3-italia.it\/","name":"MP3","description":"Protect People, with Passione","publisher":{"@id":"https:\/\/www.mp3-italia.it\/#organization"},"potentialAction":[{"@type":"SearchAction","target":{"@type":"EntryPoint","urlTemplate":"https:\/\/www.mp3-italia.it\/?s={search_term_string}"},"query-input":"required name=search_term_string"}],"inLanguage":"fr-FR"},{"@type":"ImageObject","@id":"https:\/\/www.mp3-italia.it\/produits\/regulation\/cl-vcc\/#primaryimage","inLanguage":"fr-FR","url":"https:\/\/www.mp3-italia.it\/wp-content\/uploads\/2021\/05\/CL-VCC.jpg","contentUrl":"https:\/\/www.mp3-italia.it\/wp-content\/uploads\/2021\/05\/CL-VCC.jpg","width":1080,"height":1080,"caption":"CL-VCC"},{"@type":"WebPage","@id":"https:\/\/www.mp3-italia.it\/produits\/regulation\/cl-vcc\/#webpage","url":"https:\/\/www.mp3-italia.it\/produits\/regulation\/cl-vcc\/","name":"CL-VCC - MP3","isPartOf":{"@id":"https:\/\/www.mp3-italia.it\/#website"},"primaryImageOfPage":{"@id":"https:\/\/www.mp3-italia.it\/produits\/regulation\/cl-vcc\/#primaryimage"},"datePublished":"2021-05-27T09:43:45+00:00","dateModified":"2021-09-20T10:30:53+00:00","breadcrumb":{"@id":"https:\/\/www.mp3-italia.it\/produits\/regulation\/cl-vcc\/#breadcrumb"},"inLanguage":"fr-FR","potentialAction":[{"@type":"ReadAction","target":["https:\/\/www.mp3-italia.it\/produits\/regulation\/cl-vcc\/"]}]},{"@type":"BreadcrumbList","@id":"https:\/\/www.mp3-italia.it\/produits\/regulation\/cl-vcc\/#breadcrumb","itemListElement":[{"@type":"ListItem","position":1,"name":"Home","item":"https:\/\/www.mp3-italia.it\/fr\/"},{"@type":"ListItem","position":2,"name":""},{"@type":"ListItem","position":3,"name":"CL-VCC"}]}]}},"_links":{"self":[{"href":"https:\/\/www.mp3-italia.it\/fr\/wp-json\/wp\/v2\/product\/8649"}],"collection":[{"href":"https:\/\/www.mp3-italia.it\/fr\/wp-json\/wp\/v2\/product"}],"about":[{"href":"https:\/\/www.mp3-italia.it\/fr\/wp-json\/wp\/v2\/types\/product"}],"wp:featuredmedia":[{"embeddable":true,"href":"https:\/\/www.mp3-italia.it\/fr\/wp-json\/wp\/v2\/media\/6580"}],"wp:attachment":[{"href":"https:\/\/www.mp3-italia.it\/fr\/wp-json\/wp\/v2\/media?parent=8649"}],"wp:term":[{"taxonomy":"product_cat","embeddable":true,"href":"https:\/\/www.mp3-italia.it\/fr\/wp-json\/wp\/v2\/product_cat?post=8649"},{"taxonomy":"product_tag","embeddable":true,"href":"https:\/\/www.mp3-italia.it\/fr\/wp-json\/wp\/v2\/product_tag?post=8649"}],"curies":[{"name":"wp","href":"https:\/\/api.w.org\/{rel}","templated":true}]}}