{"id":8240,"date":"2021-03-16T12:42:59","date_gmt":"2021-03-16T11:42:59","guid":{"rendered":"https:\/\/www.mp3-italia.it\/products\/non%20class\u00e9\/kn-rectangular\/"},"modified":"2025-07-17T17:31:59","modified_gmt":"2025-07-17T15:31:59","slug":"kn-rectangulaire","status":"publish","type":"product","link":"https:\/\/www.mp3-italia.it\/fr\/produits\/diffusion-fr\/kn-rectangulaire\/","title":{"rendered":"KN rectangulaire"},"content":{"rendered":"<p>[et_pb_section fb_built=\u00a0\u00bb1&Prime; admin_label=\u00a0\u00bbtestata\u00a0\u00bb _builder_version=\u00a0\u00bb4.8.0&Prime; _module_preset=\u00a0\u00bbdefault\u00a0\u00bb background_color=\u00a0\u00bb#f9f9f9&Prime; collapsed=\u00a0\u00bbon\u00a0\u00bb global_colors_info=\u00a0\u00bb{}\u00a0\u00bb][et_pb_row column_structure=\u00a0\u00bb1_3,1_3,1_3&Prime; use_custom_gutter=\u00a0\u00bbon\u00a0\u00bb gutter_width=\u00a0\u00bb2&Prime; make_equal=\u00a0\u00bbon\u00a0\u00bb _builder_version=\u00a0\u00bb4.8.0&Prime; _module_preset=\u00a0\u00bbdefault\u00a0\u00bb width=\u00a0\u00bb90%\u00a0\u00bb max_width=\u00a0\u00bb100%\u00a0\u00bb custom_padding=\u00a0\u00bb0px||0px||true|false\u00a0\u00bb global_colors_info=\u00a0\u00bb{}\u00a0\u00bb][et_pb_column type=\u00a0\u00bb1_3&Prime; module_class=\u00a0\u00bbcentra-verticale\u00a0\u00bb disabled_on=\u00a0\u00bbon|on|off\u00a0\u00bb _builder_version=\u00a0\u00bb4.8.0&Prime; _module_preset=\u00a0\u00bbdefault\u00a0\u00bb custom_padding=\u00a0\u00bb40px||40px||true|false\u00a0\u00bb custom_padding_tablet=\u00a0\u00bb0px||0px||true|false\u00a0\u00bb custom_padding_phone=\u00a0\u00bb\u00a0\u00bb custom_padding_last_edited=\u00a0\u00bbon|desktop\u00a0\u00bb global_colors_info=\u00a0\u00bb{}\u00a0\u00bb][et_pb_image src=\u00a0\u00bbhttps:\/\/www.mp3-italia.it\/wp-content\/uploads\/2020\/12\/MP3_logo_black_tagline.png\u00a0\u00bb title_text=\u00a0\u00bbMP3_logo_black_tagline\u00a0\u00bb url=\u00a0\u00bb@ET-DC@eyJkeW5hbWljIjp0cnVlLCJjb250ZW50IjoiaG9tZV91cmwiLCJzZXR0aW5ncyI6e319@\u00a0\u00bb disabled_on=\u00a0\u00bboff|off|off\u00a0\u00bb _builder_version=\u00a0\u00bb4.8.0&Prime; _dynamic_attributes=\u00a0\u00bburl\u00a0\u00bb _module_preset=\u00a0\u00bbdefault\u00a0\u00bb width=\u00a0\u00bb150px\u00a0\u00bb global_colors_info=\u00a0\u00bb{}\u00a0\u00bb][\/et_pb_image][\/et_pb_column][et_pb_column type=\u00a0\u00bb1_3&Prime; module_class=\u00a0\u00bbcentra-verticale\u00a0\u00bb _builder_version=\u00a0\u00bb4.8.0&Prime; _module_preset=\u00a0\u00bbdefault\u00a0\u00bb custom_padding=\u00a0\u00bb|||50px|false|false\u00a0\u00bb border_width_left=\u00a0\u00bb1px\u00a0\u00bb border_color_left=\u00a0\u00bb#e8e8e8&Prime; global_colors_info=\u00a0\u00bb{}\u00a0\u00bb][et_pb_text _builder_version=\u00a0\u00bb4.8.0&Prime; _dynamic_attributes=\u00a0\u00bbcontent\u00a0\u00bb _module_preset=\u00a0\u00bbdefault\u00a0\u00bb header_font=\u00a0\u00bb|700|||||||\u00a0\u00bb header_text_color=\u00a0\u00bb#0075bf\u00a0\u00bb header_letter_spacing=\u00a0\u00bb1px\u00a0\u00bb custom_margin=\u00a0\u00bb||5px||false|false\u00a0\u00bb custom_padding=\u00a0\u00bb||||false|false\u00a0\u00bb global_colors_info=\u00a0\u00bb{}\u00a0\u00bb]@ET-DC@eyJkeW5hbWljIjp0cnVlLCJjb250ZW50IjoicG9zdF90YWdzIiwic2V0dGluZ3MiOnsiYmVmb3JlIjoiIiwiYWZ0ZXIiOiIiLCJsaW5rX3RvX3Rlcm1fcGFnZSI6Im9mZiIsInNlcGFyYXRvciI6IiB8ICIsImNhdGVnb3J5X3R5cGUiOiJwcm9kdWN0X3RhZyJ9fQ==@[\/et_pb_text][et_pb_text _builder_version=\u00a0\u00bb4.8.0&Prime; _dynamic_attributes=\u00a0\u00bbcontent\u00a0\u00bb _module_preset=\u00a0\u00bbdefault\u00a0\u00bb text_font=\u00a0\u00bb|700|||||||\u00a0\u00bb text_text_color=\u00a0\u00bb#0075BF\u00a0\u00bb text_font_size=\u00a0\u00bb30px\u00a0\u00bb header_font=\u00a0\u00bb|700|||||||\u00a0\u00bb header_text_color=\u00a0\u00bb#0075bf\u00a0\u00bb header_letter_spacing=\u00a0\u00bb1px\u00a0\u00bb global_colors_info=\u00a0\u00bb{}\u00a0\u00bb]@ET-DC@eyJkeW5hbWljIjp0cnVlLCJjb250ZW50IjoicG9zdF90aXRsZSIsInNldHRpbmdzIjp7ImJlZm9yZSI6IiIsImFmdGVyIjoiIn19@[\/et_pb_text][\/et_pb_column][et_pb_column type=\u00a0\u00bb1_3&Prime; module_class=\u00a0\u00bbcentra-verticale\u00a0\u00bb _builder_version=\u00a0\u00bb4.8.0&Prime; _module_preset=\u00a0\u00bbdefault\u00a0\u00bb global_colors_info=\u00a0\u00bb{}\u00a0\u00bb][et_pb_blurb url=\u00a0\u00bb@ET-DC@eyJkeW5hbWljIjp0cnVlLCJjb250ZW50IjoicG9zdF9saW5rX3VybF9wYWdlIiwic2V0dGluZ3MiOnsicG9zdF9pZCI6IjE1MSJ9fQ==@\u00a0\u00bb image=\u00a0\u00bbhttps:\/\/www.mp3-italia.it\/wp-content\/uploads\/2021\/01\/arrow_-copia.png\u00a0\u00bb icon_placement=\u00a0\u00bbleft\u00a0\u00bb image_icon_width=\u00a0\u00bb30px\u00a0\u00bb _builder_version=\u00a0\u00bb4.13.0&Prime; _dynamic_attributes=\u00a0\u00bburl,link_option_url\u00a0\u00bb _module_preset=\u00a0\u00bbdefault\u00a0\u00bb body_line_height=\u00a0\u00bb1.9em\u00a0\u00bb background_enable_color=\u00a0\u00bboff\u00a0\u00bb width=\u00a0\u00bb200px\u00a0\u00bb width_tablet=\u00a0\u00bb200px\u00a0\u00bb width_phone=\u00a0\u00bb\u00a0\u00bb width_last_edited=\u00a0\u00bbon|phone\u00a0\u00bb module_alignment=\u00a0\u00bbright\u00a0\u00bb animation=\u00a0\u00bboff\u00a0\u00bb link_option_url=\u00a0\u00bb@ET-DC@eyJkeW5hbWljIjp0cnVlLCJjb250ZW50IjoicG9zdF9saW5rX3VybF9wYWdlIiwic2V0dGluZ3MiOnsicG9zdF9pZCI6IjE1MSJ9fQ==@\u00a0\u00bb module_alignment_tablet=\u00a0\u00bbleft\u00a0\u00bb module_alignment_phone=\u00a0\u00bb\u00a0\u00bb module_alignment_last_edited=\u00a0\u00bbon|tablet\u00a0\u00bb image_max_width=\u00a0\u00bb30px\u00a0\u00bb global_colors_info=\u00a0\u00bb{}\u00a0\u00bb]<\/p>\n<p>Retour \u00e0 Diffusion<\/p>\n<p>[\/et_pb_blurb][\/et_pb_column][\/et_pb_row][\/et_pb_section][et_pb_section fb_built=\u00a0\u00bb1&Prime; admin_label=\u00a0\u00bbprodotto\u00a0\u00bb _builder_version=\u00a0\u00bb4.8.0&Prime; _module_preset=\u00a0\u00bbdefault\u00a0\u00bb global_colors_info=\u00a0\u00bb{}\u00a0\u00bb][et_pb_row column_structure=\u00a0\u00bb1_2,1_2&Prime; admin_label=\u00a0\u00bbimg + descrizione\u00a0\u00bb _builder_version=\u00a0\u00bb4.8.0&Prime; _module_preset=\u00a0\u00bbdefault\u00a0\u00bb collapsed=\u00a0\u00bbon\u00a0\u00bb global_colors_info=\u00a0\u00bb{}\u00a0\u00bb][et_pb_column type=\u00a0\u00bb1_2&Prime; _builder_version=\u00a0\u00bb4.7.7&Prime; _module_preset=\u00a0\u00bbdefault\u00a0\u00bb global_colors_info=\u00a0\u00bb{}\u00a0\u00bb][et_pb_wc_images show_sale_badge=\u00a0\u00bboff\u00a0\u00bb _builder_version=\u00a0\u00bb4.8.0&Prime; _module_preset=\u00a0\u00bbdefault\u00a0\u00bb global_colors_info=\u00a0\u00bb{}\u00a0\u00bb][\/et_pb_wc_images][\/et_pb_column][et_pb_column type=\u00a0\u00bb1_2&Prime; _builder_version=\u00a0\u00bb4.7.7&Prime; _module_preset=\u00a0\u00bbdefault\u00a0\u00bb global_colors_info=\u00a0\u00bb{}\u00a0\u00bb][et_pb_wc_description description_type=\u00a0\u00bbdescription\u00a0\u00bb _builder_version=\u00a0\u00bb4.8.0&Prime; _module_preset=\u00a0\u00bbdefault\u00a0\u00bb global_colors_info=\u00a0\u00bb{}\u00a0\u00bb][\/et_pb_wc_description][\/et_pb_column][\/et_pb_row][et_pb_row admin_label=\u00a0\u00bb-\u00a0\u00bb _builder_version=\u00a0\u00bb4.8.0&Prime; _module_preset=\u00a0\u00bbdefault\u00a0\u00bb collapsed=\u00a0\u00bbon\u00a0\u00bb global_colors_info=\u00a0\u00bb{}\u00a0\u00bb][et_pb_column type=\u00a0\u00bb4_4&Prime; _builder_version=\u00a0\u00bb4.7.7&Prime; _module_preset=\u00a0\u00bbdefault\u00a0\u00bb global_colors_info=\u00a0\u00bb{}\u00a0\u00bb][et_pb_divider color=\u00a0\u00bb#c6c6c6&Prime; divider_position=\u00a0\u00bbcenter\u00a0\u00bb _builder_version=\u00a0\u00bb4.7.7&Prime; _module_preset=\u00a0\u00bbdefault\u00a0\u00bb global_colors_info=\u00a0\u00bb{}\u00a0\u00bb][\/et_pb_divider][et_pb_text admin_label=\u00a0\u00bbDimensions\u00a0\u00bb _builder_version=\u00a0\u00bb4.10.8&Prime; _module_preset=\u00a0\u00bbdefault\u00a0\u00bb global_colors_info=\u00a0\u00bb{}\u00a0\u00bb]<\/p>\n<h3>Information<\/h3>\n<p>[\/et_pb_text][\/et_pb_column][\/et_pb_row][et_pb_row column_structure=\u00a0\u00bb1_6,1_6,1_6,1_6,1_6,1_6&Prime; use_custom_gutter=\u00a0\u00bbon\u00a0\u00bb gutter_width=\u00a0\u00bb2&Prime; _builder_version=\u00a0\u00bb4.10.8&Prime; _module_preset=\u00a0\u00bbdefault\u00a0\u00bb global_colors_info=\u00a0\u00bb{}\u00a0\u00bb][et_pb_column type=\u00a0\u00bb1_6&Prime; _builder_version=\u00a0\u00bb4.10.8&Prime; _module_preset=\u00a0\u00bbdefault\u00a0\u00bb global_colors_info=\u00a0\u00bb{}\u00a0\u00bb][et_pb_blurb title=\u00a0\u00bbCatalogue\u00a0\u00bb url=\u00a0\u00bbhttps:\/\/www.mp3-italia.it\/wp-content\/uploads\/2025\/07\/KN_R_ENG_25_00.pdf\u00a0\u00bb url_new_window=\u00a0\u00bbon\u00a0\u00bb use_icon=\u00a0\u00bbon\u00a0\u00bb font_icon=\u00a0\u00bb&#x69;||divi||400&Prime; icon_color=\u00a0\u00bb#0075bf\u00a0\u00bb icon_placement=\u00a0\u00bbleft\u00a0\u00bb content_max_width=\u00a0\u00bb100%\u00a0\u00bb admin_label=\u00a0\u00bbtechnical catalog\u00a0\u00bb _builder_version=\u00a0\u00bb4.14.7&Prime; _module_preset=\u00a0\u00bbdefault\u00a0\u00bb header_text_color=\u00a0\u00bb#0075bf\u00a0\u00bb header_line_height=\u00a0\u00bb1.5em\u00a0\u00bb module_alignment=\u00a0\u00bbleft\u00a0\u00bb link_option_url=\u00a0\u00bbhttps:\/\/www.mp3-italia.it\/wp-content\/uploads\/2025\/07\/KN_R_ENG_25_00.pdf\u00a0\u00bb link_option_url_new_window=\u00a0\u00bbon\u00a0\u00bb hover_enabled=\u00a0\u00bb0&Prime; global_colors_info=\u00a0\u00bb{}\u00a0\u00bb sticky_enabled=\u00a0\u00bb0&Prime;][\/et_pb_blurb][\/et_pb_column][et_pb_column type=\u00a0\u00bb1_6&Prime; _builder_version=\u00a0\u00bb4.10.8&Prime; _module_preset=\u00a0\u00bbdefault\u00a0\u00bb global_colors_info=\u00a0\u00bb{}\u00a0\u00bb][\/et_pb_column][et_pb_column type=\u00a0\u00bb1_6&Prime; _builder_version=\u00a0\u00bb4.10.8&Prime; _module_preset=\u00a0\u00bbdefault\u00a0\u00bb global_colors_info=\u00a0\u00bb{}\u00a0\u00bb][\/et_pb_column][et_pb_column type=\u00a0\u00bb1_6&Prime; _builder_version=\u00a0\u00bb4.10.8&Prime; _module_preset=\u00a0\u00bbdefault\u00a0\u00bb global_colors_info=\u00a0\u00bb{}\u00a0\u00bb][\/et_pb_column][et_pb_column type=\u00a0\u00bb1_6&Prime; _builder_version=\u00a0\u00bb4.10.8&Prime; _module_preset=\u00a0\u00bbdefault\u00a0\u00bb global_colors_info=\u00a0\u00bb{}\u00a0\u00bb][\/et_pb_column][et_pb_column type=\u00a0\u00bb1_6&Prime; _builder_version=\u00a0\u00bb4.10.8&Prime; _module_preset=\u00a0\u00bbdefault\u00a0\u00bb global_colors_info=\u00a0\u00bb{}\u00a0\u00bb][\/et_pb_column][\/et_pb_row][et_pb_row admin_label=\u00a0\u00bbV Dimensioni\u00a0\u00bb _builder_version=\u00a0\u00bb4.10.8&Prime; _module_preset=\u00a0\u00bbdefault\u00a0\u00bb collapsed=\u00a0\u00bboff\u00a0\u00bb global_colors_info=\u00a0\u00bb{}\u00a0\u00bb][et_pb_column type=\u00a0\u00bb4_4&Prime; _builder_version=\u00a0\u00bb4.7.7&Prime; _module_preset=\u00a0\u00bbdefault\u00a0\u00bb global_colors_info=\u00a0\u00bb{}\u00a0\u00bb][et_pb_divider color=\u00a0\u00bb#c6c6c6&Prime; divider_position=\u00a0\u00bbcenter\u00a0\u00bb _builder_version=\u00a0\u00bb4.7.7&Prime; _module_preset=\u00a0\u00bbdefault\u00a0\u00bb global_colors_info=\u00a0\u00bb{}\u00a0\u00bb][\/et_pb_divider][et_pb_text admin_label=\u00a0\u00bbDimensions\u00a0\u00bb _builder_version=\u00a0\u00bb4.8.0&Prime; _module_preset=\u00a0\u00bbdefault\u00a0\u00bb global_colors_info=\u00a0\u00bb{}\u00a0\u00bb]<\/p>\n<h3>Dimensions<\/h3>\n<p>[\/et_pb_text][et_pb_toggle title=\u00a0\u00bbS\u00e9rie KN \u00a0\u00bb admin_label=\u00a0\u00bbDimensions IMG\u00a0\u00bb _builder_version=\u00a0\u00bb4.10.8&Prime; _module_preset=\u00a0\u00bbdefault\u00a0\u00bb global_colors_info=\u00a0\u00bb{}\u00a0\u00bb]<\/p>\n<p><a href=\"https:\/\/www.mp3-italia.it\/wp-content\/uploads\/2021\/03\/KN_R_dimensioni.jpg\"><img loading=\"lazy\" class=\"aligncenter wp-image-11193 \" src=\"https:\/\/www.mp3-italia.it\/wp-content\/uploads\/2021\/03\/KN_R_dimensioni.jpg\" alt=\"\" width=\"563\" height=\"663\" \/><\/a><\/p>\n<div id=\"footable_parent_1598\"\n     class=\"footable_parent ninja_table_wrapper loading_ninja_table wp_table_data_press_parent semantic_ui \">\n                <table data-ninja_table_instance=\"ninja_table_instance_0\" data-footable_id=&quot;1598&quot; data-filter-delay=&quot;1000&quot; aria-label=&quot;KN-rectangular&quot;            id=\"footable_1598\"\n           data-unique_identifier=\"ninja_table_unique_id_1857877336_1598\"\n           class=\" foo-table ninja_footable foo_table_1598 ninja_table_unique_id_1857877336_1598 ui table  nt_type_ajax_table selectable celled striped compact vertical_centered  footable-paging-right ninja_table_search_disabled\">\n                <colgroup>\n                            <col class=\"ninja_column_0 \">\n                            <col class=\"ninja_column_1 \">\n                            <col class=\"ninja_column_2 \">\n                            <col class=\"ninja_column_3 \">\n                    <\/colgroup>\n            <\/table>\n    <style id=\"ninja_table_custom_css_1598\" type=\"text\/css\">\n    #footable_1598  {\n        font-family: system-ui !important;\n        font-size: 14px !important;\n    }\n\n\n<\/style>\n\n    \n    \n<\/div>\n\n<p>[\/et_pb_toggle][et_pb_toggle title=\u00a0\u00bbAccessoire: pl\u00e9num\u00a0\u00bb admin_label=\u00a0\u00bbDimensions IMG\u00a0\u00bb _builder_version=\u00a0\u00bb4.9.10&Prime; _module_preset=\u00a0\u00bbdefault\u00a0\u00bb global_colors_info=\u00a0\u00bb{}\u00a0\u00bb]<\/p>\n<p><a href=\"\/wp-content\/uploads\/2021\/03\/KN-rectangular-dim3.jpg\"><img loading=\"lazy\" class=\"aligncenter wp-image-1600 size-full\" src=\"\/wp-content\/uploads\/2021\/03\/KN-rectangular-dim3.jpg\" alt=\"KN - rectangular - Plenum\" width=\"650\" height=\"222\" srcset=\"\/wp-content\/uploads\/2021\/03\/KN-rectangular-dim3.jpg 650w, \/wp-content\/uploads\/2021\/03\/KN-rectangular-dim3-480x164.jpg 480w\" sizes=\"(min-width: 0px) and (max-width: 480px) 480px, (min-width: 481px) 650px, 100vw\" \/><\/a><\/p>\n<p>&nbsp;<\/p>\n<div id=\"footable_parent_1597\"\n     class=\"footable_parent ninja_table_wrapper loading_ninja_table wp_table_data_press_parent semantic_ui \">\n                <table data-ninja_table_instance=\"ninja_table_instance_1\" data-footable_id=&quot;1597&quot; data-filter-delay=&quot;1000&quot; aria-label=&quot;KN-rectangular-Plenum&quot;            id=\"footable_1597\"\n           data-unique_identifier=\"ninja_table_unique_id_1706174531_1597\"\n           class=\" foo-table ninja_footable foo_table_1597 ninja_table_unique_id_1706174531_1597 ui table  nt_type_ajax_table selectable celled striped compact vertical_centered  footable-paging-right ninja_table_search_disabled\">\n                <colgroup>\n                            <col class=\"ninja_column_0 \">\n                            <col class=\"ninja_column_1 \">\n                            <col class=\"ninja_column_2 \">\n                            <col class=\"ninja_column_3 \">\n                            <col class=\"ninja_column_4 \">\n                            <col class=\"ninja_column_5 \">\n                            <col class=\"ninja_column_6 \">\n                            <col class=\"ninja_column_7 \">\n                            <col class=\"ninja_column_8 \">\n                            <col class=\"ninja_column_9 \">\n                    <\/colgroup>\n            <\/table>\n    <style id=\"ninja_table_custom_css_1598\" type=\"text\/css\">\n    #footable_1598  {\n        font-family: system-ui !important;\n        font-size: 14px !important;\n    }\n\n\n<\/style>\n<style id=\"ninja_table_custom_css_1597\" type=\"text\/css\">\n    #footable_1597  {\n        font-family: system-ui !important;\n        font-size: 14px !important;\n    }\n\n\n<\/style>\n\n    \n    \n<\/div>\n\n<p>[\/et_pb_toggle][\/et_pb_column][\/et_pb_row][\/et_pb_section]<\/p>\n","protected":false},"excerpt":{"rendered":"<p>Diffuseurs rectangulaires multidirectionnels<\/p>\n","protected":false},"featured_media":3759,"template":"","meta":{"_et_pb_use_builder":"on","_et_pb_old_content":"<blockquote>Les unit\u00e9s de la s\u00e9rie KN sont des diffuseurs rectangulaires multidirectionnels avec des c\u00f4nes extractibles. Les variantes de construction du corps central permettent plusieurs configurations de jet du diffuseur. Ils sont utilis\u00e9s \u00e0 la fois en approvisionnement et en extraction pour l'installation au plafond. Le corps central amovible facilite le r\u00e9glage du registre de contr\u00f4le du volume et ne n\u00e9cessite pas l'installation d'un contre-ch\u00e2ssis.<\/blockquote>\r\n<h2>Donn\u00e9es techniques<\/h2>\r\n<ul>\r\n \t<li>Dimensions disponibles de 225 x 150 \u00e0 600 x 450\u00a0mm<\/li>\r\n \t<li>Construction en aluminium enti\u00e8rement anodis\u00e9 argent<\/li>\r\n \t<li>Construction en aluminium peint RAL 9010 sur demande<\/li>\r\n \t<li>Configuration du corps central avec 1, 2 (en face ou sur le bord), 3 et 4 voies.<\/li>\r\n \t<li>Hauteur d'installation entre 2,5 et 4,5\u00a0m<\/li>\r\n \t<li>Capacit\u00e9 d'air de 100 \u00e0 2\u00a0400\u00a0m3\/h<\/li>\r\n \t<li>Fixation par vis cach\u00e9es lat\u00e9rales fix\u00e9es sur le collier du diffuseur et sur la gaine<\/li>\r\n \t<li>Contre-ch\u00e2ssis TC4KN en aluminium pour une installation espac\u00e9e du contre-plafond<\/li>\r\n \t<li>Le contre-cadre TC4KN est disponible en argent anodis\u00e9 et en blanc RAL 9010<\/li>\r\n \t<li>Fixation du contre-cadre par des vis autotaraudeuses sur le contre-plafond<\/li>\r\n \t<li>Registre de r\u00e9glage du volume en acier galvanis\u00e9 avec contre-mouvement<\/li>\r\n \t<li>Fixation du clapet directement sur le diffuseur par des clips<\/li>\r\n \t<li>Pl\u00e9num en acier galvanis\u00e9 avec ou sans isolation<\/li>\r\n<\/ul>","_et_gb_content_width":""},"product_cat":[76],"product_tag":[153],"yoast_head":"<!-- This site is optimized with the Yoast SEO Premium plugin v16.1 (Yoast SEO v18.0) - https:\/\/yoast.com\/wordpress\/plugins\/seo\/ -->\n<title>KN rectangulaire - MP3<\/title>\n<meta name=\"robots\" content=\"index, follow, max-snippet:-1, max-image-preview:large, max-video-preview:-1\" \/>\n<link rel=\"canonical\" href=\"https:\/\/www.mp3-italia.it\/fr\/produits\/diffusion-fr\/kn-rectangulaire\/\" \/>\n<meta property=\"og:locale\" content=\"fr_FR\" \/>\n<meta property=\"og:type\" content=\"article\" \/>\n<meta property=\"og:title\" content=\"KN rectangulaire - MP3\" \/>\n<meta property=\"og:description\" content=\"Diffuseurs rectangulaires multidirectionnels\" \/>\n<meta property=\"og:url\" content=\"https:\/\/www.mp3-italia.it\/fr\/produits\/diffusion-fr\/kn-rectangulaire\/\" \/>\n<meta property=\"og:site_name\" content=\"MP3\" \/>\n<meta property=\"article:publisher\" content=\"https:\/\/www.facebook.com\/mp3italia\/\" \/>\n<meta property=\"article:modified_time\" content=\"2025-07-17T15:31:59+00:00\" \/>\n<meta property=\"og:image\" content=\"https:\/\/www.mp3-italia.it\/wp-content\/uploads\/2021\/03\/KN-rectangular.jpg\" \/>\n\t<meta property=\"og:image:width\" content=\"1080\" \/>\n\t<meta property=\"og:image:height\" content=\"1080\" \/>\n\t<meta property=\"og:image:type\" content=\"image\/jpeg\" \/>\n<meta name=\"twitter:card\" content=\"summary_large_image\" \/>\n<meta name=\"twitter:site\" content=\"@MP3airsolutions\" \/>\n<meta name=\"twitter:label1\" content=\"Dur\u00e9e de lecture estim\u00e9e\" \/>\n\t<meta name=\"twitter:data1\" content=\"5 minutes\" \/>\n<script type=\"application\/ld+json\" class=\"yoast-schema-graph\">{\"@context\":\"https:\/\/schema.org\",\"@graph\":[{\"@type\":\"Organization\",\"@id\":\"https:\/\/www.mp3-italia.it\/#organization\",\"name\":\"MP3 Italia\",\"url\":\"https:\/\/www.mp3-italia.it\/\",\"sameAs\":[\"https:\/\/www.facebook.com\/mp3italia\/\",\"https:\/\/www.linkedin.com\/company\/mp3-air-solutions\/\",\"https:\/\/www.youtube.com\/user\/MP3AirSolutions\/videos\",\"https:\/\/twitter.com\/MP3airsolutions\"],\"logo\":{\"@type\":\"ImageObject\",\"@id\":\"https:\/\/www.mp3-italia.it\/#logo\",\"inLanguage\":\"fr-FR\",\"url\":\"https:\/\/www.mp3-italia.it\/wp-content\/uploads\/2020\/12\/MP3_logo_black_tagline.png\",\"contentUrl\":\"https:\/\/www.mp3-italia.it\/wp-content\/uploads\/2020\/12\/MP3_logo_black_tagline.png\",\"width\":507,\"height\":200,\"caption\":\"MP3 Italia\"},\"image\":{\"@id\":\"https:\/\/www.mp3-italia.it\/#logo\"}},{\"@type\":\"WebSite\",\"@id\":\"https:\/\/www.mp3-italia.it\/#website\",\"url\":\"https:\/\/www.mp3-italia.it\/\",\"name\":\"MP3\",\"description\":\"Protect People, with Passione\",\"publisher\":{\"@id\":\"https:\/\/www.mp3-italia.it\/#organization\"},\"potentialAction\":[{\"@type\":\"SearchAction\",\"target\":{\"@type\":\"EntryPoint\",\"urlTemplate\":\"https:\/\/www.mp3-italia.it\/?s={search_term_string}\"},\"query-input\":\"required name=search_term_string\"}],\"inLanguage\":\"fr-FR\"},{\"@type\":\"ImageObject\",\"@id\":\"https:\/\/www.mp3-italia.it\/fr\/produits\/diffusion-fr\/kn-rectangulaire\/#primaryimage\",\"inLanguage\":\"fr-FR\",\"url\":\"https:\/\/www.mp3-italia.it\/wp-content\/uploads\/2021\/03\/KN-rectangular.jpg\",\"contentUrl\":\"https:\/\/www.mp3-italia.it\/wp-content\/uploads\/2021\/03\/KN-rectangular.jpg\",\"width\":1080,\"height\":1080},{\"@type\":\"WebPage\",\"@id\":\"https:\/\/www.mp3-italia.it\/fr\/produits\/diffusion-fr\/kn-rectangulaire\/#webpage\",\"url\":\"https:\/\/www.mp3-italia.it\/fr\/produits\/diffusion-fr\/kn-rectangulaire\/\",\"name\":\"KN rectangulaire - MP3\",\"isPartOf\":{\"@id\":\"https:\/\/www.mp3-italia.it\/#website\"},\"primaryImageOfPage\":{\"@id\":\"https:\/\/www.mp3-italia.it\/fr\/produits\/diffusion-fr\/kn-rectangulaire\/#primaryimage\"},\"datePublished\":\"2021-03-16T11:42:59+00:00\",\"dateModified\":\"2025-07-17T15:31:59+00:00\",\"breadcrumb\":{\"@id\":\"https:\/\/www.mp3-italia.it\/fr\/produits\/diffusion-fr\/kn-rectangulaire\/#breadcrumb\"},\"inLanguage\":\"fr-FR\",\"potentialAction\":[{\"@type\":\"ReadAction\",\"target\":[\"https:\/\/www.mp3-italia.it\/fr\/produits\/diffusion-fr\/kn-rectangulaire\/\"]}]},{\"@type\":\"BreadcrumbList\",\"@id\":\"https:\/\/www.mp3-italia.it\/fr\/produits\/diffusion-fr\/kn-rectangulaire\/#breadcrumb\",\"itemListElement\":[{\"@type\":\"ListItem\",\"position\":1,\"name\":\"Home\",\"item\":\"https:\/\/www.mp3-italia.it\/fr\/\"},{\"@type\":\"ListItem\",\"position\":2,\"name\":\"\"},{\"@type\":\"ListItem\",\"position\":3,\"name\":\"KN rectangulaire\"}]}]}<\/script>\n<!-- \/ Yoast SEO Premium plugin. -->","yoast_head_json":{"title":"KN rectangulaire - MP3","robots":{"index":"index","follow":"follow","max-snippet":"max-snippet:-1","max-image-preview":"max-image-preview:large","max-video-preview":"max-video-preview:-1"},"canonical":"https:\/\/www.mp3-italia.it\/fr\/produits\/diffusion-fr\/kn-rectangulaire\/","og_locale":"fr_FR","og_type":"article","og_title":"KN rectangulaire - MP3","og_description":"Diffuseurs rectangulaires multidirectionnels","og_url":"https:\/\/www.mp3-italia.it\/fr\/produits\/diffusion-fr\/kn-rectangulaire\/","og_site_name":"MP3","article_publisher":"https:\/\/www.facebook.com\/mp3italia\/","article_modified_time":"2025-07-17T15:31:59+00:00","og_image":[{"width":1080,"height":1080,"url":"https:\/\/www.mp3-italia.it\/wp-content\/uploads\/2021\/03\/KN-rectangular.jpg","type":"image\/jpeg"}],"twitter_card":"summary_large_image","twitter_site":"@MP3airsolutions","twitter_misc":{"Dur\u00e9e de lecture estim\u00e9e":"5 minutes"},"schema":{"@context":"https:\/\/schema.org","@graph":[{"@type":"Organization","@id":"https:\/\/www.mp3-italia.it\/#organization","name":"MP3 Italia","url":"https:\/\/www.mp3-italia.it\/","sameAs":["https:\/\/www.facebook.com\/mp3italia\/","https:\/\/www.linkedin.com\/company\/mp3-air-solutions\/","https:\/\/www.youtube.com\/user\/MP3AirSolutions\/videos","https:\/\/twitter.com\/MP3airsolutions"],"logo":{"@type":"ImageObject","@id":"https:\/\/www.mp3-italia.it\/#logo","inLanguage":"fr-FR","url":"https:\/\/www.mp3-italia.it\/wp-content\/uploads\/2020\/12\/MP3_logo_black_tagline.png","contentUrl":"https:\/\/www.mp3-italia.it\/wp-content\/uploads\/2020\/12\/MP3_logo_black_tagline.png","width":507,"height":200,"caption":"MP3 Italia"},"image":{"@id":"https:\/\/www.mp3-italia.it\/#logo"}},{"@type":"WebSite","@id":"https:\/\/www.mp3-italia.it\/#website","url":"https:\/\/www.mp3-italia.it\/","name":"MP3","description":"Protect People, with Passione","publisher":{"@id":"https:\/\/www.mp3-italia.it\/#organization"},"potentialAction":[{"@type":"SearchAction","target":{"@type":"EntryPoint","urlTemplate":"https:\/\/www.mp3-italia.it\/?s={search_term_string}"},"query-input":"required name=search_term_string"}],"inLanguage":"fr-FR"},{"@type":"ImageObject","@id":"https:\/\/www.mp3-italia.it\/fr\/produits\/diffusion-fr\/kn-rectangulaire\/#primaryimage","inLanguage":"fr-FR","url":"https:\/\/www.mp3-italia.it\/wp-content\/uploads\/2021\/03\/KN-rectangular.jpg","contentUrl":"https:\/\/www.mp3-italia.it\/wp-content\/uploads\/2021\/03\/KN-rectangular.jpg","width":1080,"height":1080},{"@type":"WebPage","@id":"https:\/\/www.mp3-italia.it\/fr\/produits\/diffusion-fr\/kn-rectangulaire\/#webpage","url":"https:\/\/www.mp3-italia.it\/fr\/produits\/diffusion-fr\/kn-rectangulaire\/","name":"KN rectangulaire - MP3","isPartOf":{"@id":"https:\/\/www.mp3-italia.it\/#website"},"primaryImageOfPage":{"@id":"https:\/\/www.mp3-italia.it\/fr\/produits\/diffusion-fr\/kn-rectangulaire\/#primaryimage"},"datePublished":"2021-03-16T11:42:59+00:00","dateModified":"2025-07-17T15:31:59+00:00","breadcrumb":{"@id":"https:\/\/www.mp3-italia.it\/fr\/produits\/diffusion-fr\/kn-rectangulaire\/#breadcrumb"},"inLanguage":"fr-FR","potentialAction":[{"@type":"ReadAction","target":["https:\/\/www.mp3-italia.it\/fr\/produits\/diffusion-fr\/kn-rectangulaire\/"]}]},{"@type":"BreadcrumbList","@id":"https:\/\/www.mp3-italia.it\/fr\/produits\/diffusion-fr\/kn-rectangulaire\/#breadcrumb","itemListElement":[{"@type":"ListItem","position":1,"name":"Home","item":"https:\/\/www.mp3-italia.it\/fr\/"},{"@type":"ListItem","position":2,"name":""},{"@type":"ListItem","position":3,"name":"KN rectangulaire"}]}]}},"_links":{"self":[{"href":"https:\/\/www.mp3-italia.it\/fr\/wp-json\/wp\/v2\/product\/8240"}],"collection":[{"href":"https:\/\/www.mp3-italia.it\/fr\/wp-json\/wp\/v2\/product"}],"about":[{"href":"https:\/\/www.mp3-italia.it\/fr\/wp-json\/wp\/v2\/types\/product"}],"wp:featuredmedia":[{"embeddable":true,"href":"https:\/\/www.mp3-italia.it\/fr\/wp-json\/wp\/v2\/media\/3759"}],"wp:attachment":[{"href":"https:\/\/www.mp3-italia.it\/fr\/wp-json\/wp\/v2\/media?parent=8240"}],"wp:term":[{"taxonomy":"product_cat","embeddable":true,"href":"https:\/\/www.mp3-italia.it\/fr\/wp-json\/wp\/v2\/product_cat?post=8240"},{"taxonomy":"product_tag","embeddable":true,"href":"https:\/\/www.mp3-italia.it\/fr\/wp-json\/wp\/v2\/product_tag?post=8240"}],"curies":[{"name":"wp","href":"https:\/\/api.w.org\/{rel}","templated":true}]}}