{"id":9438,"date":"2021-05-26T17:30:47","date_gmt":"2021-05-26T15:30:47","guid":{"rendered":"https:\/\/www.mp3-italia.it\/products\/sin%20categor\u00eda\/at-kvr-r\/"},"modified":"2021-09-21T16:56:39","modified_gmt":"2021-09-21T14:56:39","slug":"at-kvr-r","status":"publish","type":"product","link":"https:\/\/www.mp3-italia.it\/es\/productos\/regulacion\/at-kvr-r\/","title":{"rendered":"AT-KVR-R"},"content":{"rendered":"<p>[et_pb_section fb_built=\u00bb1&#8243; admin_label=\u00bbINTESTAZIONE\u00bb _builder_version=\u00bb4.8.0&#8243; _module_preset=\u00bbdefault\u00bb background_color=\u00bb#f9f9f9&#8243; collapsed=\u00bbon\u00bb][et_pb_row column_structure=\u00bb1_3,1_3,1_3&#8243; use_custom_gutter=\u00bbon\u00bb gutter_width=\u00bb2&#8243; make_equal=\u00bbon\u00bb _builder_version=\u00bb4.8.0&#8243; _module_preset=\u00bbdefault\u00bb width=\u00bb90%\u00bb max_width=\u00bb100%\u00bb custom_padding=\u00bb0px||0px||true|false\u00bb collapsed=\u00bbon\u00bb][et_pb_column type=\u00bb1_3&#8243; module_class=\u00bbcentra-verticale\u00bb disabled_on=\u00bbon|on|off\u00bb _builder_version=\u00bb4.8.0&#8243; _module_preset=\u00bbdefault\u00bb custom_padding=\u00bb40px||40px||true|false\u00bb custom_padding_tablet=\u00bb0px||0px||true|false\u00bb custom_padding_phone=\u00bb\u00bb custom_padding_last_edited=\u00bbon|desktop\u00bb][et_pb_image src=\u00bbhttps:\/\/www.mp3-italia.it\/wp-content\/uploads\/2020\/12\/MP3_logo_black_tagline.png\u00bb title_text=\u00bbMP3_logo_black_tagline\u00bb url=\u00bb@ET-DC@eyJkeW5hbWljIjp0cnVlLCJjb250ZW50IjoiaG9tZV91cmwiLCJzZXR0aW5ncyI6e319@\u00bb disabled_on=\u00bboff|off|off\u00bb _builder_version=\u00bb4.8.0&#8243; _dynamic_attributes=\u00bburl\u00bb _module_preset=\u00bbdefault\u00bb width=\u00bb150px\u00bb][\/et_pb_image][\/et_pb_column][et_pb_column type=\u00bb1_3&#8243; module_class=\u00bbcentra-verticale\u00bb _builder_version=\u00bb4.8.0&#8243; _module_preset=\u00bbdefault\u00bb custom_padding=\u00bb|||50px|false|false\u00bb border_width_left=\u00bb1px\u00bb border_color_left=\u00bb#e8e8e8&#8243;][et_pb_text _builder_version=\u00bb4.8.0&#8243; _dynamic_attributes=\u00bbcontent\u00bb _module_preset=\u00bbdefault\u00bb header_font=\u00bb|700|||||||\u00bb header_text_color=\u00bb#0075bf\u00bb header_letter_spacing=\u00bb1px\u00bb custom_margin=\u00bb||5px||false|false\u00bb custom_padding=\u00bb||||false|false\u00bb]@ET-DC@eyJkeW5hbWljIjp0cnVlLCJjb250ZW50IjoicG9zdF90YWdzIiwic2V0dGluZ3MiOnsiYmVmb3JlIjoiIiwiYWZ0ZXIiOiIiLCJsaW5rX3RvX3Rlcm1fcGFnZSI6Im9mZiIsInNlcGFyYXRvciI6IiB8ICIsImNhdGVnb3J5X3R5cGUiOiJwcm9kdWN0X3RhZyJ9fQ==@[\/et_pb_text][et_pb_text _builder_version=\u00bb4.8.0&#8243; _dynamic_attributes=\u00bbcontent\u00bb _module_preset=\u00bbdefault\u00bb text_font=\u00bb|700|||||||\u00bb text_text_color=\u00bb#0075BF\u00bb text_font_size=\u00bb30px\u00bb header_font=\u00bb|700|||||||\u00bb header_text_color=\u00bb#0075bf\u00bb header_letter_spacing=\u00bb1px\u00bb]@ET-DC@eyJkeW5hbWljIjp0cnVlLCJjb250ZW50IjoicG9zdF90aXRsZSIsInNldHRpbmdzIjp7ImJlZm9yZSI6IiIsImFmdGVyIjoiIn19@[\/et_pb_text][\/et_pb_column][et_pb_column type=\u00bb1_3&#8243; module_class=\u00bbcentra-verticale\u00bb _builder_version=\u00bb4.8.0&#8243; _module_preset=\u00bbdefault\u00bb][et_pb_blurb url=\u00bb@ET-DC@eyJkeW5hbWljIjp0cnVlLCJjb250ZW50IjoicG9zdF9saW5rX3VybF9wYWdlIiwic2V0dGluZ3MiOnsicG9zdF9pZCI6IjU5NTUifX0=@\u00bb image=\u00bbhttps:\/\/www.mp3-italia.it\/wp-content\/uploads\/2021\/01\/arrow_-copia.png\u00bb icon_placement=\u00bbleft\u00bb image_max_width=\u00bb30px\u00bb _builder_version=\u00bb4.9.10&#8243; _dynamic_attributes=\u00bburl,link_option_url\u00bb _module_preset=\u00bbdefault\u00bb body_line_height=\u00bb1.9em\u00bb background_enable_color=\u00bboff\u00bb width=\u00bb200px\u00bb width_tablet=\u00bb200px\u00bb width_phone=\u00bb\u00bb width_last_edited=\u00bbon|phone\u00bb module_alignment=\u00bbright\u00bb animation=\u00bboff\u00bb link_option_url=\u00bb@ET-DC@eyJkeW5hbWljIjp0cnVlLCJjb250ZW50IjoicG9zdF9saW5rX3VybF9wYWdlIiwic2V0dGluZ3MiOnsicG9zdF9pZCI6IjU5NTUifX0=@\u00bb hover_enabled=\u00bb0&#8243; module_alignment_tablet=\u00bbleft\u00bb module_alignment_phone=\u00bb\u00bb module_alignment_last_edited=\u00bbon|tablet\u00bb sticky_enabled=\u00bb0&#8243;]<\/p>\n<p>Volver a Regulaci\u00f3n<\/p>\n<p>[\/et_pb_blurb][\/et_pb_column][\/et_pb_row][\/et_pb_section][et_pb_section fb_built=\u00bb1&#8243; admin_label=\u00bbPRODOTTO\u00bb _builder_version=\u00bb4.9.10&#8243; _module_preset=\u00bbdefault\u00bb hover_enabled=\u00bb0&#8243; sticky_enabled=\u00bb0&#8243;][et_pb_row column_structure=\u00bb1_2,1_2&#8243; _builder_version=\u00bb4.9.10&#8243; _module_preset=\u00bbdefault\u00bb hover_enabled=\u00bb0&#8243; collapsed=\u00bbon\u00bb sticky_enabled=\u00bb0&#8243;][et_pb_column type=\u00bb1_2&#8243; _builder_version=\u00bb4.7.7&#8243; _module_preset=\u00bbdefault\u00bb][et_pb_wc_images show_sale_badge=\u00bboff\u00bb admin_label=\u00bbimg + gallery\u00bb _builder_version=\u00bb4.8.0&#8243; _module_preset=\u00bbdefault\u00bb][\/et_pb_wc_images][\/et_pb_column][et_pb_column type=\u00bb1_2&#8243; _builder_version=\u00bb4.7.7&#8243; _module_preset=\u00bbdefault\u00bb][et_pb_wc_description description_type=\u00bbdescription\u00bb admin_label=\u00bbDescrizione LUNGA h2&#8243; _builder_version=\u00bb4.8.0&#8243; _module_preset=\u00bbdefault\u00bb][\/et_pb_wc_description][\/et_pb_column][\/et_pb_row][et_pb_row admin_label=\u00bb-\u00bb _builder_version=\u00bb4.8.0&#8243; _module_preset=\u00bbdefault\u00bb collapsed=\u00bbon\u00bb][et_pb_column type=\u00bb4_4&#8243; _builder_version=\u00bb4.7.7&#8243; _module_preset=\u00bbdefault\u00bb][et_pb_divider color=\u00bb#c6c6c6&#8243; divider_position=\u00bbcenter\u00bb admin_label=\u00bb-\u00bb _builder_version=\u00bb4.8.0&#8243; _module_preset=\u00bbdefault\u00bb][\/et_pb_divider][\/et_pb_column][\/et_pb_row][et_pb_row admin_label=\u00bbDIMENSIONI\u00bb _builder_version=\u00bb4.8.0&#8243; _module_preset=\u00bbdefault\u00bb custom_padding=\u00bb||0px|||\u00bb collapsed=\u00bbon\u00bb][et_pb_column type=\u00bb4_4&#8243; _builder_version=\u00bb4.7.7&#8243; _module_preset=\u00bbdefault\u00bb][et_pb_text admin_label=\u00bbDIMENSIONI\u00bb _builder_version=\u00bb4.9.10&#8243; _module_preset=\u00bbdefault\u00bb]<\/p>\n<h3>Dimensiones<\/h3>\n<p>[\/et_pb_text][\/et_pb_column][\/et_pb_row][et_pb_row _builder_version=\u00bb4.8.0&#8243; _module_preset=\u00bbdefault\u00bb width_tablet=\u00bb\u00bb width_phone=\u00bb95%\u00bb width_last_edited=\u00bbon|phone\u00bb max_width_tablet=\u00bb\u00bb max_width_phone=\u00bb100%\u00bb max_width_last_edited=\u00bbon|phone\u00bb][et_pb_column type=\u00bb4_4&#8243; _builder_version=\u00bb4.7.7&#8243; _module_preset=\u00bbdefault\u00bb][et_pb_toggle title=\u00bbSerie AT-KVR-R \u00bb admin_label=\u00bbSerie\u00bb _builder_version=\u00bb4.9.10&#8243; _module_preset=\u00bbdefault\u00bb]<\/p>\n<ol>\n<li>\u00abSleave\u00bb con sello de labio.<\/li>\n<li>Lado de entrada de aire.<\/li>\n<li>Carcasa reguladora.<\/li>\n<li>Pieza de regulaci\u00f3n.<\/li>\n<li>Ajuste del caudal de aire.<\/li>\n<li>Tornillo de ajuste del caudal de aire.<\/li>\n<\/ol>\n<p><a href=\"https:\/\/www.mp3-italia.it\/wp-content\/uploads\/2021\/05\/AT-KVR-R-dim1.jpg\"><img loading=\"lazy\" class=\"aligncenter wp-image-6257 size-medium\" src=\"https:\/\/www.mp3-italia.it\/wp-content\/uploads\/2021\/05\/AT-KVR-R-dim1-300x247.jpg\" alt=\"AT-KVR-R\" width=\"300\" height=\"247\" \/><\/a><\/p>\n<div id=\"footable_parent_6275\"\n     class=\"footable_parent ninja_table_wrapper loading_ninja_table wp_table_data_press_parent semantic_ui \">\n                <table data-ninja_table_instance=\"ninja_table_instance_0\" data-footable_id=&quot;6275&quot; data-filter-delay=&quot;1000&quot; aria-label=&quot;AT-KVR-R&quot;            id=\"footable_6275\"\n           data-unique_identifier=\"ninja_table_unique_id_1507630206_6275\"\n           class=\" foo-table ninja_footable foo_table_6275 ninja_table_unique_id_1507630206_6275 ui table  nt_type_ajax_table selectable celled striped compact vertical_centered  footable-paging-right ninja_table_search_disabled\">\n                <colgroup>\n                            <col class=\"ninja_column_0 \">\n                            <col class=\"ninja_column_1 \">\n                            <col class=\"ninja_column_2 \">\n                            <col class=\"ninja_column_3 \">\n                    <\/colgroup>\n            <\/table>\n    <style id=\"ninja_table_custom_css_6275\" type=\"text\/css\">\n    #footable_6275  {\n        font-family: system-ui !important;\n        font-size: 14px !important;\n    }\n\n\n<\/style>\n\n    \n    \n<\/div>\n\n<p><a href=\"https:\/\/www.mp3-italia.it\/wp-content\/uploads\/2021\/05\/AT-KVR-R-dim2.jpg\"><img loading=\"lazy\" class=\"wp-image-6267 aligncenter size-medium\" src=\"https:\/\/www.mp3-italia.it\/wp-content\/uploads\/2021\/05\/AT-KVR-R-dim2-300x246.jpg\" alt=\"AT-KVR-R\" width=\"300\" height=\"246\" \/><\/a><\/p>\n<div id=\"footable_parent_6274\"\n     class=\"footable_parent ninja_table_wrapper loading_ninja_table wp_table_data_press_parent semantic_ui \">\n                <table data-ninja_table_instance=\"ninja_table_instance_1\" data-footable_id=&quot;6274&quot; data-filter-delay=&quot;1000&quot; aria-label=&quot;AT-KVR-R&quot;            id=\"footable_6274\"\n           data-unique_identifier=\"ninja_table_unique_id_1590449092_6274\"\n           class=\" foo-table ninja_footable foo_table_6274 ninja_table_unique_id_1590449092_6274 ui table  nt_type_ajax_table selectable celled striped compact vertical_centered  footable-paging-right ninja_table_search_disabled\">\n                <colgroup>\n                            <col class=\"ninja_column_0 \">\n                            <col class=\"ninja_column_1 \">\n                            <col class=\"ninja_column_2 \">\n                            <col class=\"ninja_column_3 \">\n                    <\/colgroup>\n            <\/table>\n    <style id=\"ninja_table_custom_css_6275\" type=\"text\/css\">\n    #footable_6275  {\n        font-family: system-ui !important;\n        font-size: 14px !important;\n    }\n\n\n<\/style>\n<style id=\"ninja_table_custom_css_6274\" type=\"text\/css\">\n    #footable_6274  {\n        font-family: system-ui !important;\n        font-size: 14px !important;\n    }\n\n\n<\/style>\n\n    \n    \n<\/div>\n\n<p>[\/et_pb_toggle][\/et_pb_column][\/et_pb_row][et_pb_row disabled_on=\u00bboff|off|off\u00bb admin_label=\u00bb-\u00bb _builder_version=\u00bb4.8.0&#8243; _module_preset=\u00bbdefault\u00bb collapsed=\u00bbon\u00bb][et_pb_column type=\u00bb4_4&#8243; _builder_version=\u00bb4.7.7&#8243; _module_preset=\u00bbdefault\u00bb][et_pb_divider color=\u00bb#c6c6c6&#8243; divider_position=\u00bbcenter\u00bb admin_label=\u00bb-\u00bb _builder_version=\u00bb4.8.0&#8243; _module_preset=\u00bbdefault\u00bb][\/et_pb_divider][\/et_pb_column][\/et_pb_row][et_pb_row disabled_on=\u00bboff|off|off\u00bb admin_label=\u00bbSELECTION\u00bb _builder_version=\u00bb4.8.0&#8243; _module_preset=\u00bbdefault\u00bb custom_padding=\u00bb||0px|||\u00bb border_width_top=\u00bb1px\u00bb border_color_top=\u00bbrgba(0,0,0,0)\u00bb collapsed=\u00bbon\u00bb][et_pb_column type=\u00bb4_4&#8243; _builder_version=\u00bb4.7.7&#8243; _module_preset=\u00bbdefault\u00bb][et_pb_text admin_label=\u00bbSELECTION\u00bb _builder_version=\u00bb4.9.10&#8243; _module_preset=\u00bbdefault\u00bb]<\/p>\n<h3>Selecci\u00f3n<\/h3>\n<p>[\/et_pb_text][\/et_pb_column][\/et_pb_row][et_pb_row disabled_on=\u00bboff|off|off\u00bb _builder_version=\u00bb4.8.0&#8243; _module_preset=\u00bbdefault\u00bb width_tablet=\u00bb\u00bb width_phone=\u00bb95%\u00bb width_last_edited=\u00bbon|phone\u00bb max_width_tablet=\u00bb\u00bb max_width_phone=\u00bb100%\u00bb max_width_last_edited=\u00bbon|phone\u00bb border_width_top=\u00bb1px\u00bb border_color_top=\u00bbrgba(0,0,0,0)\u00bb collapsed=\u00bboff\u00bb][et_pb_column type=\u00bb4_4&#8243; _builder_version=\u00bb4.7.7&#8243; _module_preset=\u00bbdefault\u00bb][et_pb_toggle title=\u00bb-\u00bb admin_label=\u00bbtabella\u00bb _builder_version=\u00bb4.9.4&#8243; _module_preset=\u00bbdefault\u00bb]<\/p>\n<div id=\"footable_parent_6273\"\n     class=\"footable_parent ninja_table_wrapper loading_ninja_table wp_table_data_press_parent semantic_ui \">\n                <table data-ninja_table_instance=\"ninja_table_instance_2\" data-footable_id=&quot;6273&quot; data-filter-delay=&quot;1000&quot; aria-label=&quot;AT-KVR-R&quot;            id=\"footable_6273\"\n           data-unique_identifier=\"ninja_table_unique_id_889595485_6273\"\n           class=\" foo-table ninja_footable foo_table_6273 ninja_table_unique_id_889595485_6273 ui table  nt_type_ajax_table selectable celled striped compact vertical_centered  footable-paging-right ninja_table_search_disabled\">\n                <colgroup>\n                            <col class=\"ninja_column_0 \">\n                            <col class=\"ninja_column_1 \">\n                            <col class=\"ninja_column_2 \">\n                            <col class=\"ninja_column_3 \">\n                    <\/colgroup>\n            <\/table>\n    <style id=\"ninja_table_custom_css_6275\" type=\"text\/css\">\n    #footable_6275  {\n        font-family: system-ui !important;\n        font-size: 14px !important;\n    }\n\n\n<\/style>\n<style id=\"ninja_table_custom_css_6274\" type=\"text\/css\">\n    #footable_6274  {\n        font-family: system-ui !important;\n        font-size: 14px !important;\n    }\n\n\n<\/style>\n<style id=\"ninja_table_custom_css_6273\" type=\"text\/css\">\n    #footable_6273  {\n        font-family: system-ui !important;\n        font-size: 14px !important;\n    }\n\n\n<\/style>\n\n    \n    \n<\/div>\n\n<p><a href=\"https:\/\/www.mp3-italia.it\/wp-content\/uploads\/2021\/05\/AT-KVR-R-sel1.jpg\"><img loading=\"lazy\" class=\"aligncenter wp-image-6276 size-full\" src=\"https:\/\/www.mp3-italia.it\/wp-content\/uploads\/2021\/05\/AT-KVR-R-sel1.jpg\" alt=\"AT-KVR-R\" width=\"1080\" height=\"785\" srcset=\"https:\/\/www.mp3-italia.it\/wp-content\/uploads\/2021\/05\/AT-KVR-R-sel1.jpg 1080w, https:\/\/www.mp3-italia.it\/wp-content\/uploads\/2021\/05\/AT-KVR-R-sel1-980x712.jpg 980w, https:\/\/www.mp3-italia.it\/wp-content\/uploads\/2021\/05\/AT-KVR-R-sel1-480x349.jpg 480w\" sizes=\"(min-width: 0px) and (max-width: 480px) 480px, (min-width: 481px) and (max-width: 980px) 980px, (min-width: 981px) 1080px, 100vw\" \/><\/a><\/p>\n<p>[\/et_pb_toggle][\/et_pb_column][\/et_pb_row][et_pb_row admin_label=\u00bb-\u00bb _builder_version=\u00bb4.8.0&#8243; _module_preset=\u00bbdefault\u00bb collapsed=\u00bbon\u00bb][et_pb_column type=\u00bb4_4&#8243; _builder_version=\u00bb4.7.7&#8243; _module_preset=\u00bbdefault\u00bb][et_pb_divider color=\u00bb#c6c6c6&#8243; divider_position=\u00bbcenter\u00bb admin_label=\u00bb-\u00bb _builder_version=\u00bb4.8.0&#8243; _module_preset=\u00bbdefault\u00bb][\/et_pb_divider][\/et_pb_column][\/et_pb_row][et_pb_row admin_label=\u00bbTechnical Catalog\u00bb _builder_version=\u00bb4.8.0&#8243; _module_preset=\u00bbdefault\u00bb][et_pb_column type=\u00bb4_4&#8243; _builder_version=\u00bb4.7.7&#8243; _module_preset=\u00bbdefault\u00bb][et_pb_text admin_label=\u00bbTechnical Catalog\u00bb _builder_version=\u00bb4.9.10&#8243; _module_preset=\u00bbdefault\u00bb]<\/p>\n<h3>Cat\u00e1logo t\u00e9cnico<\/h3>\n<p>[\/et_pb_text][et_pb_blurb title=\u00bbAT-KVR-R\u00bb url=\u00bb\/wp-content\/uploads\/2021\/05\/tech_at-kvr-r.pdf\u00bb url_new_window=\u00bbon\u00bb use_icon=\u00bbon\u00bb font_icon=\u00bb%%72%%\u00bb icon_color=\u00bb#0075bf\u00bb icon_placement=\u00bbleft\u00bb content_max_width=\u00bb100%\u00bb _builder_version=\u00bb4.9.10&#8243; _module_preset=\u00bbdefault\u00bb header_text_color=\u00bb#0075bf\u00bb header_line_height=\u00bb1.5em\u00bb module_alignment=\u00bbleft\u00bb link_option_url=\u00bb\/wp-content\/uploads\/2021\/05\/tech_at-kvr-r.pdf\u00bb link_option_url_new_window=\u00bbon\u00bb][\/et_pb_blurb][\/et_pb_column][\/et_pb_row][\/et_pb_section]<\/p>\n","protected":false},"excerpt":{"rendered":"<p>Single and double deflection grilles<\/p>\n","protected":false},"featured_media":6285,"template":"","meta":{"_et_pb_use_builder":"on","_et_pb_old_content":"<blockquote>Las AT-KVR-R son unidades de regulaci\u00f3n del flujo de aire redondas fabricadas en PVC, con clase de resistencia al fuego M1. Se utilizan para suministrar un flujo de aire constante independientemente de la variaci\u00f3n de la presi\u00f3n en el conducto de aire. Debido a su simple regulaci\u00f3n mec\u00e1nica, no requieren el suministro de energ\u00eda.<\/blockquote>\r\n<h2>Datos t\u00e9cnicos<\/h2>\r\n<ul>\r\n \t<li>Di\u00e1metros disponibles desde 80\u00a0mm hasta 250\u00a0mm.<\/li>\r\n \t<li>Flujo de aire regulable durante la instalaci\u00f3n.<\/li>\r\n \t<li>Unidad suministrada en la posici\u00f3n de flujo de aire m\u00e1ximo.<\/li>\r\n \t<li>V\u00e1lvula de PVC.<\/li>\r\n \t<li>Carcasa de PVC (di\u00e1metros 80 y 100) o en acero.<\/li>\r\n \t<li>Regulaci\u00f3n mec\u00e1nica independiente del suministro de energ\u00eda externo.<\/li>\r\n \t<li>Flujo de aire constante garantizado para una presi\u00f3n de trabajo entre 50 y 200\u00a0Pa.<\/li>\r\n \t<li>Temperatura m\u00e1xima de trabajo de +60\u00a0\u00b0C.<\/li>\r\n<\/ul>","_et_gb_content_width":""},"product_cat":[170],"product_tag":[193],"yoast_head":"<!-- This site is optimized with the Yoast SEO Premium plugin v16.1 (Yoast SEO v18.0) - https:\/\/yoast.com\/wordpress\/plugins\/seo\/ -->\n<title>AT-KVR-R - MP3<\/title>\n<meta name=\"robots\" content=\"index, follow, max-snippet:-1, max-image-preview:large, max-video-preview:-1\" \/>\n<link rel=\"canonical\" href=\"https:\/\/www.mp3-italia.it\/productos\/regulation\/at-kvr-r\/\" \/>\n<meta property=\"og:locale\" content=\"es_ES\" \/>\n<meta property=\"og:type\" content=\"article\" \/>\n<meta property=\"og:title\" content=\"AT-KVR-R - MP3\" \/>\n<meta property=\"og:description\" content=\"Single and double deflection grilles\" \/>\n<meta property=\"og:url\" content=\"https:\/\/www.mp3-italia.it\/productos\/regulation\/at-kvr-r\/\" \/>\n<meta property=\"og:site_name\" content=\"MP3\" \/>\n<meta property=\"article:publisher\" content=\"https:\/\/www.facebook.com\/mp3italia\/\" \/>\n<meta property=\"article:modified_time\" content=\"2021-09-21T14:56:39+00:00\" \/>\n<meta property=\"og:image\" content=\"https:\/\/www.mp3-italia.it\/wp-content\/uploads\/2021\/05\/AT-KVR-R.jpg\" \/>\n\t<meta property=\"og:image:width\" content=\"1080\" \/>\n\t<meta property=\"og:image:height\" content=\"1080\" \/>\n\t<meta property=\"og:image:type\" content=\"image\/jpeg\" \/>\n<meta name=\"twitter:card\" content=\"summary_large_image\" \/>\n<meta name=\"twitter:site\" content=\"@MP3airsolutions\" \/>\n<meta name=\"twitter:label1\" content=\"Tiempo de lectura\" \/>\n\t<meta name=\"twitter:data1\" content=\"5 minutos\" \/>\n<script type=\"application\/ld+json\" class=\"yoast-schema-graph\">{\"@context\":\"https:\/\/schema.org\",\"@graph\":[{\"@type\":\"Organization\",\"@id\":\"https:\/\/www.mp3-italia.it\/#organization\",\"name\":\"MP3 Italia\",\"url\":\"https:\/\/www.mp3-italia.it\/\",\"sameAs\":[\"https:\/\/www.facebook.com\/mp3italia\/\",\"https:\/\/www.linkedin.com\/company\/mp3-air-solutions\/\",\"https:\/\/www.youtube.com\/user\/MP3AirSolutions\/videos\",\"https:\/\/twitter.com\/MP3airsolutions\"],\"logo\":{\"@type\":\"ImageObject\",\"@id\":\"https:\/\/www.mp3-italia.it\/#logo\",\"inLanguage\":\"es\",\"url\":\"https:\/\/www.mp3-italia.it\/wp-content\/uploads\/2020\/12\/MP3_logo_black_tagline.png\",\"contentUrl\":\"https:\/\/www.mp3-italia.it\/wp-content\/uploads\/2020\/12\/MP3_logo_black_tagline.png\",\"width\":507,\"height\":200,\"caption\":\"MP3 Italia\"},\"image\":{\"@id\":\"https:\/\/www.mp3-italia.it\/#logo\"}},{\"@type\":\"WebSite\",\"@id\":\"https:\/\/www.mp3-italia.it\/#website\",\"url\":\"https:\/\/www.mp3-italia.it\/\",\"name\":\"MP3\",\"description\":\"Protect People, with Passione\",\"publisher\":{\"@id\":\"https:\/\/www.mp3-italia.it\/#organization\"},\"potentialAction\":[{\"@type\":\"SearchAction\",\"target\":{\"@type\":\"EntryPoint\",\"urlTemplate\":\"https:\/\/www.mp3-italia.it\/?s={search_term_string}\"},\"query-input\":\"required name=search_term_string\"}],\"inLanguage\":\"es\"},{\"@type\":\"ImageObject\",\"@id\":\"https:\/\/www.mp3-italia.it\/productos\/regulation\/at-kvr-r\/#primaryimage\",\"inLanguage\":\"es\",\"url\":\"https:\/\/www.mp3-italia.it\/wp-content\/uploads\/2021\/05\/AT-KVR-R.jpg\",\"contentUrl\":\"https:\/\/www.mp3-italia.it\/wp-content\/uploads\/2021\/05\/AT-KVR-R.jpg\",\"width\":1080,\"height\":1080,\"caption\":\"AT-KVR-R\"},{\"@type\":\"WebPage\",\"@id\":\"https:\/\/www.mp3-italia.it\/productos\/regulation\/at-kvr-r\/#webpage\",\"url\":\"https:\/\/www.mp3-italia.it\/productos\/regulation\/at-kvr-r\/\",\"name\":\"AT-KVR-R - MP3\",\"isPartOf\":{\"@id\":\"https:\/\/www.mp3-italia.it\/#website\"},\"primaryImageOfPage\":{\"@id\":\"https:\/\/www.mp3-italia.it\/productos\/regulation\/at-kvr-r\/#primaryimage\"},\"datePublished\":\"2021-05-26T15:30:47+00:00\",\"dateModified\":\"2021-09-21T14:56:39+00:00\",\"breadcrumb\":{\"@id\":\"https:\/\/www.mp3-italia.it\/productos\/regulation\/at-kvr-r\/#breadcrumb\"},\"inLanguage\":\"es\",\"potentialAction\":[{\"@type\":\"ReadAction\",\"target\":[\"https:\/\/www.mp3-italia.it\/productos\/regulation\/at-kvr-r\/\"]}]},{\"@type\":\"BreadcrumbList\",\"@id\":\"https:\/\/www.mp3-italia.it\/productos\/regulation\/at-kvr-r\/#breadcrumb\",\"itemListElement\":[{\"@type\":\"ListItem\",\"position\":1,\"name\":\"Home\",\"item\":\"https:\/\/www.mp3-italia.it\/es\/\"},{\"@type\":\"ListItem\",\"position\":2,\"name\":\"\"},{\"@type\":\"ListItem\",\"position\":3,\"name\":\"AT-KVR-R\"}]}]}<\/script>\n<!-- \/ Yoast SEO Premium plugin. -->","yoast_head_json":{"title":"AT-KVR-R - MP3","robots":{"index":"index","follow":"follow","max-snippet":"max-snippet:-1","max-image-preview":"max-image-preview:large","max-video-preview":"max-video-preview:-1"},"canonical":"https:\/\/www.mp3-italia.it\/productos\/regulation\/at-kvr-r\/","og_locale":"es_ES","og_type":"article","og_title":"AT-KVR-R - MP3","og_description":"Single and double deflection grilles","og_url":"https:\/\/www.mp3-italia.it\/productos\/regulation\/at-kvr-r\/","og_site_name":"MP3","article_publisher":"https:\/\/www.facebook.com\/mp3italia\/","article_modified_time":"2021-09-21T14:56:39+00:00","og_image":[{"width":1080,"height":1080,"url":"https:\/\/www.mp3-italia.it\/wp-content\/uploads\/2021\/05\/AT-KVR-R.jpg","type":"image\/jpeg"}],"twitter_card":"summary_large_image","twitter_site":"@MP3airsolutions","twitter_misc":{"Tiempo de lectura":"5 minutos"},"schema":{"@context":"https:\/\/schema.org","@graph":[{"@type":"Organization","@id":"https:\/\/www.mp3-italia.it\/#organization","name":"MP3 Italia","url":"https:\/\/www.mp3-italia.it\/","sameAs":["https:\/\/www.facebook.com\/mp3italia\/","https:\/\/www.linkedin.com\/company\/mp3-air-solutions\/","https:\/\/www.youtube.com\/user\/MP3AirSolutions\/videos","https:\/\/twitter.com\/MP3airsolutions"],"logo":{"@type":"ImageObject","@id":"https:\/\/www.mp3-italia.it\/#logo","inLanguage":"es","url":"https:\/\/www.mp3-italia.it\/wp-content\/uploads\/2020\/12\/MP3_logo_black_tagline.png","contentUrl":"https:\/\/www.mp3-italia.it\/wp-content\/uploads\/2020\/12\/MP3_logo_black_tagline.png","width":507,"height":200,"caption":"MP3 Italia"},"image":{"@id":"https:\/\/www.mp3-italia.it\/#logo"}},{"@type":"WebSite","@id":"https:\/\/www.mp3-italia.it\/#website","url":"https:\/\/www.mp3-italia.it\/","name":"MP3","description":"Protect People, with Passione","publisher":{"@id":"https:\/\/www.mp3-italia.it\/#organization"},"potentialAction":[{"@type":"SearchAction","target":{"@type":"EntryPoint","urlTemplate":"https:\/\/www.mp3-italia.it\/?s={search_term_string}"},"query-input":"required name=search_term_string"}],"inLanguage":"es"},{"@type":"ImageObject","@id":"https:\/\/www.mp3-italia.it\/productos\/regulation\/at-kvr-r\/#primaryimage","inLanguage":"es","url":"https:\/\/www.mp3-italia.it\/wp-content\/uploads\/2021\/05\/AT-KVR-R.jpg","contentUrl":"https:\/\/www.mp3-italia.it\/wp-content\/uploads\/2021\/05\/AT-KVR-R.jpg","width":1080,"height":1080,"caption":"AT-KVR-R"},{"@type":"WebPage","@id":"https:\/\/www.mp3-italia.it\/productos\/regulation\/at-kvr-r\/#webpage","url":"https:\/\/www.mp3-italia.it\/productos\/regulation\/at-kvr-r\/","name":"AT-KVR-R - MP3","isPartOf":{"@id":"https:\/\/www.mp3-italia.it\/#website"},"primaryImageOfPage":{"@id":"https:\/\/www.mp3-italia.it\/productos\/regulation\/at-kvr-r\/#primaryimage"},"datePublished":"2021-05-26T15:30:47+00:00","dateModified":"2021-09-21T14:56:39+00:00","breadcrumb":{"@id":"https:\/\/www.mp3-italia.it\/productos\/regulation\/at-kvr-r\/#breadcrumb"},"inLanguage":"es","potentialAction":[{"@type":"ReadAction","target":["https:\/\/www.mp3-italia.it\/productos\/regulation\/at-kvr-r\/"]}]},{"@type":"BreadcrumbList","@id":"https:\/\/www.mp3-italia.it\/productos\/regulation\/at-kvr-r\/#breadcrumb","itemListElement":[{"@type":"ListItem","position":1,"name":"Home","item":"https:\/\/www.mp3-italia.it\/es\/"},{"@type":"ListItem","position":2,"name":""},{"@type":"ListItem","position":3,"name":"AT-KVR-R"}]}]}},"_links":{"self":[{"href":"https:\/\/www.mp3-italia.it\/es\/wp-json\/wp\/v2\/product\/9438"}],"collection":[{"href":"https:\/\/www.mp3-italia.it\/es\/wp-json\/wp\/v2\/product"}],"about":[{"href":"https:\/\/www.mp3-italia.it\/es\/wp-json\/wp\/v2\/types\/product"}],"wp:featuredmedia":[{"embeddable":true,"href":"https:\/\/www.mp3-italia.it\/es\/wp-json\/wp\/v2\/media\/6285"}],"wp:attachment":[{"href":"https:\/\/www.mp3-italia.it\/es\/wp-json\/wp\/v2\/media?parent=9438"}],"wp:term":[{"taxonomy":"product_cat","embeddable":true,"href":"https:\/\/www.mp3-italia.it\/es\/wp-json\/wp\/v2\/product_cat?post=9438"},{"taxonomy":"product_tag","embeddable":true,"href":"https:\/\/www.mp3-italia.it\/es\/wp-json\/wp\/v2\/product_tag?post=9438"}],"curies":[{"name":"wp","href":"https:\/\/api.w.org\/{rel}","templated":true}]}}