{"id":9327,"date":"2021-02-15T16:36:02","date_gmt":"2021-02-15T15:36:02","guid":{"rendered":"https:\/\/www.mp3-italia.it\/products\/sin%20categor\u00eda\/cf-uq\/"},"modified":"2024-04-18T15:35:02","modified_gmt":"2024-04-18T13:35:02","slug":"cf-uq","status":"publish","type":"product","link":"https:\/\/www.mp3-italia.it\/es\/productos\/difusion\/cf-uq\/","title":{"rendered":"CF-UQ"},"content":{"rendered":"<p>[et_pb_section fb_built=\u00bb1&#8243; admin_label=\u00bbINTESTAZIONE\u00bb _builder_version=\u00bb4.8.0&#8243; _module_preset=\u00bbdefault\u00bb background_color=\u00bb#f9f9f9&#8243; collapsed=\u00bbon\u00bb global_colors_info=\u00bb{}\u00bb][et_pb_row column_structure=\u00bb1_3,1_3,1_3&#8243; use_custom_gutter=\u00bbon\u00bb gutter_width=\u00bb2&#8243; make_equal=\u00bbon\u00bb _builder_version=\u00bb4.8.0&#8243; _module_preset=\u00bbdefault\u00bb width=\u00bb90%\u00bb max_width=\u00bb100%\u00bb custom_padding=\u00bb0px||0px||true|false\u00bb global_colors_info=\u00bb{}\u00bb][et_pb_column type=\u00bb1_3&#8243; module_class=\u00bbcentra-verticale\u00bb disabled_on=\u00bbon|on|off\u00bb _builder_version=\u00bb4.8.0&#8243; _module_preset=\u00bbdefault\u00bb custom_padding=\u00bb40px||40px||true|false\u00bb custom_padding_tablet=\u00bb0px||0px||true|false\u00bb custom_padding_phone=\u00bb\u00bb custom_padding_last_edited=\u00bbon|desktop\u00bb global_colors_info=\u00bb{}\u00bb][et_pb_image src=\u00bbhttps:\/\/www.mp3-italia.it\/wp-content\/uploads\/2020\/12\/MP3_logo_black_tagline.png\u00bb title_text=\u00bbMP3_logo_black_tagline\u00bb url=\u00bb@ET-DC@eyJkeW5hbWljIjp0cnVlLCJjb250ZW50IjoiaG9tZV91cmwiLCJzZXR0aW5ncyI6e319@\u00bb disabled_on=\u00bboff|off|off\u00bb _builder_version=\u00bb4.8.0&#8243; _dynamic_attributes=\u00bburl\u00bb _module_preset=\u00bbdefault\u00bb width=\u00bb150px\u00bb global_colors_info=\u00bb{}\u00bb][\/et_pb_image][\/et_pb_column][et_pb_column type=\u00bb1_3&#8243; module_class=\u00bbcentra-verticale\u00bb _builder_version=\u00bb4.8.0&#8243; _module_preset=\u00bbdefault\u00bb custom_padding=\u00bb|||50px|false|false\u00bb border_width_left=\u00bb1px\u00bb border_color_left=\u00bb#e8e8e8&#8243; global_colors_info=\u00bb{}\u00bb][et_pb_text _builder_version=\u00bb4.8.0&#8243; _dynamic_attributes=\u00bbcontent\u00bb _module_preset=\u00bbdefault\u00bb header_font=\u00bb|700|||||||\u00bb header_text_color=\u00bb#0075bf\u00bb header_letter_spacing=\u00bb1px\u00bb custom_margin=\u00bb||5px||false|false\u00bb custom_padding=\u00bb||||false|false\u00bb global_colors_info=\u00bb{}\u00bb]@ET-DC@eyJkeW5hbWljIjp0cnVlLCJjb250ZW50IjoicG9zdF90YWdzIiwic2V0dGluZ3MiOnsiYmVmb3JlIjoiIiwiYWZ0ZXIiOiIiLCJsaW5rX3RvX3Rlcm1fcGFnZSI6Im9mZiIsInNlcGFyYXRvciI6IiB8ICIsImNhdGVnb3J5X3R5cGUiOiJwcm9kdWN0X3RhZyJ9fQ==@[\/et_pb_text][et_pb_text _builder_version=\u00bb4.8.0&#8243; _dynamic_attributes=\u00bbcontent\u00bb _module_preset=\u00bbdefault\u00bb text_font=\u00bb|700|||||||\u00bb text_text_color=\u00bb#0075BF\u00bb text_font_size=\u00bb30px\u00bb header_font=\u00bb|700|||||||\u00bb header_text_color=\u00bb#0075bf\u00bb header_letter_spacing=\u00bb1px\u00bb global_colors_info=\u00bb{}\u00bb]@ET-DC@eyJkeW5hbWljIjp0cnVlLCJjb250ZW50IjoicG9zdF90aXRsZSIsInNldHRpbmdzIjp7ImJlZm9yZSI6IiIsImFmdGVyIjoiIn19@[\/et_pb_text][\/et_pb_column][et_pb_column type=\u00bb1_3&#8243; module_class=\u00bbcentra-verticale\u00bb _builder_version=\u00bb4.8.0&#8243; _module_preset=\u00bbdefault\u00bb global_colors_info=\u00bb{}\u00bb][et_pb_blurb url=\u00bb@ET-DC@eyJkeW5hbWljIjp0cnVlLCJjb250ZW50IjoicG9zdF9saW5rX3VybF9wYWdlIiwic2V0dGluZ3MiOnsicG9zdF9pZCI6IjE1MSJ9fQ==@\u00bb image=\u00bbhttps:\/\/www.mp3-italia.it\/wp-content\/uploads\/2021\/01\/arrow_-copia.png\u00bb icon_placement=\u00bbleft\u00bb image_icon_width=\u00bb30px\u00bb _builder_version=\u00bb4.13.0&#8243; _dynamic_attributes=\u00bburl,link_option_url\u00bb _module_preset=\u00bbdefault\u00bb body_line_height=\u00bb1.9em\u00bb background_enable_color=\u00bboff\u00bb width=\u00bb200px\u00bb width_tablet=\u00bb200px\u00bb width_phone=\u00bb\u00bb width_last_edited=\u00bbon|phone\u00bb module_alignment=\u00bbright\u00bb animation=\u00bboff\u00bb link_option_url=\u00bb@ET-DC@eyJkeW5hbWljIjp0cnVlLCJjb250ZW50IjoicG9zdF9saW5rX3VybF9wYWdlIiwic2V0dGluZ3MiOnsicG9zdF9pZCI6IjE1MSJ9fQ==@\u00bb module_alignment_tablet=\u00bbleft\u00bb module_alignment_phone=\u00bb\u00bb module_alignment_last_edited=\u00bbon|tablet\u00bb image_max_width=\u00bb30px\u00bb global_colors_info=\u00bb{}\u00bb]<\/p>\n<p>Volver a Difusi\u00f3n<\/p>\n<p>[\/et_pb_blurb][\/et_pb_column][\/et_pb_row][\/et_pb_section][et_pb_section fb_built=\u00bb1&#8243; admin_label=\u00bbPRODOTTO\u00bb _builder_version=\u00bb4.8.0&#8243; _module_preset=\u00bbdefault\u00bb global_colors_info=\u00bb{}\u00bb][et_pb_row column_structure=\u00bb1_2,1_2&#8243; _builder_version=\u00bb4.7.7&#8243; _module_preset=\u00bbdefault\u00bb collapsed=\u00bbon\u00bb global_colors_info=\u00bb{}\u00bb][et_pb_column type=\u00bb1_2&#8243; _builder_version=\u00bb4.7.7&#8243; _module_preset=\u00bbdefault\u00bb global_colors_info=\u00bb{}\u00bb][et_pb_wc_images show_sale_badge=\u00bboff\u00bb admin_label=\u00bbimg + gallery\u00bb _builder_version=\u00bb4.8.0&#8243; _module_preset=\u00bbdefault\u00bb global_colors_info=\u00bb{}\u00bb][\/et_pb_wc_images][et_pb_gallery gallery_ids=\u00bb2010,2006&#8243; show_pagination=\u00bboff\u00bb zoom_icon_color=\u00bbRGBA(0,0,0,0)\u00bb _builder_version=\u00bb4.8.0&#8243; _module_preset=\u00bbdefault\u00bb global_colors_info=\u00bb{}\u00bb][\/et_pb_gallery][\/et_pb_column][et_pb_column type=\u00bb1_2&#8243; _builder_version=\u00bb4.7.7&#8243; _module_preset=\u00bbdefault\u00bb global_colors_info=\u00bb{}\u00bb][et_pb_wc_description description_type=\u00bbdescription\u00bb admin_label=\u00bbDescrizione LUNGA h2&#8243; _builder_version=\u00bb4.8.0&#8243; _module_preset=\u00bbdefault\u00bb global_colors_info=\u00bb{}\u00bb][\/et_pb_wc_description][\/et_pb_column][\/et_pb_row][et_pb_row admin_label=\u00bb-\u00bb _builder_version=\u00bb4.8.0&#8243; _module_preset=\u00bbdefault\u00bb collapsed=\u00bbon\u00bb global_colors_info=\u00bb{}\u00bb][et_pb_column type=\u00bb4_4&#8243; _builder_version=\u00bb4.7.7&#8243; _module_preset=\u00bbdefault\u00bb global_colors_info=\u00bb{}\u00bb][et_pb_divider color=\u00bb#c6c6c6&#8243; divider_position=\u00bbcenter\u00bb admin_label=\u00bb-\u00bb _builder_version=\u00bb4.8.0&#8243; _module_preset=\u00bbdefault\u00bb global_colors_info=\u00bb{}\u00bb][\/et_pb_divider][et_pb_text admin_label=\u00bbSELECTION\u00bb _builder_version=\u00bb4.10.8&#8243; _module_preset=\u00bbdefault\u00bb global_colors_info=\u00bb{}\u00bb]<\/p>\n<h3>Informaci\u00f3n<\/h3>\n<p>[\/et_pb_text][\/et_pb_column][\/et_pb_row][et_pb_row column_structure=\u00bb1_6,1_6,1_6,1_6,1_6,1_6&#8243; use_custom_gutter=\u00bbon\u00bb gutter_width=\u00bb1&#8243; _builder_version=\u00bb4.10.8&#8243; _module_preset=\u00bbdefault\u00bb global_colors_info=\u00bb{}\u00bb][et_pb_column type=\u00bb1_6&#8243; _builder_version=\u00bb4.10.8&#8243; _module_preset=\u00bbdefault\u00bb global_colors_info=\u00bb{}\u00bb][et_pb_blurb title=\u00bbCat\u00e1logo\u00bb url=\u00bb\/wp-content\/uploads\/2024\/04\/CF-UQ_ENG_24_00.pdf\u00bb url_new_window=\u00bbon\u00bb use_icon=\u00bbon\u00bb font_icon=\u00bb&#x69;||divi||400&#8243; icon_color=\u00bb#0075bf\u00bb icon_placement=\u00bbleft\u00bb _builder_version=\u00bb4.14.7&#8243; _module_preset=\u00bbdefault\u00bb header_text_color=\u00bb#0075bf\u00bb header_line_height=\u00bb1.5em\u00bb module_alignment=\u00bbleft\u00bb custom_margin=\u00bb||5px||false|false\u00bb link_option_url=\u00bb\/wp-content\/uploads\/2024\/04\/CF-UQ_ENG_24_00.pdf\u00bb link_option_url_new_window=\u00bbon\u00bb hover_enabled=\u00bb0&#8243; global_colors_info=\u00bb{}\u00bb sticky_enabled=\u00bb0&#8243;][\/et_pb_blurb][\/et_pb_column][et_pb_column type=\u00bb1_6&#8243; _builder_version=\u00bb4.10.8&#8243; _module_preset=\u00bbdefault\u00bb global_colors_info=\u00bb{}\u00bb][et_pb_blurb title=\u00bbSelecci\u00f3n\u00bb url=\u00bb\/wp-content\/uploads\/2024\/04\/Selezione-rapida-MP3-CF-UQ.pdf\u00bb url_new_window=\u00bbon\u00bb use_icon=\u00bbon\u00bb font_icon=\u00bb&#xe0ec;||divi||400&#8243; icon_color=\u00bb#F0461B\u00bb icon_placement=\u00bbleft\u00bb _builder_version=\u00bb4.14.7&#8243; _module_preset=\u00bbdefault\u00bb header_text_color=\u00bb#F0461B\u00bb header_line_height=\u00bb1.5em\u00bb body_font_size=\u00bb15px\u00bb body_line_height=\u00bb0em\u00bb module_alignment=\u00bbleft\u00bb custom_margin=\u00bb||5px||false|false\u00bb link_option_url=\u00bb\/wp-content\/uploads\/2024\/04\/Selezione-rapida-MP3-CF-UQ.pdf\u00bb link_option_url_new_window=\u00bbon\u00bb hover_enabled=\u00bb0&#8243; global_colors_info=\u00bb{}\u00bb sticky_enabled=\u00bb0&#8243;][\/et_pb_blurb][\/et_pb_column][et_pb_column type=\u00bb1_6&#8243; _builder_version=\u00bb4.10.8&#8243; _module_preset=\u00bbdefault\u00bb global_colors_info=\u00bb{}\u00bb][\/et_pb_column][et_pb_column type=\u00bb1_6&#8243; _builder_version=\u00bb4.10.8&#8243; _module_preset=\u00bbdefault\u00bb global_colors_info=\u00bb{}\u00bb][\/et_pb_column][et_pb_column type=\u00bb1_6&#8243; _builder_version=\u00bb4.10.8&#8243; _module_preset=\u00bbdefault\u00bb global_colors_info=\u00bb{}\u00bb][\/et_pb_column][et_pb_column type=\u00bb1_6&#8243; _builder_version=\u00bb4.10.8&#8243; _module_preset=\u00bbdefault\u00bb global_colors_info=\u00bb{}\u00bb][\/et_pb_column][\/et_pb_row][et_pb_row admin_label=\u00bbDIMENSIONI\u00bb _builder_version=\u00bb4.8.0&#8243; _module_preset=\u00bbdefault\u00bb custom_padding=\u00bb||0px|||\u00bb collapsed=\u00bboff\u00bb global_colors_info=\u00bb{}\u00bb][et_pb_column type=\u00bb4_4&#8243; _builder_version=\u00bb4.7.7&#8243; _module_preset=\u00bbdefault\u00bb global_colors_info=\u00bb{}\u00bb][et_pb_divider color=\u00bb#c6c6c6&#8243; divider_position=\u00bbcenter\u00bb admin_label=\u00bb-\u00bb _builder_version=\u00bb4.8.0&#8243; _module_preset=\u00bbdefault\u00bb global_colors_info=\u00bb{}\u00bb][\/et_pb_divider][et_pb_text admin_label=\u00bbDIMENSIONI\u00bb _builder_version=\u00bb4.9.10&#8243; _module_preset=\u00bbdefault\u00bb global_colors_info=\u00bb{}\u00bb]<\/p>\n<h3>Dimensiones<\/h3>\n<p>[\/et_pb_text][et_pb_toggle title=\u00bbSerie CF-UQ \u00bb admin_label=\u00bbSerie\u00bb _builder_version=\u00bb4.10.8&#8243; _module_preset=\u00bbdefault\u00bb global_colors_info=\u00bb{}\u00bb]<\/p>\n<p><a href=\"https:\/\/www.mp3-italia.it\/wp-content\/uploads\/2021\/02\/CF-UQ_dimensioni.jpg\"><img loading=\"lazy\" class=\"wp-image-11171 aligncenter size-full\" src=\"https:\/\/www.mp3-italia.it\/wp-content\/uploads\/2021\/02\/CF-UQ_dimensioni.jpg\" alt=\"\" width=\"1080\" height=\"1313\" srcset=\"https:\/\/www.mp3-italia.it\/wp-content\/uploads\/2021\/02\/CF-UQ_dimensioni.jpg 1080w, https:\/\/www.mp3-italia.it\/wp-content\/uploads\/2021\/02\/CF-UQ_dimensioni-980x1191.jpg 980w, https:\/\/www.mp3-italia.it\/wp-content\/uploads\/2021\/02\/CF-UQ_dimensioni-480x584.jpg 480w\" sizes=\"(min-width: 0px) and (max-width: 480px) 480px, (min-width: 481px) and (max-width: 980px) 980px, (min-width: 981px) 1080px, 100vw\" \/><\/a><\/p>\n<p>[\/et_pb_toggle][\/et_pb_column][\/et_pb_row][\/et_pb_section]<\/p>\n","protected":false},"excerpt":{"rendered":"<p>Rejillas de malla cuadrada para techos modulares<\/p>\n","protected":false},"featured_media":10158,"template":"","meta":{"_et_pb_use_builder":"on","_et_pb_old_content":"<blockquote>La serie CF-UQ de difusores tipo huevera ha sido dise\u00f1ada espec\u00edficamente para ser utilizada en techos modulares y presenta un marco especial fino que una vez instalado se vuelve invisible. Esta geometr\u00eda espec\u00edfica permite obtener valores muy altos de espacio libre para el caudal de aire, por lo que reduce las p\u00e9rdidas de carga casi al m\u00ednimo.\r\nLos difusores tipo huevera CF-UQ est\u00e1n disponibles en dos versiones: versi\u00f3n con malla recta para uso vertical en la extracci\u00f3n de aire y versi\u00f3n con malla angulada para un flujo de aire a 45\u00b0. Esta versi\u00f3n impide ver el interior del \u00abpl\u00e9num\u00bb una vez instalado el difusor en el techo modular.<\/blockquote>\r\n<h2>Datos t\u00e9cnicos<\/h2>\r\n<ul>\r\n \t<li>Marco de aluminio doblado a presi\u00f3n, 10\u00a0mm de ancho.<\/li>\r\n \t<li>Malla tipo huevera con vanos de 15\u00a0mm.<\/li>\r\n \t<li>Una versi\u00f3n con una malla angulada 45\u00b0.<\/li>\r\n \t<li>Acabado de pintura RAL 9010.<\/li>\r\n<\/ul>","_et_gb_content_width":""},"product_cat":[78],"product_tag":[184],"yoast_head":"<!-- This site is optimized with the Yoast SEO Premium plugin v16.1 (Yoast SEO v18.0) - https:\/\/yoast.com\/wordpress\/plugins\/seo\/ -->\n<title>CF-UQ - MP3<\/title>\n<meta name=\"robots\" content=\"index, follow, max-snippet:-1, max-image-preview:large, max-video-preview:-1\" \/>\n<link rel=\"canonical\" href=\"https:\/\/www.mp3-italia.it\/es\/productos\/difusion\/cf-uq\/\" \/>\n<meta property=\"og:locale\" content=\"es_ES\" \/>\n<meta property=\"og:type\" content=\"article\" \/>\n<meta property=\"og:title\" content=\"CF-UQ - MP3\" \/>\n<meta property=\"og:description\" content=\"Rejillas de malla cuadrada para techos modulares\" \/>\n<meta property=\"og:url\" content=\"https:\/\/www.mp3-italia.it\/es\/productos\/difusion\/cf-uq\/\" \/>\n<meta property=\"og:site_name\" content=\"MP3\" \/>\n<meta property=\"article:publisher\" content=\"https:\/\/www.facebook.com\/mp3italia\/\" \/>\n<meta property=\"article:modified_time\" content=\"2024-04-18T13:35:02+00:00\" \/>\n<meta property=\"og:image\" content=\"https:\/\/www.mp3-italia.it\/wp-content\/uploads\/2021\/02\/CF-UQ4.jpg\" \/>\n\t<meta property=\"og:image:width\" content=\"1080\" \/>\n\t<meta property=\"og:image:height\" content=\"1080\" \/>\n\t<meta property=\"og:image:type\" content=\"image\/jpeg\" \/>\n<meta name=\"twitter:card\" content=\"summary_large_image\" \/>\n<meta name=\"twitter:site\" content=\"@MP3airsolutions\" \/>\n<meta name=\"twitter:label1\" content=\"Tiempo de lectura\" \/>\n\t<meta name=\"twitter:data1\" content=\"5 minutos\" \/>\n<script type=\"application\/ld+json\" class=\"yoast-schema-graph\">{\"@context\":\"https:\/\/schema.org\",\"@graph\":[{\"@type\":\"Organization\",\"@id\":\"https:\/\/www.mp3-italia.it\/#organization\",\"name\":\"MP3 Italia\",\"url\":\"https:\/\/www.mp3-italia.it\/\",\"sameAs\":[\"https:\/\/www.facebook.com\/mp3italia\/\",\"https:\/\/www.linkedin.com\/company\/mp3-air-solutions\/\",\"https:\/\/www.youtube.com\/user\/MP3AirSolutions\/videos\",\"https:\/\/twitter.com\/MP3airsolutions\"],\"logo\":{\"@type\":\"ImageObject\",\"@id\":\"https:\/\/www.mp3-italia.it\/#logo\",\"inLanguage\":\"es\",\"url\":\"https:\/\/www.mp3-italia.it\/wp-content\/uploads\/2020\/12\/MP3_logo_black_tagline.png\",\"contentUrl\":\"https:\/\/www.mp3-italia.it\/wp-content\/uploads\/2020\/12\/MP3_logo_black_tagline.png\",\"width\":507,\"height\":200,\"caption\":\"MP3 Italia\"},\"image\":{\"@id\":\"https:\/\/www.mp3-italia.it\/#logo\"}},{\"@type\":\"WebSite\",\"@id\":\"https:\/\/www.mp3-italia.it\/#website\",\"url\":\"https:\/\/www.mp3-italia.it\/\",\"name\":\"MP3\",\"description\":\"Protect People, with Passione\",\"publisher\":{\"@id\":\"https:\/\/www.mp3-italia.it\/#organization\"},\"potentialAction\":[{\"@type\":\"SearchAction\",\"target\":{\"@type\":\"EntryPoint\",\"urlTemplate\":\"https:\/\/www.mp3-italia.it\/?s={search_term_string}\"},\"query-input\":\"required name=search_term_string\"}],\"inLanguage\":\"es\"},{\"@type\":\"ImageObject\",\"@id\":\"https:\/\/www.mp3-italia.it\/es\/productos\/difusion\/cf-uq\/#primaryimage\",\"inLanguage\":\"es\",\"url\":\"https:\/\/www.mp3-italia.it\/wp-content\/uploads\/2021\/02\/CF-UQ4.jpg\",\"contentUrl\":\"https:\/\/www.mp3-italia.it\/wp-content\/uploads\/2021\/02\/CF-UQ4.jpg\",\"width\":1080,\"height\":1080},{\"@type\":\"WebPage\",\"@id\":\"https:\/\/www.mp3-italia.it\/es\/productos\/difusion\/cf-uq\/#webpage\",\"url\":\"https:\/\/www.mp3-italia.it\/es\/productos\/difusion\/cf-uq\/\",\"name\":\"CF-UQ - MP3\",\"isPartOf\":{\"@id\":\"https:\/\/www.mp3-italia.it\/#website\"},\"primaryImageOfPage\":{\"@id\":\"https:\/\/www.mp3-italia.it\/es\/productos\/difusion\/cf-uq\/#primaryimage\"},\"datePublished\":\"2021-02-15T15:36:02+00:00\",\"dateModified\":\"2024-04-18T13:35:02+00:00\",\"breadcrumb\":{\"@id\":\"https:\/\/www.mp3-italia.it\/es\/productos\/difusion\/cf-uq\/#breadcrumb\"},\"inLanguage\":\"es\",\"potentialAction\":[{\"@type\":\"ReadAction\",\"target\":[\"https:\/\/www.mp3-italia.it\/es\/productos\/difusion\/cf-uq\/\"]}]},{\"@type\":\"BreadcrumbList\",\"@id\":\"https:\/\/www.mp3-italia.it\/es\/productos\/difusion\/cf-uq\/#breadcrumb\",\"itemListElement\":[{\"@type\":\"ListItem\",\"position\":1,\"name\":\"Home\",\"item\":\"https:\/\/www.mp3-italia.it\/es\/\"},{\"@type\":\"ListItem\",\"position\":2,\"name\":\"\"},{\"@type\":\"ListItem\",\"position\":3,\"name\":\"CF-UQ\"}]}]}<\/script>\n<!-- \/ Yoast SEO Premium plugin. -->","yoast_head_json":{"title":"CF-UQ - MP3","robots":{"index":"index","follow":"follow","max-snippet":"max-snippet:-1","max-image-preview":"max-image-preview:large","max-video-preview":"max-video-preview:-1"},"canonical":"https:\/\/www.mp3-italia.it\/es\/productos\/difusion\/cf-uq\/","og_locale":"es_ES","og_type":"article","og_title":"CF-UQ - MP3","og_description":"Rejillas de malla cuadrada para techos modulares","og_url":"https:\/\/www.mp3-italia.it\/es\/productos\/difusion\/cf-uq\/","og_site_name":"MP3","article_publisher":"https:\/\/www.facebook.com\/mp3italia\/","article_modified_time":"2024-04-18T13:35:02+00:00","og_image":[{"width":1080,"height":1080,"url":"https:\/\/www.mp3-italia.it\/wp-content\/uploads\/2021\/02\/CF-UQ4.jpg","type":"image\/jpeg"}],"twitter_card":"summary_large_image","twitter_site":"@MP3airsolutions","twitter_misc":{"Tiempo de lectura":"5 minutos"},"schema":{"@context":"https:\/\/schema.org","@graph":[{"@type":"Organization","@id":"https:\/\/www.mp3-italia.it\/#organization","name":"MP3 Italia","url":"https:\/\/www.mp3-italia.it\/","sameAs":["https:\/\/www.facebook.com\/mp3italia\/","https:\/\/www.linkedin.com\/company\/mp3-air-solutions\/","https:\/\/www.youtube.com\/user\/MP3AirSolutions\/videos","https:\/\/twitter.com\/MP3airsolutions"],"logo":{"@type":"ImageObject","@id":"https:\/\/www.mp3-italia.it\/#logo","inLanguage":"es","url":"https:\/\/www.mp3-italia.it\/wp-content\/uploads\/2020\/12\/MP3_logo_black_tagline.png","contentUrl":"https:\/\/www.mp3-italia.it\/wp-content\/uploads\/2020\/12\/MP3_logo_black_tagline.png","width":507,"height":200,"caption":"MP3 Italia"},"image":{"@id":"https:\/\/www.mp3-italia.it\/#logo"}},{"@type":"WebSite","@id":"https:\/\/www.mp3-italia.it\/#website","url":"https:\/\/www.mp3-italia.it\/","name":"MP3","description":"Protect People, with Passione","publisher":{"@id":"https:\/\/www.mp3-italia.it\/#organization"},"potentialAction":[{"@type":"SearchAction","target":{"@type":"EntryPoint","urlTemplate":"https:\/\/www.mp3-italia.it\/?s={search_term_string}"},"query-input":"required name=search_term_string"}],"inLanguage":"es"},{"@type":"ImageObject","@id":"https:\/\/www.mp3-italia.it\/es\/productos\/difusion\/cf-uq\/#primaryimage","inLanguage":"es","url":"https:\/\/www.mp3-italia.it\/wp-content\/uploads\/2021\/02\/CF-UQ4.jpg","contentUrl":"https:\/\/www.mp3-italia.it\/wp-content\/uploads\/2021\/02\/CF-UQ4.jpg","width":1080,"height":1080},{"@type":"WebPage","@id":"https:\/\/www.mp3-italia.it\/es\/productos\/difusion\/cf-uq\/#webpage","url":"https:\/\/www.mp3-italia.it\/es\/productos\/difusion\/cf-uq\/","name":"CF-UQ - MP3","isPartOf":{"@id":"https:\/\/www.mp3-italia.it\/#website"},"primaryImageOfPage":{"@id":"https:\/\/www.mp3-italia.it\/es\/productos\/difusion\/cf-uq\/#primaryimage"},"datePublished":"2021-02-15T15:36:02+00:00","dateModified":"2024-04-18T13:35:02+00:00","breadcrumb":{"@id":"https:\/\/www.mp3-italia.it\/es\/productos\/difusion\/cf-uq\/#breadcrumb"},"inLanguage":"es","potentialAction":[{"@type":"ReadAction","target":["https:\/\/www.mp3-italia.it\/es\/productos\/difusion\/cf-uq\/"]}]},{"@type":"BreadcrumbList","@id":"https:\/\/www.mp3-italia.it\/es\/productos\/difusion\/cf-uq\/#breadcrumb","itemListElement":[{"@type":"ListItem","position":1,"name":"Home","item":"https:\/\/www.mp3-italia.it\/es\/"},{"@type":"ListItem","position":2,"name":""},{"@type":"ListItem","position":3,"name":"CF-UQ"}]}]}},"_links":{"self":[{"href":"https:\/\/www.mp3-italia.it\/es\/wp-json\/wp\/v2\/product\/9327"}],"collection":[{"href":"https:\/\/www.mp3-italia.it\/es\/wp-json\/wp\/v2\/product"}],"about":[{"href":"https:\/\/www.mp3-italia.it\/es\/wp-json\/wp\/v2\/types\/product"}],"wp:featuredmedia":[{"embeddable":true,"href":"https:\/\/www.mp3-italia.it\/es\/wp-json\/wp\/v2\/media\/10158"}],"wp:attachment":[{"href":"https:\/\/www.mp3-italia.it\/es\/wp-json\/wp\/v2\/media?parent=9327"}],"wp:term":[{"taxonomy":"product_cat","embeddable":true,"href":"https:\/\/www.mp3-italia.it\/es\/wp-json\/wp\/v2\/product_cat?post=9327"},{"taxonomy":"product_tag","embeddable":true,"href":"https:\/\/www.mp3-italia.it\/es\/wp-json\/wp\/v2\/product_tag?post=9327"}],"curies":[{"name":"wp","href":"https:\/\/api.w.org\/{rel}","templated":true}]}}