{"id":3987,"date":"2020-12-28T09:31:36","date_gmt":"2020-12-28T08:31:36","guid":{"rendered":"https:\/\/www.mp3-italia.it\/mp3-protect-people-with-passione\/"},"modified":"2021-12-29T17:38:44","modified_gmt":"2021-12-29T16:38:44","slug":"pagina-di-esempio","status":"publish","type":"page","link":"https:\/\/www.mp3-italia.it\/es\/","title":{"rendered":"MP3 &#8211; Protect People, with Passione"},"content":{"rendered":"<p>[et_pb_section fb_built=\u00bb1&#8243; custom_padding_last_edited=\u00bbon|desktop\u00bb _builder_version=\u00bb4.9.4&#8243; _module_preset=\u00bbdefault\u00bb background_image=\u00bbhttps:\/\/www.mp3-italia.it\/wp-content\/uploads\/2021\/05\/grattacieli-mp3-2.jpg\u00bb background_position=\u00bbbottom_right\u00bb custom_margin_phone=\u00bb0px||0px||false|false\u00bb custom_margin_last_edited=\u00bboff|desktop\u00bb custom_padding=\u00bb50px||0px||false|false\u00bb custom_padding_tablet=\u00bb0px||||false|false\u00bb custom_padding_phone=\u00bb\u00bb global_colors_info=\u00bb{}\u00bb][et_pb_row column_structure=\u00bb1_2,1_2&#8243; _builder_version=\u00bb4.8.0&#8243; _module_preset=\u00bbdefault\u00bb custom_margin=\u00bb||0px||false|false\u00bb custom_padding=\u00bb||0px||false|false\u00bb global_colors_info=\u00bb{}\u00bb][et_pb_column type=\u00bb1_2&#8243; _builder_version=\u00bb4.8.0&#8243; _module_preset=\u00bbdefault\u00bb global_colors_info=\u00bb{}\u00bb][et_pb_image src=\u00bbhttps:\/\/www.mp3-italia.it\/wp-content\/uploads\/2020\/12\/MP3_logo_black_tagline.png\u00bb title_text=\u00bbMP3_logo_black_tagline\u00bb _builder_version=\u00bb4.8.0&#8243; _module_preset=\u00bbdefault\u00bb width=\u00bb350px\u00bb width_tablet=\u00bb\u00bb width_phone=\u00bb300px\u00bb width_last_edited=\u00bbon|phone\u00bb global_colors_info=\u00bb{}\u00bb][\/et_pb_image][et_pb_text _builder_version=\u00bb4.9.10&#8243; _module_preset=\u00bbdefault\u00bb text_font=\u00bb||||||||\u00bb header_font_size=\u00bb20px\u00bb max_width_tablet=\u00bb60%\u00bb max_width_phone=\u00bb100%\u00bb max_width_last_edited=\u00bbon|tablet\u00bb custom_margin=\u00bb50px||||false|false\u00bb animation_style=\u00bbfade\u00bb animation_delay=\u00bb300ms\u00bb header_line_height_tablet=\u00bb\u00bb header_line_height_phone=\u00bb1.2em\u00bb header_line_height_last_edited=\u00bbon|phone\u00bb global_colors_info=\u00bb{}\u00bb]<\/p>\n<h1>Componentes profesionales para acondicionamiento de aire, ventilaci\u00f3n, protecci\u00f3n contra incendios, filtraci\u00f3n y ac\u00fastica<\/h1>\n<p>[\/et_pb_text][\/et_pb_column][et_pb_column type=\u00bb1_2&#8243; _builder_version=\u00bb4.8.0&#8243; _module_preset=\u00bbdefault\u00bb global_colors_info=\u00bb{}\u00bb][et_pb_blurb url=\u00bb#video\u00bb image=\u00bbhttps:\/\/www.mp3-italia.it\/wp-content\/uploads\/2021\/01\/arrow2.png\u00bb icon_placement=\u00bbleft\u00bb image_max_width=\u00bb50px\u00bb _builder_version=\u00bb4.9.10&#8243; _module_preset=\u00bbdefault\u00bb body_line_height=\u00bb3em\u00bb background_enable_color=\u00bboff\u00bb width=\u00bb150px\u00bb width_tablet=\u00bb200px\u00bb width_phone=\u00bb\u00bb width_last_edited=\u00bbon|tablet\u00bb module_alignment=\u00bbright\u00bb child_filter_brightness=\u00bb67%\u00bb animation_style=\u00bbfade\u00bb animation_delay=\u00bb600ms\u00bb animation=\u00bboff\u00bb link_option_url=\u00bb#video\u00bb module_alignment_tablet=\u00bbleft\u00bb module_alignment_phone=\u00bb\u00bb module_alignment_last_edited=\u00bbon|tablet\u00bb global_colors_info=\u00bb{}\u00bb]Ver v\u00eddeo[\/et_pb_blurb][\/et_pb_column][\/et_pb_row][et_pb_row column_structure=\u00bb1_2,1_2&#8243; custom_padding_last_edited=\u00bboff|desktop\u00bb _builder_version=\u00bb4.9.4&#8243; _module_preset=\u00bbdefault\u00bb custom_padding=\u00bb50px||50px||true|false\u00bb custom_padding_tablet=\u00bb||80px||false|false\u00bb custom_padding_phone=\u00bb0px||120px||false|false\u00bb animation_style=\u00bbfade\u00bb animation_delay=\u00bb300ms\u00bb global_colors_info=\u00bb{}\u00bb][et_pb_column type=\u00bb1_2&#8243; _builder_version=\u00bb4.8.0&#8243; _module_preset=\u00bbdefault\u00bb global_colors_info=\u00bb{}\u00bb][et_pb_text _builder_version=\u00bb4.9.10&#8243; _module_preset=\u00bbdefault\u00bb text_font=\u00bb||||||||\u00bb text_letter_spacing=\u00bb9px\u00bb header_font_size=\u00bb20px\u00bb global_colors_info=\u00bb{}\u00bb]EXPLORE[\/et_pb_text][et_pb_image src=\u00bbhttps:\/\/www.mp3-italia.it\/wp-content\/uploads\/2021\/01\/arrow_.png\u00bb title_text=\u00bbarrow_\u00bb url=\u00bb#categorie\u00bb _builder_version=\u00bb4.8.0&#8243; _module_preset=\u00bbdefault\u00bb width=\u00bb30px\u00bb global_colors_info=\u00bb{}\u00bb][\/et_pb_image][\/et_pb_column][et_pb_column type=\u00bb1_2&#8243; _builder_version=\u00bb4.8.0&#8243; _module_preset=\u00bbdefault\u00bb global_colors_info=\u00bb{}\u00bb][\/et_pb_column][\/et_pb_row][\/et_pb_section][et_pb_section fb_built=\u00bb1&#8243; module_id=\u00bbcategorie\u00bb _builder_version=\u00bb4.10.8&#8243; background_color=\u00bb#F0461B\u00bb custom_margin=\u00bb||||false|false\u00bb custom_margin_tablet=\u00bb||||false|false\u00bb custom_margin_last_edited=\u00bboff|desktop\u00bb custom_padding=\u00bb40px||40px||true|false\u00bb bottom_divider_style=\u00bbtriangle\u00bb bottom_divider_color=\u00bb#FFFFFF\u00bb bottom_divider_height=\u00bb30px\u00bb global_colors_info=\u00bb{}\u00bb][et_pb_row column_structure=\u00bb1_2,1_2&#8243; use_custom_gutter=\u00bbon\u00bb gutter_width=\u00bb1&#8243; make_equal=\u00bbon\u00bb _builder_version=\u00bb4.10.8&#8243; _module_preset=\u00bbdefault\u00bb width=\u00bb90%\u00bb max_width=\u00bb100%\u00bb custom_padding=\u00bb0px||0px||true|false\u00bb animation_style=\u00bbslide\u00bb animation_direction=\u00bbbottom\u00bb animation_intensity_slide=\u00bb4%\u00bb custom_css_main_element=\u00bbdisplay:flex; flex-wrap:nowrap;\u00bb global_colors_info=\u00bb{}\u00bb custom_css_main_element_last_edited=\u00bbon|phone\u00bb custom_css_main_element_phone=\u00bbdisplay:inherit; flex-wrap:inherit;\u00bb][et_pb_column type=\u00bb1_2&#8243; _builder_version=\u00bb4.8.0&#8243; _module_preset=\u00bbdefault\u00bb custom_padding_phone=\u00bb||||false|false\u00bb custom_padding_last_edited=\u00bboff|phone\u00bb global_colors_info=\u00bb{}\u00bb][et_pb_blurb title=\u00bbAir\u00bb url=\u00bb@ET-DC@eyJkeW5hbWljIjp0cnVlLCJjb250ZW50IjoicG9zdF9saW5rX3VybF9wYWdlIiwic2V0dGluZ3MiOnsicG9zdF9pZCI6IjE2MjAifX0=@\u00bb image=\u00bbhttps:\/\/www.mp3-italia.it\/wp-content\/uploads\/2021\/05\/air-noname.png\u00bb image_max_width=\u00bb150px\u00bb image_max_width_tablet=\u00bb\u00bb image_max_width_phone=\u00bb100px\u00bb image_max_width_last_edited=\u00bbon|phone\u00bb _builder_version=\u00bb4.9.10&#8243; _dynamic_attributes=\u00bburl,link_option_url\u00bb _module_preset=\u00bbdefault\u00bb header_font=\u00bb|700||on|||||\u00bb header_font_size=\u00bb20px\u00bb header_letter_spacing=\u00bb1px\u00bb header_line_height=\u00bb1.7em\u00bb body_font=\u00bb|300|||||||\u00bb text_orientation=\u00bbcenter\u00bb background_layout=\u00bbdark\u00bb custom_margin=\u00bb20px|40px||40px|false|true\u00bb animation=\u00bbbottom\u00bb link_option_url=\u00bb@ET-DC@eyJkeW5hbWljIjp0cnVlLCJjb250ZW50IjoicG9zdF9saW5rX3VybF9wYWdlIiwic2V0dGluZ3MiOnsicG9zdF9pZCI6IjE2MjAifX0=@\u00bb global_colors_info=\u00bb{}\u00bb]<\/p>\n<p>Descubra nuestra variedad de <strong>REJILLAS<\/strong> y <strong>DIFUSORES<\/strong>, <strong>COMPUERTAS<\/strong> y <strong>SILENCIADORES<\/strong> y <strong>FILTROS<\/strong>, y nuestros sistemas especiales de higienizaci\u00f3n <strong>M-PURE<\/strong><\/p>\n<p>[\/et_pb_blurb][\/et_pb_column][et_pb_column type=\u00bb1_2&#8243; _builder_version=\u00bb4.10.8&#8243; _module_preset=\u00bbdefault\u00bb custom_padding=\u00bb||||true|false\u00bb custom_padding_tablet=\u00bb\u00bb custom_padding_phone=\u00bb60px||60px||true|false\u00bb custom_padding_last_edited=\u00bbon|phone\u00bb border_width_left=\u00bb1px\u00bb border_color_left=\u00bb#FFFFFF\u00bb border_width_right_phone=\u00bb0px\u00bb border_width_right_last_edited=\u00bboff|desktop\u00bb border_width_left_tablet=\u00bb\u00bb border_width_left_phone=\u00bb0px\u00bb border_width_left_last_edited=\u00bbon|phone\u00bb global_colors_info=\u00bb{}\u00bb][et_pb_blurb title=\u00bbFire\u00bb url=\u00bb@ET-DC@eyJkeW5hbWljIjp0cnVlLCJjb250ZW50IjoicG9zdF9saW5rX3VybF9wYWdlIiwic2V0dGluZ3MiOnsicG9zdF9pZCI6IjE2MzIifX0=@\u00bb image=\u00bbhttps:\/\/www.mp3-italia.it\/wp-content\/uploads\/2021\/05\/fire-noname.png\u00bb image_max_width=\u00bb150px\u00bb image_max_width_tablet=\u00bb\u00bb image_max_width_phone=\u00bb100px\u00bb image_max_width_last_edited=\u00bbon|phone\u00bb _builder_version=\u00bb4.10.8&#8243; _dynamic_attributes=\u00bburl,link_option_url\u00bb _module_preset=\u00bbdefault\u00bb header_font=\u00bb|700||on|||||\u00bb header_font_size=\u00bb20px\u00bb header_letter_spacing=\u00bb1px\u00bb header_line_height=\u00bb1.7em\u00bb body_font=\u00bb|300|||||||\u00bb text_orientation=\u00bbcenter\u00bb background_layout=\u00bbdark\u00bb custom_margin=\u00bb20px|40px||40px|false|true\u00bb animation=\u00bbbottom\u00bb link_option_url=\u00bb@ET-DC@eyJkeW5hbWljIjp0cnVlLCJjb250ZW50IjoicG9zdF9saW5rX3VybF9wYWdlIiwic2V0dGluZ3MiOnsicG9zdF9pZCI6IjE2MzIifX0=@\u00bb hover_enabled=\u00bb0&#8243; global_colors_info=\u00bb{}\u00bb sticky_enabled=\u00bb0&#8243;]<\/p>\n<p>Controle el fuego y el humo, con nuestras <strong>COMPUERTAS CORTAFUEGOS<\/strong>, <strong>COMPUERTAS CORTAHUMOS<\/strong> y el <strong>SISTEMA DE CONTROL REMOTO<\/strong><\/p>\n<p>[\/et_pb_blurb][\/et_pb_column][\/et_pb_row][\/et_pb_section][et_pb_section fb_built=\u00bb1&#8243; module_id=\u00bbcategorie\u00bb _builder_version=\u00bb4.8.0&#8243; global_colors_info=\u00bb{}\u00bb][et_pb_row _builder_version=\u00bb4.8.0&#8243; _module_preset=\u00bbdefault\u00bb custom_margin=\u00bb||||false|false\u00bb animation_style=\u00bbfade\u00bb global_colors_info=\u00bb{}\u00bb][et_pb_column type=\u00bb4_4&#8243; _builder_version=\u00bb4.8.0&#8243; _module_preset=\u00bbdefault\u00bb global_colors_info=\u00bb{}\u00bb][et_pb_text _builder_version=\u00bb4.9.10&#8243; _module_preset=\u00bbdefault\u00bb text_font_size=\u00bb20px\u00bb text_letter_spacing=\u00bb1px\u00bb text_line_height=\u00bb1.8em\u00bb header_2_font=\u00bb|700|||||||\u00bb header_2_letter_spacing=\u00bb2px\u00bb header_2_line_height=\u00bb3em\u00bb text_orientation=\u00bbcenter\u00bb width=\u00bb55%\u00bb width_tablet=\u00bb100%\u00bb width_phone=\u00bb\u00bb width_last_edited=\u00bbon|tablet\u00bb module_alignment=\u00bbcenter\u00bb global_colors_info=\u00bb{}\u00bb]<\/p>\n<p><strong>\u201cCuando la <span style=\"color: #f0461b;\"> CALIDAD <\/span> y la <span style=\"color: #f0461b;\"> PASI\u00d3N <\/span>se unen\u201d<\/strong><br \/>Mire el v\u00eddeo para descubrir c\u00f3mo<\/p>\n<p>[\/et_pb_text][\/et_pb_column][\/et_pb_row][et_pb_row module_id=\u00bbvideo\u00bb _builder_version=\u00bb4.8.0&#8243; _module_preset=\u00bbdefault\u00bb width_tablet=\u00bb\u00bb width_phone=\u00bb90%\u00bb width_last_edited=\u00bbon|phone\u00bb max_width_tablet=\u00bb\u00bb max_width_phone=\u00bb100%\u00bb max_width_last_edited=\u00bbon|phone\u00bb animation_style=\u00bbfade\u00bb global_colors_info=\u00bb{}\u00bb][et_pb_column type=\u00bb4_4&#8243; _builder_version=\u00bb4.8.0&#8243; _module_preset=\u00bbdefault\u00bb global_colors_info=\u00bb{}\u00bb][et_pb_video src=\u00bbhttps:\/\/www.mp3-italia.it\/MP3-ProtectPeopleWithPassione.mp4&#8243; src_webm=\u00bbhttps:\/\/www.mp3-italia.it\/MP3-ProtectPeopleWithPassione.mp4&#8243; _builder_version=\u00bb4.10.8&#8243; _module_preset=\u00bbdefault\u00bb width_phone=\u00bb100%\u00bb width_last_edited=\u00bboff|desktop\u00bb module_alignment=\u00bbcenter\u00bb custom_margin=\u00bb0px|0px|0px|0px|true|true\u00bb custom_padding=\u00bb0px|0px|0px|0px|true|true\u00bb border_width_all=\u00bb1px\u00bb border_color_all=\u00bb#f4f4f4&#8243; global_colors_info=\u00bb{}\u00bb][\/et_pb_video][\/et_pb_column][\/et_pb_row][\/et_pb_section][et_pb_section fb_built=\u00bb1&#8243; module_id=\u00bbcategorie\u00bb _builder_version=\u00bb4.8.0&#8243; global_colors_info=\u00bb{}\u00bb][et_pb_row column_structure=\u00bb2_5,3_5&#8243; make_equal=\u00bbon\u00bb _builder_version=\u00bb4.8.0&#8243; _module_preset=\u00bbdefault\u00bb custom_margin=\u00bb30px||||false|false\u00bb global_colors_info=\u00bb{}\u00bb][et_pb_column type=\u00bb2_5&#8243; _builder_version=\u00bb4.8.0&#8243; _module_preset=\u00bbdefault\u00bb custom_padding=\u00bb||||false|false\u00bb border_width_right=\u00bb1px\u00bb border_color_right=\u00bb#e8e8e8&#8243; global_colors_info=\u00bb{}\u00bb][et_pb_text _builder_version=\u00bb4.9.10&#8243; _module_preset=\u00bbdefault\u00bb header_2_font=\u00bb|700||on|||||\u00bb header_2_text_color=\u00bb#F0461B\u00bb header_2_letter_spacing=\u00bb5px\u00bb text_orientation=\u00bbright\u00bb custom_padding=\u00bb50px|50px|15px||false|false\u00bb animation_style=\u00bbslide\u00bb animation_direction=\u00bbleft\u00bb animation_intensity_slide=\u00bb4%\u00bb global_colors_info=\u00bb{}\u00bb]<\/p>\n<h2>NOTICIAS<\/h2>\n<p>[\/et_pb_text][et_pb_text _builder_version=\u00bb4.9.10&#8243; _module_preset=\u00bbdefault\u00bb text_orientation=\u00bbright\u00bb custom_padding=\u00bb50px|50px|||false|false\u00bb animation_style=\u00bbslide\u00bb animation_direction=\u00bbleft\u00bb animation_intensity_slide=\u00bb4%\u00bb border_width_top=\u00bb1px\u00bb border_color_top=\u00bb#e8e8e8&#8243; global_colors_info=\u00bb{}\u00bb]\u00bbDescubra las \u00faltimas novedades<br \/>\nde MP3 y mant\u00e9ngase<br \/>\ninformado sobre programas<br \/>\nde formaci\u00f3n y eventos\u00bb[\/et_pb_text][et_pb_button button_url=\u00bb@ET-DC@eyJkeW5hbWljIjp0cnVlLCJjb250ZW50IjoicG9zdF9saW5rX3VybF9wYWdlIiwic2V0dGluZ3MiOnsicG9zdF9pZCI6Ijg3In19@\u00bb button_text=\u00bbVer todo\u00bb button_alignment=\u00bbright\u00bb _builder_version=\u00bb4.9.10&#8243; _dynamic_attributes=\u00bbbutton_url\u00bb _module_preset=\u00bbdefault\u00bb custom_button=\u00bbon\u00bb button_border_width=\u00bb1px\u00bb button_border_color=\u00bb#F0461B\u00bb button_border_radius=\u00bb100px\u00bb button_font=\u00bb|300|||||||\u00bb button_icon=\u00bb%%36%%\u00bb button_icon_color=\u00bb#F0461B\u00bb button_on_hover=\u00bboff\u00bb custom_margin=\u00bb40px|50px|||false|false\u00bb custom_padding=\u00bb5px|50px|5px|50px|true|true\u00bb global_colors_info=\u00bb{}\u00bb button_border_color__hover_enabled=\u00bbon|hover\u00bb button_border_color__hover=\u00bb#F0461B\u00bb button_bg_color__hover_enabled=\u00bbon|desktop\u00bb button_bg_color__hover=\u00bbrgba(240,70,27,0.13)\u00bb button_bg_enable_color__hover=\u00bbon\u00bb][\/et_pb_button][\/et_pb_column][et_pb_column type=\u00bb3_5&#8243; _builder_version=\u00bb4.7.7&#8243; _module_preset=\u00bbdefault\u00bb global_colors_info=\u00bb{}\u00bb][et_pb_blog fullwidth=\u00bboff\u00bb posts_number=\u00bb3&#8243; excerpt_length=\u00bb90&#8243; show_author=\u00bboff\u00bb show_categories=\u00bboff\u00bb _builder_version=\u00bb4.9.10&#8243; _module_preset=\u00bbdefault\u00bb header_font=\u00bb|600|||||||\u00bb header_text_color=\u00bb#0C0C0C\u00bb meta_text_color=\u00bb#F0461B\u00bb meta_font_size=\u00bb12px\u00bb custom_margin=\u00bb50px||||false|false\u00bb animation_style=\u00bbfade\u00bb border_width_all_image=\u00bb1px\u00bb border_color_all_image=\u00bb#FAB400&#8243; global_colors_info=\u00bb{}\u00bb border_color_all__hover_enabled=\u00bbon|desktop\u00bb border_color_all__hover=\u00bb#fab400&#8243;][\/et_pb_blog][\/et_pb_column][\/et_pb_row][\/et_pb_section]<\/p>\n","protected":false},"excerpt":{"rendered":"<p>Componentes profesionales para acondicionamiento de aire, ventilaci\u00f3n, protecci\u00f3n contra incendios, filtraci\u00f3n y ac\u00fasticaVer v\u00eddeoEXPLOREDescubra nuestra variedad de REJILLAS y DIFUSORES, COMPUERTAS y SILENCIADORES y FILTROS, y nuestros sistemas especiales de higienizaci\u00f3n M-PUREControle el fuego y el humo, con nuestras COMPUERTAS CORTAFUEGOS, COMPUERTAS CORTAHUMOS y el SISTEMA DE CONTROL REMOTO\u201cCuando la CALIDAD y la PASI\u00d3N se [&hellip;]<\/p>\n","protected":false},"author":1,"featured_media":0,"parent":0,"menu_order":0,"comment_status":"closed","ping_status":"open","template":"","meta":{"_et_pb_use_builder":"on","_et_pb_old_content":"<!-- wp:paragraph -->\r\n<p>Questa \u00e8 una pagina di esempio. Differisce da un articolo di un blog perch\u00e9 rimane sempre allo stesso posto e (in molti temi) appare nel menu di navigazione. Molte persone iniziano con una pagina di Informazioni che li presentano ai visitatori del sito. Potrebbe apparire una presentazione del tipo:<\/p>\r\n<!-- \/wp:paragraph --><!-- wp:quote -->\r\n<blockquote class=\"wp-block-quote\">\r\n<p>Ciao! Sono un fattorino ciclista di giorno, aspirante attore di notte e questo \u00e8 il mio sito web. Vivo a Los Angeles, ho un grande cane di nome Jack e mi piace la pi\u00f1a colada. (E prendere la pioggia)<\/p>\r\n<\/blockquote>\r\n<!-- \/wp:quote --><!-- wp:paragraph -->\r\n<p>...o qualcosa di simile:<\/p>\r\n<!-- \/wp:paragraph --><!-- wp:quote -->\r\n<blockquote class=\"wp-block-quote\">\r\n<p>La Societ\u00e0 XYZ Aggeggi \u00e8 stata fondata nel 1971 e da allora fornisce al pubblico aggeggi di ottima qualit\u00e0. Situata a Fantasilandia, XYZ impiega oltre 2.000 persone e realizza ogni sorta di aggeggio fantastico per la comunit\u00e0 di Fantasilandia.<\/p>\r\n<\/blockquote>\r\n<!-- \/wp:quote --><!-- wp:paragraph -->\r\n<p>Come nuovo utente di WordPress, dovresti andare nella tua <a href=\"https:\/\/www.mp3-italia.it\/wp-admin\/\">Bacheca<\/a> per eliminare questa pagina, e crearne delle nuove per i tuoi contenuti. Divertiti!<\/p>\r\n<!-- \/wp:paragraph -->","_et_gb_content_width":""},"yoast_head":"<!-- This site is optimized with the Yoast SEO Premium plugin v16.1 (Yoast SEO v18.0) - https:\/\/yoast.com\/wordpress\/plugins\/seo\/ -->\n<title>MP3 - Protect People, with Passione - MP3<\/title>\n<meta name=\"robots\" content=\"index, follow, max-snippet:-1, max-image-preview:large, max-video-preview:-1\" \/>\n<link rel=\"canonical\" href=\"https:\/\/www.mp3-italia.it\/es\/\" \/>\n<meta property=\"og:locale\" content=\"es_ES\" \/>\n<meta property=\"og:type\" content=\"article\" \/>\n<meta property=\"og:title\" content=\"MP3 - Protect People, with Passione - MP3\" \/>\n<meta property=\"og:description\" content=\"Componentes profesionales para acondicionamiento de aire, ventilaci\u00f3n, protecci\u00f3n contra incendios, filtraci\u00f3n y ac\u00fasticaVer v\u00eddeoEXPLOREDescubra nuestra variedad de REJILLAS y DIFUSORES, COMPUERTAS y SILENCIADORES y FILTROS, y nuestros sistemas especiales de higienizaci\u00f3n M-PUREControle el fuego y el humo, con nuestras COMPUERTAS CORTAFUEGOS, COMPUERTAS CORTAHUMOS y el SISTEMA DE CONTROL REMOTO\u201cCuando la CALIDAD y la PASI\u00d3N se [&hellip;]\" \/>\n<meta property=\"og:url\" content=\"https:\/\/www.mp3-italia.it\/es\/\" \/>\n<meta property=\"og:site_name\" content=\"MP3\" \/>\n<meta property=\"article:publisher\" content=\"https:\/\/www.facebook.com\/mp3italia\/\" \/>\n<meta property=\"article:modified_time\" content=\"2021-12-29T16:38:44+00:00\" \/>\n<meta property=\"og:image\" content=\"https:\/\/www.mp3-italia.it\/wp-content\/uploads\/2021\/08\/851x315_fb-3-scaled.jpg\" \/>\n\t<meta property=\"og:image:width\" content=\"2560\" \/>\n\t<meta property=\"og:image:height\" content=\"947\" \/>\n\t<meta property=\"og:image:type\" content=\"image\/jpeg\" \/>\n<meta name=\"twitter:card\" content=\"summary_large_image\" \/>\n<meta name=\"twitter:site\" content=\"@MP3airsolutions\" \/>\n<meta name=\"twitter:label1\" content=\"Tiempo de lectura\" \/>\n\t<meta name=\"twitter:data1\" content=\"8 minutos\" \/>\n<script type=\"application\/ld+json\" class=\"yoast-schema-graph\">{\"@context\":\"https:\/\/schema.org\",\"@graph\":[{\"@type\":\"Organization\",\"@id\":\"https:\/\/www.mp3-italia.it\/#organization\",\"name\":\"MP3 Italia\",\"url\":\"https:\/\/www.mp3-italia.it\/\",\"sameAs\":[\"https:\/\/www.facebook.com\/mp3italia\/\",\"https:\/\/www.linkedin.com\/company\/mp3-air-solutions\/\",\"https:\/\/www.youtube.com\/user\/MP3AirSolutions\/videos\",\"https:\/\/twitter.com\/MP3airsolutions\"],\"logo\":{\"@type\":\"ImageObject\",\"@id\":\"https:\/\/www.mp3-italia.it\/#logo\",\"inLanguage\":\"es\",\"url\":\"https:\/\/www.mp3-italia.it\/wp-content\/uploads\/2020\/12\/MP3_logo_black_tagline.png\",\"contentUrl\":\"https:\/\/www.mp3-italia.it\/wp-content\/uploads\/2020\/12\/MP3_logo_black_tagline.png\",\"width\":507,\"height\":200,\"caption\":\"MP3 Italia\"},\"image\":{\"@id\":\"https:\/\/www.mp3-italia.it\/#logo\"}},{\"@type\":\"WebSite\",\"@id\":\"https:\/\/www.mp3-italia.it\/#website\",\"url\":\"https:\/\/www.mp3-italia.it\/\",\"name\":\"MP3\",\"description\":\"Protect People, with Passione\",\"publisher\":{\"@id\":\"https:\/\/www.mp3-italia.it\/#organization\"},\"potentialAction\":[{\"@type\":\"SearchAction\",\"target\":{\"@type\":\"EntryPoint\",\"urlTemplate\":\"https:\/\/www.mp3-italia.it\/?s={search_term_string}\"},\"query-input\":\"required name=search_term_string\"}],\"inLanguage\":\"es\"},{\"@type\":\"WebPage\",\"@id\":\"https:\/\/www.mp3-italia.it\/es\/#webpage\",\"url\":\"https:\/\/www.mp3-italia.it\/es\/\",\"name\":\"MP3 - Protect People, with Passione - MP3\",\"isPartOf\":{\"@id\":\"https:\/\/www.mp3-italia.it\/#website\"},\"datePublished\":\"2020-12-28T08:31:36+00:00\",\"dateModified\":\"2021-12-29T16:38:44+00:00\",\"breadcrumb\":{\"@id\":\"https:\/\/www.mp3-italia.it\/es\/#breadcrumb\"},\"inLanguage\":\"es\",\"potentialAction\":[{\"@type\":\"ReadAction\",\"target\":[\"https:\/\/www.mp3-italia.it\/es\/\"]}]},{\"@type\":\"BreadcrumbList\",\"@id\":\"https:\/\/www.mp3-italia.it\/es\/#breadcrumb\",\"itemListElement\":[{\"@type\":\"ListItem\",\"position\":1,\"name\":\"Home\",\"item\":\"https:\/\/www.mp3-italia.it\/es\/\"},{\"@type\":\"ListItem\",\"position\":2,\"name\":\"MP3 &#8211; Protect People, with Passione\"}]}]}<\/script>\n<!-- \/ Yoast SEO Premium plugin. -->","yoast_head_json":{"title":"MP3 - Protect People, with Passione - MP3","robots":{"index":"index","follow":"follow","max-snippet":"max-snippet:-1","max-image-preview":"max-image-preview:large","max-video-preview":"max-video-preview:-1"},"canonical":"https:\/\/www.mp3-italia.it\/es\/","og_locale":"es_ES","og_type":"article","og_title":"MP3 - Protect People, with Passione - MP3","og_description":"Componentes profesionales para acondicionamiento de aire, ventilaci\u00f3n, protecci\u00f3n contra incendios, filtraci\u00f3n y ac\u00fasticaVer v\u00eddeoEXPLOREDescubra nuestra variedad de REJILLAS y DIFUSORES, COMPUERTAS y SILENCIADORES y FILTROS, y nuestros sistemas especiales de higienizaci\u00f3n M-PUREControle el fuego y el humo, con nuestras COMPUERTAS CORTAFUEGOS, COMPUERTAS CORTAHUMOS y el SISTEMA DE CONTROL REMOTO\u201cCuando la CALIDAD y la PASI\u00d3N se [&hellip;]","og_url":"https:\/\/www.mp3-italia.it\/es\/","og_site_name":"MP3","article_publisher":"https:\/\/www.facebook.com\/mp3italia\/","article_modified_time":"2021-12-29T16:38:44+00:00","og_image":[{"width":2560,"height":947,"url":"https:\/\/www.mp3-italia.it\/wp-content\/uploads\/2021\/08\/851x315_fb-3-scaled.jpg","type":"image\/jpeg"}],"twitter_card":"summary_large_image","twitter_site":"@MP3airsolutions","twitter_misc":{"Tiempo de lectura":"8 minutos"},"schema":{"@context":"https:\/\/schema.org","@graph":[{"@type":"Organization","@id":"https:\/\/www.mp3-italia.it\/#organization","name":"MP3 Italia","url":"https:\/\/www.mp3-italia.it\/","sameAs":["https:\/\/www.facebook.com\/mp3italia\/","https:\/\/www.linkedin.com\/company\/mp3-air-solutions\/","https:\/\/www.youtube.com\/user\/MP3AirSolutions\/videos","https:\/\/twitter.com\/MP3airsolutions"],"logo":{"@type":"ImageObject","@id":"https:\/\/www.mp3-italia.it\/#logo","inLanguage":"es","url":"https:\/\/www.mp3-italia.it\/wp-content\/uploads\/2020\/12\/MP3_logo_black_tagline.png","contentUrl":"https:\/\/www.mp3-italia.it\/wp-content\/uploads\/2020\/12\/MP3_logo_black_tagline.png","width":507,"height":200,"caption":"MP3 Italia"},"image":{"@id":"https:\/\/www.mp3-italia.it\/#logo"}},{"@type":"WebSite","@id":"https:\/\/www.mp3-italia.it\/#website","url":"https:\/\/www.mp3-italia.it\/","name":"MP3","description":"Protect People, with Passione","publisher":{"@id":"https:\/\/www.mp3-italia.it\/#organization"},"potentialAction":[{"@type":"SearchAction","target":{"@type":"EntryPoint","urlTemplate":"https:\/\/www.mp3-italia.it\/?s={search_term_string}"},"query-input":"required name=search_term_string"}],"inLanguage":"es"},{"@type":"WebPage","@id":"https:\/\/www.mp3-italia.it\/es\/#webpage","url":"https:\/\/www.mp3-italia.it\/es\/","name":"MP3 - Protect People, with Passione - MP3","isPartOf":{"@id":"https:\/\/www.mp3-italia.it\/#website"},"datePublished":"2020-12-28T08:31:36+00:00","dateModified":"2021-12-29T16:38:44+00:00","breadcrumb":{"@id":"https:\/\/www.mp3-italia.it\/es\/#breadcrumb"},"inLanguage":"es","potentialAction":[{"@type":"ReadAction","target":["https:\/\/www.mp3-italia.it\/es\/"]}]},{"@type":"BreadcrumbList","@id":"https:\/\/www.mp3-italia.it\/es\/#breadcrumb","itemListElement":[{"@type":"ListItem","position":1,"name":"Home","item":"https:\/\/www.mp3-italia.it\/es\/"},{"@type":"ListItem","position":2,"name":"MP3 &#8211; Protect People, with Passione"}]}]}},"_links":{"self":[{"href":"https:\/\/www.mp3-italia.it\/es\/wp-json\/wp\/v2\/pages\/3987"}],"collection":[{"href":"https:\/\/www.mp3-italia.it\/es\/wp-json\/wp\/v2\/pages"}],"about":[{"href":"https:\/\/www.mp3-italia.it\/es\/wp-json\/wp\/v2\/types\/page"}],"author":[{"embeddable":true,"href":"https:\/\/www.mp3-italia.it\/es\/wp-json\/wp\/v2\/users\/1"}],"replies":[{"embeddable":true,"href":"https:\/\/www.mp3-italia.it\/es\/wp-json\/wp\/v2\/comments?post=3987"}],"version-history":[{"count":0,"href":"https:\/\/www.mp3-italia.it\/es\/wp-json\/wp\/v2\/pages\/3987\/revisions"}],"wp:attachment":[{"href":"https:\/\/www.mp3-italia.it\/es\/wp-json\/wp\/v2\/media?parent=3987"}],"curies":[{"name":"wp","href":"https:\/\/api.w.org\/{rel}","templated":true}]}}