{"id":3960,"date":"2020-12-28T12:06:50","date_gmt":"2020-12-28T11:06:50","guid":{"rendered":"https:\/\/www.mp3-italia.it\/empresa\/contactos\/"},"modified":"2021-12-29T17:55:43","modified_gmt":"2021-12-29T16:55:43","slug":"contactos","status":"publish","type":"page","link":"https:\/\/www.mp3-italia.it\/es\/empresa\/contactos\/","title":{"rendered":"Contactos"},"content":{"rendered":"<p>[et_pb_section fb_built=\u00bb1&#8243; _builder_version=\u00bb4.10.8&#8243; _module_preset=\u00bbdefault\u00bb hover_enabled=\u00bb0&#8243; border_width_bottom=\u00bb1px\u00bb border_color_bottom=\u00bb#e8e8e8&#8243; global_colors_info=\u00bb{}\u00bb admin_label=\u00bbIntestazione\u00bb sticky_enabled=\u00bb0&#8243; collapsed=\u00bbon\u00bb][et_pb_row column_structure=\u00bb1_3,1_3,1_3&#8243; use_custom_gutter=\u00bbon\u00bb gutter_width=\u00bb2&#8243; make_equal=\u00bbon\u00bb _builder_version=\u00bb4.8.0&#8243; _module_preset=\u00bbdefault\u00bb width=\u00bb90%\u00bb max_width=\u00bb100%\u00bb custom_padding=\u00bb0px||0px||true|false\u00bb global_colors_info=\u00bb{}\u00bb][et_pb_column type=\u00bb1_3&#8243; module_class=\u00bbcentra-verticale\u00bb disabled_on=\u00bbon|on|off\u00bb _builder_version=\u00bb4.8.0&#8243; _module_preset=\u00bbdefault\u00bb custom_padding=\u00bb40px||40px||true|false\u00bb custom_padding_tablet=\u00bb0px||0px||true|false\u00bb custom_padding_phone=\u00bb\u00bb custom_padding_last_edited=\u00bbon|desktop\u00bb global_colors_info=\u00bb{}\u00bb][et_pb_image src=\u00bbhttps:\/\/www.mp3-italia.it\/wp-content\/uploads\/2020\/12\/MP3_logo_black_tagline.png\u00bb title_text=\u00bbMP3_logo_black_tagline\u00bb url=\u00bb@ET-DC@eyJkeW5hbWljIjp0cnVlLCJjb250ZW50IjoiaG9tZV91cmwiLCJzZXR0aW5ncyI6e319@\u00bb disabled_on=\u00bboff|off|off\u00bb _builder_version=\u00bb4.8.0&#8243; _dynamic_attributes=\u00bburl\u00bb _module_preset=\u00bbdefault\u00bb width=\u00bb150px\u00bb global_colors_info=\u00bb{}\u00bb][\/et_pb_image][\/et_pb_column][et_pb_column type=\u00bb1_3&#8243; module_class=\u00bbcentra-verticale\u00bb _builder_version=\u00bb4.8.0&#8243; _module_preset=\u00bbdefault\u00bb border_width_left=\u00bb1px\u00bb border_color_left=\u00bb#e8e8e8&#8243; global_colors_info=\u00bb{}\u00bb][et_pb_text _builder_version=\u00bb4.8.0&#8243; _dynamic_attributes=\u00bbcontent\u00bb _module_preset=\u00bbdefault\u00bb text_font=\u00bb|||on|||||\u00bb text_text_color=\u00bb#383838&#8243; text_font_size=\u00bb18px\u00bb header_4_font=\u00bb|||on|||||\u00bb custom_margin=\u00bb|||50px|false|false\u00bb global_colors_info=\u00bb{}\u00bb]@ET-DC@eyJkeW5hbWljIjp0cnVlLCJjb250ZW50IjoicG9zdF90aXRsZSIsInNldHRpbmdzIjp7ImJlZm9yZSI6IiIsImFmdGVyIjoiIn19@[\/et_pb_text][\/et_pb_column][et_pb_column type=\u00bb1_3&#8243; module_class=\u00bbcentra-verticale\u00bb _builder_version=\u00bb4.8.0&#8243; _module_preset=\u00bbdefault\u00bb global_colors_info=\u00bb{}\u00bb][et_pb_blurb url=\u00bb@ET-DC@eyJkeW5hbWljIjp0cnVlLCJjb250ZW50IjoiaG9tZV91cmwiLCJzZXR0aW5ncyI6e319@\u00bb image=\u00bbhttps:\/\/www.mp3-italia.it\/wp-content\/uploads\/2021\/01\/arrow_-copia.png\u00bb icon_placement=\u00bbleft\u00bb image_max_width=\u00bb30px\u00bb _builder_version=\u00bb4.9.10&#8243; _dynamic_attributes=\u00bburl,link_option_url\u00bb _module_preset=\u00bbdefault\u00bb body_line_height=\u00bb1.9em\u00bb background_enable_color=\u00bboff\u00bb width=\u00bb200px\u00bb width_tablet=\u00bb200px\u00bb width_phone=\u00bb\u00bb width_last_edited=\u00bbon|phone\u00bb module_alignment=\u00bbright\u00bb animation=\u00bboff\u00bb link_option_url=\u00bb@ET-DC@eyJkeW5hbWljIjp0cnVlLCJjb250ZW50IjoiaG9tZV91cmwiLCJzZXR0aW5ncyI6e319@\u00bb module_alignment_tablet=\u00bbleft\u00bb module_alignment_phone=\u00bb\u00bb module_alignment_last_edited=\u00bbon|tablet\u00bb global_colors_info=\u00bb{}\u00bb]Volver al INICIO[\/et_pb_blurb][\/et_pb_column][\/et_pb_row][\/et_pb_section][et_pb_section fb_built=\u00bb1&#8243; _builder_version=\u00bb4.7.7&#8243; _module_preset=\u00bbdefault\u00bb global_colors_info=\u00bb{}\u00bb][et_pb_row column_structure=\u00bb1_2,1_2&#8243; make_equal=\u00bbon\u00bb _builder_version=\u00bb4.7.7&#8243; _module_preset=\u00bbdefault\u00bb global_colors_info=\u00bb{}\u00bb][et_pb_column type=\u00bb1_2&#8243; _builder_version=\u00bb4.7.7&#8243; _module_preset=\u00bbdefault\u00bb global_colors_info=\u00bb{}\u00bb][et_pb_text _builder_version=\u00bb4.9.10&#8243; _module_preset=\u00bbdefault\u00bb global_colors_info=\u00bb{}\u00bb]<\/p>\n<h3><strong>Direcci\u00f3n del domicilio social <\/strong><\/h3>\n<p>Largo Augusto nr. 7<br \/>\n20122 MILANO Italy<br \/>\nREA MI-1784715<\/p>\n<h3><strong> Direcci\u00f3n de administraci\u00f3n y operaciones <\/strong><\/h3>\n<p>via G. La Pira 9A-B<br \/>\n35012 Camposampiero PD Italy<br \/>\ntel. <a href=\"tel:+390499303516\">+39 049.9303516<\/a><br \/>\nfax. +39 049.9317070<br \/>\nGPS: 45.546307, 11.937039[\/et_pb_text][\/et_pb_column][et_pb_column type=\u00bb1_2&#8243; _builder_version=\u00bb4.7.7&#8243; _module_preset=\u00bbdefault\u00bb custom_padding=\u00bb|||10px|false|false\u00bb border_width_left=\u00bb1px\u00bb border_color_left=\u00bb#fab400&#8243; global_colors_info=\u00bb{}\u00bb][et_pb_text _builder_version=\u00bb4.10.8&#8243; _module_preset=\u00bbdefault\u00bb hover_enabled=\u00bb0&#8243; global_colors_info=\u00bb{}\u00bb sticky_enabled=\u00bb0&#8243;]<\/p>\n<p>Informaci\u00f3n sobre productos, presupuestos y propuestas de soluciones<br \/><a href=\"mailto:offers@mp3-italia.it\">offers@mp3-italia.it<\/a><\/p>\n<p>Realice y ordene su pedido o pregunte por uno en curso<br \/><a href=\"mailto:orders@mp3-italia.it\">orders@mp3-italia.it<\/a><\/p>\n<p>Solicitudes sobre los bienes entregados<br \/><a href=\"mailto:complains@mp3-italia.it\">complains@mp3-italia.it<\/a><\/p>\n<p><span style=\"font-weight: 400;\">Asistencia t\u00e9cnica<br \/><\/span><a href=\"mailto:support.italia@mp3-italia.it\">support.italia@mp3-italia.it<\/a><\/p>\n<p>[\/et_pb_text][\/et_pb_column][\/et_pb_row][et_pb_row _builder_version=\u00bb4.7.7&#8243; _module_preset=\u00bbdefault\u00bb custom_margin=\u00bb30px||||false|false\u00bb global_colors_info=\u00bb{}\u00bb][et_pb_column type=\u00bb4_4&#8243; _builder_version=\u00bb4.7.7&#8243; _module_preset=\u00bbdefault\u00bb global_colors_info=\u00bb{}\u00bb][et_pb_map address=\u00bb35012 Camposampiero PD, Italia\u00bb zoom_level=\u00bb10&#8243; address_lat=\u00bb45.547397550872&#8243; address_lng=\u00bb11.943193235938&#8243; mouse_wheel=\u00bboff\u00bb _builder_version=\u00bb4.8.0&#8243; _module_preset=\u00bbdefault\u00bb global_colors_info=\u00bb{}\u00bb][et_pb_map_pin title=\u00bbAdministration and Operations address\u00bb pin_address=\u00bbVia Giorgio la Pira, 9, 35012 Camposampiero PD, Italia\u00bb zoom_level=\u00bb22&#8243; pin_address_lat=\u00bb45.5473755&#8243; pin_address_lng=\u00bb11.9381466&#8243; _builder_version=\u00bb4.7.7&#8243; _module_preset=\u00bbdefault\u00bb global_colors_info=\u00bb{}\u00bb]<\/p>\n<p><a href=\"https:\/\/www.google.com\/maps\/place\/Mp3+Srl\/@45.5473755,11.9381466,15z\/data=!4m5!3m4!1s0x0:0x18a94b9366e1e696!8m2!3d45.5473755!4d11.9381466\" target=\"_blank\" rel=\"noopener noreferrer\">via G. La Pira 9A-B<\/a><br \/><a href=\"https:\/\/www.google.com\/maps\/place\/Mp3+Srl\/@45.5473755,11.9381466,15z\/data=!4m5!3m4!1s0x0:0x18a94b9366e1e696!8m2!3d45.5473755!4d11.9381466\" target=\"_blank\" rel=\"noopener noreferrer\"> 35012 Camposampiero PD Italy<\/a><\/p>\n<p>[\/et_pb_map_pin][\/et_pb_map][et_pb_text _builder_version=\u00bb4.7.7&#8243; _module_preset=\u00bbdefault\u00bb text_font_size=\u00bb14px\u00bb text_orientation=\u00bbcenter\u00bb global_colors_info=\u00bb{}\u00bb]<\/p>\n<p>VAT n. IT03345850964 | Padova Business Register, n. 03345850964 | Share Capital Euro 350.000<\/p>\n<p>[\/et_pb_text][\/et_pb_column][\/et_pb_row][\/et_pb_section]<\/p>\n","protected":false},"excerpt":{"rendered":"<p>Volver al INICIODirecci\u00f3n del domicilio social Largo Augusto nr. 7 20122 MILANO Italy REA MI-1784715 Direcci\u00f3n de administraci\u00f3n y operaciones via G. La Pira 9A-B 35012 Camposampiero PD Italy tel. +39 049.9303516 fax. +39 049.9317070 GPS: 45.546307, 11.937039Informaci\u00f3n sobre productos, presupuestos y propuestas de solucionesoffers@mp3-italia.it Realice y ordene su pedido o pregunte por uno en [&hellip;]<\/p>\n","protected":false},"author":1,"featured_media":0,"parent":3917,"menu_order":0,"comment_status":"closed","ping_status":"closed","template":"","meta":{"_et_pb_use_builder":"on","_et_pb_old_content":"","_et_gb_content_width":""},"yoast_head":"<!-- This site is optimized with the Yoast SEO Premium plugin v16.1 (Yoast SEO v18.0) - https:\/\/yoast.com\/wordpress\/plugins\/seo\/ -->\n<title>Contactos - MP3<\/title>\n<meta name=\"robots\" content=\"index, follow, max-snippet:-1, max-image-preview:large, max-video-preview:-1\" \/>\n<link rel=\"canonical\" href=\"https:\/\/www.mp3-italia.it\/es\/empresa\/contactos\/\" \/>\n<meta property=\"og:locale\" content=\"es_ES\" \/>\n<meta property=\"og:type\" content=\"article\" \/>\n<meta property=\"og:title\" content=\"Contactos - MP3\" \/>\n<meta property=\"og:description\" content=\"Volver al INICIODirecci\u00f3n del domicilio social Largo Augusto nr. 7 20122 MILANO Italy REA MI-1784715 Direcci\u00f3n de administraci\u00f3n y operaciones via G. La Pira 9A-B 35012 Camposampiero PD Italy tel. +39 049.9303516 fax. +39 049.9317070 GPS: 45.546307, 11.937039Informaci\u00f3n sobre productos, presupuestos y propuestas de solucionesoffers@mp3-italia.it Realice y ordene su pedido o pregunte por uno en [&hellip;]\" \/>\n<meta property=\"og:url\" content=\"https:\/\/www.mp3-italia.it\/es\/empresa\/contactos\/\" \/>\n<meta property=\"og:site_name\" content=\"MP3\" \/>\n<meta property=\"article:publisher\" content=\"https:\/\/www.facebook.com\/mp3italia\/\" \/>\n<meta property=\"article:modified_time\" content=\"2021-12-29T16:55:43+00:00\" \/>\n<meta property=\"og:image\" content=\"https:\/\/www.mp3-italia.it\/wp-content\/uploads\/2021\/08\/851x315_fb-3-scaled.jpg\" \/>\n\t<meta property=\"og:image:width\" content=\"2560\" \/>\n\t<meta property=\"og:image:height\" content=\"947\" \/>\n\t<meta property=\"og:image:type\" content=\"image\/jpeg\" \/>\n<meta name=\"twitter:card\" content=\"summary_large_image\" \/>\n<meta name=\"twitter:site\" content=\"@MP3airsolutions\" \/>\n<meta name=\"twitter:label1\" content=\"Tiempo de lectura\" \/>\n\t<meta name=\"twitter:data1\" content=\"3 minutos\" \/>\n<script type=\"application\/ld+json\" class=\"yoast-schema-graph\">{\"@context\":\"https:\/\/schema.org\",\"@graph\":[{\"@type\":\"Organization\",\"@id\":\"https:\/\/www.mp3-italia.it\/#organization\",\"name\":\"MP3 Italia\",\"url\":\"https:\/\/www.mp3-italia.it\/\",\"sameAs\":[\"https:\/\/www.facebook.com\/mp3italia\/\",\"https:\/\/www.linkedin.com\/company\/mp3-air-solutions\/\",\"https:\/\/www.youtube.com\/user\/MP3AirSolutions\/videos\",\"https:\/\/twitter.com\/MP3airsolutions\"],\"logo\":{\"@type\":\"ImageObject\",\"@id\":\"https:\/\/www.mp3-italia.it\/#logo\",\"inLanguage\":\"es\",\"url\":\"https:\/\/www.mp3-italia.it\/wp-content\/uploads\/2020\/12\/MP3_logo_black_tagline.png\",\"contentUrl\":\"https:\/\/www.mp3-italia.it\/wp-content\/uploads\/2020\/12\/MP3_logo_black_tagline.png\",\"width\":507,\"height\":200,\"caption\":\"MP3 Italia\"},\"image\":{\"@id\":\"https:\/\/www.mp3-italia.it\/#logo\"}},{\"@type\":\"WebSite\",\"@id\":\"https:\/\/www.mp3-italia.it\/#website\",\"url\":\"https:\/\/www.mp3-italia.it\/\",\"name\":\"MP3\",\"description\":\"Protect People, with Passione\",\"publisher\":{\"@id\":\"https:\/\/www.mp3-italia.it\/#organization\"},\"potentialAction\":[{\"@type\":\"SearchAction\",\"target\":{\"@type\":\"EntryPoint\",\"urlTemplate\":\"https:\/\/www.mp3-italia.it\/?s={search_term_string}\"},\"query-input\":\"required name=search_term_string\"}],\"inLanguage\":\"es\"},{\"@type\":\"WebPage\",\"@id\":\"https:\/\/www.mp3-italia.it\/es\/empresa\/contactos\/#webpage\",\"url\":\"https:\/\/www.mp3-italia.it\/es\/empresa\/contactos\/\",\"name\":\"Contactos - MP3\",\"isPartOf\":{\"@id\":\"https:\/\/www.mp3-italia.it\/#website\"},\"datePublished\":\"2020-12-28T11:06:50+00:00\",\"dateModified\":\"2021-12-29T16:55:43+00:00\",\"breadcrumb\":{\"@id\":\"https:\/\/www.mp3-italia.it\/es\/empresa\/contactos\/#breadcrumb\"},\"inLanguage\":\"es\",\"potentialAction\":[{\"@type\":\"ReadAction\",\"target\":[\"https:\/\/www.mp3-italia.it\/es\/empresa\/contactos\/\"]}]},{\"@type\":\"BreadcrumbList\",\"@id\":\"https:\/\/www.mp3-italia.it\/es\/empresa\/contactos\/#breadcrumb\",\"itemListElement\":[{\"@type\":\"ListItem\",\"position\":1,\"name\":\"Home\",\"item\":\"https:\/\/www.mp3-italia.it\/es\/\"},{\"@type\":\"ListItem\",\"position\":2,\"name\":\"Empresa\",\"item\":\"https:\/\/www.mp3-italia.it\/es\/empresa\/\"},{\"@type\":\"ListItem\",\"position\":3,\"name\":\"Contactos\"}]}]}<\/script>\n<!-- \/ Yoast SEO Premium plugin. -->","yoast_head_json":{"title":"Contactos - MP3","robots":{"index":"index","follow":"follow","max-snippet":"max-snippet:-1","max-image-preview":"max-image-preview:large","max-video-preview":"max-video-preview:-1"},"canonical":"https:\/\/www.mp3-italia.it\/es\/empresa\/contactos\/","og_locale":"es_ES","og_type":"article","og_title":"Contactos - MP3","og_description":"Volver al INICIODirecci\u00f3n del domicilio social Largo Augusto nr. 7 20122 MILANO Italy REA MI-1784715 Direcci\u00f3n de administraci\u00f3n y operaciones via G. La Pira 9A-B 35012 Camposampiero PD Italy tel. +39 049.9303516 fax. +39 049.9317070 GPS: 45.546307, 11.937039Informaci\u00f3n sobre productos, presupuestos y propuestas de solucionesoffers@mp3-italia.it Realice y ordene su pedido o pregunte por uno en [&hellip;]","og_url":"https:\/\/www.mp3-italia.it\/es\/empresa\/contactos\/","og_site_name":"MP3","article_publisher":"https:\/\/www.facebook.com\/mp3italia\/","article_modified_time":"2021-12-29T16:55:43+00:00","og_image":[{"width":2560,"height":947,"url":"https:\/\/www.mp3-italia.it\/wp-content\/uploads\/2021\/08\/851x315_fb-3-scaled.jpg","type":"image\/jpeg"}],"twitter_card":"summary_large_image","twitter_site":"@MP3airsolutions","twitter_misc":{"Tiempo de lectura":"3 minutos"},"schema":{"@context":"https:\/\/schema.org","@graph":[{"@type":"Organization","@id":"https:\/\/www.mp3-italia.it\/#organization","name":"MP3 Italia","url":"https:\/\/www.mp3-italia.it\/","sameAs":["https:\/\/www.facebook.com\/mp3italia\/","https:\/\/www.linkedin.com\/company\/mp3-air-solutions\/","https:\/\/www.youtube.com\/user\/MP3AirSolutions\/videos","https:\/\/twitter.com\/MP3airsolutions"],"logo":{"@type":"ImageObject","@id":"https:\/\/www.mp3-italia.it\/#logo","inLanguage":"es","url":"https:\/\/www.mp3-italia.it\/wp-content\/uploads\/2020\/12\/MP3_logo_black_tagline.png","contentUrl":"https:\/\/www.mp3-italia.it\/wp-content\/uploads\/2020\/12\/MP3_logo_black_tagline.png","width":507,"height":200,"caption":"MP3 Italia"},"image":{"@id":"https:\/\/www.mp3-italia.it\/#logo"}},{"@type":"WebSite","@id":"https:\/\/www.mp3-italia.it\/#website","url":"https:\/\/www.mp3-italia.it\/","name":"MP3","description":"Protect People, with Passione","publisher":{"@id":"https:\/\/www.mp3-italia.it\/#organization"},"potentialAction":[{"@type":"SearchAction","target":{"@type":"EntryPoint","urlTemplate":"https:\/\/www.mp3-italia.it\/?s={search_term_string}"},"query-input":"required name=search_term_string"}],"inLanguage":"es"},{"@type":"WebPage","@id":"https:\/\/www.mp3-italia.it\/es\/empresa\/contactos\/#webpage","url":"https:\/\/www.mp3-italia.it\/es\/empresa\/contactos\/","name":"Contactos - MP3","isPartOf":{"@id":"https:\/\/www.mp3-italia.it\/#website"},"datePublished":"2020-12-28T11:06:50+00:00","dateModified":"2021-12-29T16:55:43+00:00","breadcrumb":{"@id":"https:\/\/www.mp3-italia.it\/es\/empresa\/contactos\/#breadcrumb"},"inLanguage":"es","potentialAction":[{"@type":"ReadAction","target":["https:\/\/www.mp3-italia.it\/es\/empresa\/contactos\/"]}]},{"@type":"BreadcrumbList","@id":"https:\/\/www.mp3-italia.it\/es\/empresa\/contactos\/#breadcrumb","itemListElement":[{"@type":"ListItem","position":1,"name":"Home","item":"https:\/\/www.mp3-italia.it\/es\/"},{"@type":"ListItem","position":2,"name":"Empresa","item":"https:\/\/www.mp3-italia.it\/es\/empresa\/"},{"@type":"ListItem","position":3,"name":"Contactos"}]}]}},"_links":{"self":[{"href":"https:\/\/www.mp3-italia.it\/es\/wp-json\/wp\/v2\/pages\/3960"}],"collection":[{"href":"https:\/\/www.mp3-italia.it\/es\/wp-json\/wp\/v2\/pages"}],"about":[{"href":"https:\/\/www.mp3-italia.it\/es\/wp-json\/wp\/v2\/types\/page"}],"author":[{"embeddable":true,"href":"https:\/\/www.mp3-italia.it\/es\/wp-json\/wp\/v2\/users\/1"}],"replies":[{"embeddable":true,"href":"https:\/\/www.mp3-italia.it\/es\/wp-json\/wp\/v2\/comments?post=3960"}],"version-history":[{"count":0,"href":"https:\/\/www.mp3-italia.it\/es\/wp-json\/wp\/v2\/pages\/3960\/revisions"}],"up":[{"embeddable":true,"href":"https:\/\/www.mp3-italia.it\/es\/wp-json\/wp\/v2\/pages\/3917"}],"wp:attachment":[{"href":"https:\/\/www.mp3-italia.it\/es\/wp-json\/wp\/v2\/media?parent=3960"}],"curies":[{"name":"wp","href":"https:\/\/api.w.org\/{rel}","templated":true}]}}