{"id":3939,"date":"2020-12-28T12:24:10","date_gmt":"2020-12-28T11:24:10","guid":{"rendered":"https:\/\/www.mp3-italia.it\/empresa\/terms-of-use-for-this-site\/"},"modified":"2021-09-17T14:40:19","modified_gmt":"2021-09-17T12:40:19","slug":"terms","status":"publish","type":"page","link":"https:\/\/www.mp3-italia.it\/es\/empresa\/terms\/","title":{"rendered":"Condiciones de uso de este sitio"},"content":{"rendered":"<p>[et_pb_section fb_built=\u00bb1&#8243; _builder_version=\u00bb3.22&#8243;][et_pb_row _builder_version=\u00bb3.25&#8243; background_size=\u00bbinitial\u00bb background_position=\u00bbtop_left\u00bb background_repeat=\u00bbrepeat\u00bb][et_pb_column type=\u00bb4_4&#8243; _builder_version=\u00bb3.25&#8243; custom_padding=\u00bb|||\u00bb custom_padding__hover=\u00bb|||\u00bb][et_pb_text _builder_version=\u00bb4.9.10&#8243; text_font_size=\u00bb16px\u00bb header_font=\u00bb|700|||||||\u00bb header_2_font=\u00bb|600|||||||\u00bb header_2_text_color=\u00bb#f0461b\u00bb background_size=\u00bbinitial\u00bb background_position=\u00bbtop_left\u00bb background_repeat=\u00bbrepeat\u00bb hover_enabled=\u00bb0&#8243; sticky_enabled=\u00bb0&#8243;]<\/p>\n<h1>Condiciones de uso de este sitio<\/h1>\n<h2><\/h2>\n<h2>AVISO LEGAL<\/h2>\n<p>MP3 no ofrece garant\u00eda alguna por el funcionamiento defectuoso de este sitio web, la interrupci\u00f3n del servicio o la exactitud y calidad de la informaci\u00f3n que aparece en \u00e9l. MP3 tambi\u00e9n se reserva el derecho de cancelar cualquiera de los enlaces a este sitio o todos ellos. MP3 no se hace responsable de los posibles da\u00f1os que le pueda ocasionar la informaci\u00f3n que figura aqu\u00ed y en los sitios web que puedan dirigir a este sitio web o en aquellos a los que se pueda acceder a trav\u00e9s del sitio de MP3.<\/p>\n<p>&nbsp;<\/p>\n<h2>COPYRIGHT<\/h2>\n<p>Este sitio web es propiedad exclusiva de MP3 S.r.l.<br \/>\nToda la documentaci\u00f3n de este documento, incluidas fotograf\u00edas, ilustraciones, dibujos, logotipos, marcas registradas y cualquier otra informaci\u00f3n que contenga, es propiedad de MP3 S.r.l. o de terceros y est\u00e1 bajo la protecci\u00f3n de la legislaci\u00f3n italiana y comunitaria europea vigente en materia de propiedad intelectual. Por tanto, el contenido de este sitio web no puede ser reproducido, modificado, desarrollado, transmitido ni distribuido de ninguna manera, ni en parte ni en su totalidad, salvo autorizaci\u00f3n previa por escrito de MP3 S.r.l.<br \/>\nTodo uso no autorizado ser\u00e1 sancionado por la ley.[\/et_pb_text][\/et_pb_column][\/et_pb_row][\/et_pb_section]<\/p>\n","protected":false},"excerpt":{"rendered":"<p>Condiciones de uso de este sitio AVISO LEGAL MP3 no ofrece garant\u00eda alguna por el funcionamiento defectuoso de este sitio web, la interrupci\u00f3n del servicio o la exactitud y calidad de la informaci\u00f3n que aparece en \u00e9l. MP3 tambi\u00e9n se reserva el derecho de cancelar cualquiera de los enlaces a este sitio o todos ellos. [&hellip;]<\/p>\n","protected":false},"author":1,"featured_media":0,"parent":3917,"menu_order":0,"comment_status":"closed","ping_status":"open","template":"","meta":{"_et_pb_use_builder":"on","_et_pb_old_content":"","_et_gb_content_width":""},"yoast_head":"<!-- This site is optimized with the Yoast SEO Premium plugin v16.1 (Yoast SEO v18.0) - https:\/\/yoast.com\/wordpress\/plugins\/seo\/ -->\n<title>Condiciones de uso de este sitio - MP3<\/title>\n<meta name=\"robots\" content=\"index, follow, max-snippet:-1, max-image-preview:large, max-video-preview:-1\" \/>\n<link rel=\"canonical\" href=\"https:\/\/www.mp3-italia.it\/es\/empresa\/terms\/\" \/>\n<meta property=\"og:locale\" content=\"es_ES\" \/>\n<meta property=\"og:type\" content=\"article\" \/>\n<meta property=\"og:title\" content=\"Condiciones de uso de este sitio - MP3\" \/>\n<meta property=\"og:description\" content=\"Condiciones de uso de este sitio AVISO LEGAL MP3 no ofrece garant\u00eda alguna por el funcionamiento defectuoso de este sitio web, la interrupci\u00f3n del servicio o la exactitud y calidad de la informaci\u00f3n que aparece en \u00e9l. MP3 tambi\u00e9n se reserva el derecho de cancelar cualquiera de los enlaces a este sitio o todos ellos. [&hellip;]\" \/>\n<meta property=\"og:url\" content=\"https:\/\/www.mp3-italia.it\/es\/empresa\/terms\/\" \/>\n<meta property=\"og:site_name\" content=\"MP3\" \/>\n<meta property=\"article:publisher\" content=\"https:\/\/www.facebook.com\/mp3italia\/\" \/>\n<meta property=\"article:modified_time\" content=\"2021-09-17T12:40:19+00:00\" \/>\n<meta property=\"og:image\" content=\"https:\/\/www.mp3-italia.it\/wp-content\/uploads\/2021\/08\/851x315_fb-3-scaled.jpg\" \/>\n\t<meta property=\"og:image:width\" content=\"2560\" \/>\n\t<meta property=\"og:image:height\" content=\"947\" \/>\n\t<meta property=\"og:image:type\" content=\"image\/jpeg\" \/>\n<meta name=\"twitter:card\" content=\"summary_large_image\" \/>\n<meta name=\"twitter:site\" content=\"@MP3airsolutions\" \/>\n<meta name=\"twitter:label1\" content=\"Tiempo de lectura\" \/>\n\t<meta name=\"twitter:data1\" content=\"1 minuto\" \/>\n<script type=\"application\/ld+json\" class=\"yoast-schema-graph\">{\"@context\":\"https:\/\/schema.org\",\"@graph\":[{\"@type\":\"Organization\",\"@id\":\"https:\/\/www.mp3-italia.it\/#organization\",\"name\":\"MP3 Italia\",\"url\":\"https:\/\/www.mp3-italia.it\/\",\"sameAs\":[\"https:\/\/www.facebook.com\/mp3italia\/\",\"https:\/\/www.linkedin.com\/company\/mp3-air-solutions\/\",\"https:\/\/www.youtube.com\/user\/MP3AirSolutions\/videos\",\"https:\/\/twitter.com\/MP3airsolutions\"],\"logo\":{\"@type\":\"ImageObject\",\"@id\":\"https:\/\/www.mp3-italia.it\/#logo\",\"inLanguage\":\"es\",\"url\":\"https:\/\/www.mp3-italia.it\/wp-content\/uploads\/2020\/12\/MP3_logo_black_tagline.png\",\"contentUrl\":\"https:\/\/www.mp3-italia.it\/wp-content\/uploads\/2020\/12\/MP3_logo_black_tagline.png\",\"width\":507,\"height\":200,\"caption\":\"MP3 Italia\"},\"image\":{\"@id\":\"https:\/\/www.mp3-italia.it\/#logo\"}},{\"@type\":\"WebSite\",\"@id\":\"https:\/\/www.mp3-italia.it\/#website\",\"url\":\"https:\/\/www.mp3-italia.it\/\",\"name\":\"MP3\",\"description\":\"Protect People, with Passione\",\"publisher\":{\"@id\":\"https:\/\/www.mp3-italia.it\/#organization\"},\"potentialAction\":[{\"@type\":\"SearchAction\",\"target\":{\"@type\":\"EntryPoint\",\"urlTemplate\":\"https:\/\/www.mp3-italia.it\/?s={search_term_string}\"},\"query-input\":\"required name=search_term_string\"}],\"inLanguage\":\"es\"},{\"@type\":\"WebPage\",\"@id\":\"https:\/\/www.mp3-italia.it\/es\/empresa\/terms\/#webpage\",\"url\":\"https:\/\/www.mp3-italia.it\/es\/empresa\/terms\/\",\"name\":\"Condiciones de uso de este sitio - MP3\",\"isPartOf\":{\"@id\":\"https:\/\/www.mp3-italia.it\/#website\"},\"datePublished\":\"2020-12-28T11:24:10+00:00\",\"dateModified\":\"2021-09-17T12:40:19+00:00\",\"breadcrumb\":{\"@id\":\"https:\/\/www.mp3-italia.it\/es\/empresa\/terms\/#breadcrumb\"},\"inLanguage\":\"es\",\"potentialAction\":[{\"@type\":\"ReadAction\",\"target\":[\"https:\/\/www.mp3-italia.it\/es\/empresa\/terms\/\"]}]},{\"@type\":\"BreadcrumbList\",\"@id\":\"https:\/\/www.mp3-italia.it\/es\/empresa\/terms\/#breadcrumb\",\"itemListElement\":[{\"@type\":\"ListItem\",\"position\":1,\"name\":\"Home\",\"item\":\"https:\/\/www.mp3-italia.it\/es\/\"},{\"@type\":\"ListItem\",\"position\":2,\"name\":\"Empresa\",\"item\":\"https:\/\/www.mp3-italia.it\/es\/empresa\/\"},{\"@type\":\"ListItem\",\"position\":3,\"name\":\"Condiciones de uso de este sitio\"}]}]}<\/script>\n<!-- \/ Yoast SEO Premium plugin. -->","yoast_head_json":{"title":"Condiciones de uso de este sitio - MP3","robots":{"index":"index","follow":"follow","max-snippet":"max-snippet:-1","max-image-preview":"max-image-preview:large","max-video-preview":"max-video-preview:-1"},"canonical":"https:\/\/www.mp3-italia.it\/es\/empresa\/terms\/","og_locale":"es_ES","og_type":"article","og_title":"Condiciones de uso de este sitio - MP3","og_description":"Condiciones de uso de este sitio AVISO LEGAL MP3 no ofrece garant\u00eda alguna por el funcionamiento defectuoso de este sitio web, la interrupci\u00f3n del servicio o la exactitud y calidad de la informaci\u00f3n que aparece en \u00e9l. MP3 tambi\u00e9n se reserva el derecho de cancelar cualquiera de los enlaces a este sitio o todos ellos. [&hellip;]","og_url":"https:\/\/www.mp3-italia.it\/es\/empresa\/terms\/","og_site_name":"MP3","article_publisher":"https:\/\/www.facebook.com\/mp3italia\/","article_modified_time":"2021-09-17T12:40:19+00:00","og_image":[{"width":2560,"height":947,"url":"https:\/\/www.mp3-italia.it\/wp-content\/uploads\/2021\/08\/851x315_fb-3-scaled.jpg","type":"image\/jpeg"}],"twitter_card":"summary_large_image","twitter_site":"@MP3airsolutions","twitter_misc":{"Tiempo de lectura":"1 minuto"},"schema":{"@context":"https:\/\/schema.org","@graph":[{"@type":"Organization","@id":"https:\/\/www.mp3-italia.it\/#organization","name":"MP3 Italia","url":"https:\/\/www.mp3-italia.it\/","sameAs":["https:\/\/www.facebook.com\/mp3italia\/","https:\/\/www.linkedin.com\/company\/mp3-air-solutions\/","https:\/\/www.youtube.com\/user\/MP3AirSolutions\/videos","https:\/\/twitter.com\/MP3airsolutions"],"logo":{"@type":"ImageObject","@id":"https:\/\/www.mp3-italia.it\/#logo","inLanguage":"es","url":"https:\/\/www.mp3-italia.it\/wp-content\/uploads\/2020\/12\/MP3_logo_black_tagline.png","contentUrl":"https:\/\/www.mp3-italia.it\/wp-content\/uploads\/2020\/12\/MP3_logo_black_tagline.png","width":507,"height":200,"caption":"MP3 Italia"},"image":{"@id":"https:\/\/www.mp3-italia.it\/#logo"}},{"@type":"WebSite","@id":"https:\/\/www.mp3-italia.it\/#website","url":"https:\/\/www.mp3-italia.it\/","name":"MP3","description":"Protect People, with Passione","publisher":{"@id":"https:\/\/www.mp3-italia.it\/#organization"},"potentialAction":[{"@type":"SearchAction","target":{"@type":"EntryPoint","urlTemplate":"https:\/\/www.mp3-italia.it\/?s={search_term_string}"},"query-input":"required name=search_term_string"}],"inLanguage":"es"},{"@type":"WebPage","@id":"https:\/\/www.mp3-italia.it\/es\/empresa\/terms\/#webpage","url":"https:\/\/www.mp3-italia.it\/es\/empresa\/terms\/","name":"Condiciones de uso de este sitio - MP3","isPartOf":{"@id":"https:\/\/www.mp3-italia.it\/#website"},"datePublished":"2020-12-28T11:24:10+00:00","dateModified":"2021-09-17T12:40:19+00:00","breadcrumb":{"@id":"https:\/\/www.mp3-italia.it\/es\/empresa\/terms\/#breadcrumb"},"inLanguage":"es","potentialAction":[{"@type":"ReadAction","target":["https:\/\/www.mp3-italia.it\/es\/empresa\/terms\/"]}]},{"@type":"BreadcrumbList","@id":"https:\/\/www.mp3-italia.it\/es\/empresa\/terms\/#breadcrumb","itemListElement":[{"@type":"ListItem","position":1,"name":"Home","item":"https:\/\/www.mp3-italia.it\/es\/"},{"@type":"ListItem","position":2,"name":"Empresa","item":"https:\/\/www.mp3-italia.it\/es\/empresa\/"},{"@type":"ListItem","position":3,"name":"Condiciones de uso de este sitio"}]}]}},"_links":{"self":[{"href":"https:\/\/www.mp3-italia.it\/es\/wp-json\/wp\/v2\/pages\/3939"}],"collection":[{"href":"https:\/\/www.mp3-italia.it\/es\/wp-json\/wp\/v2\/pages"}],"about":[{"href":"https:\/\/www.mp3-italia.it\/es\/wp-json\/wp\/v2\/types\/page"}],"author":[{"embeddable":true,"href":"https:\/\/www.mp3-italia.it\/es\/wp-json\/wp\/v2\/users\/1"}],"replies":[{"embeddable":true,"href":"https:\/\/www.mp3-italia.it\/es\/wp-json\/wp\/v2\/comments?post=3939"}],"version-history":[{"count":0,"href":"https:\/\/www.mp3-italia.it\/es\/wp-json\/wp\/v2\/pages\/3939\/revisions"}],"up":[{"embeddable":true,"href":"https:\/\/www.mp3-italia.it\/es\/wp-json\/wp\/v2\/pages\/3917"}],"wp:attachment":[{"href":"https:\/\/www.mp3-italia.it\/es\/wp-json\/wp\/v2\/media?parent=3939"}],"curies":[{"name":"wp","href":"https:\/\/api.w.org\/{rel}","templated":true}]}}