{"id":7638,"date":"2021-02-15T16:36:02","date_gmt":"2021-02-15T15:36:02","guid":{"rendered":"https:\/\/www.mp3-italia.it\/products\/unkategorisiert\/cf-uq\/"},"modified":"2024-04-18T15:33:26","modified_gmt":"2024-04-18T13:33:26","slug":"cf-uq","status":"publish","type":"product","link":"https:\/\/www.mp3-italia.it\/de\/produkte\/diffusion-de\/cf-uq\/","title":{"rendered":"CF-UQ"},"content":{"rendered":"<p>[et_pb_section fb_built=&#8220;1&#8243; admin_label=&#8220;INTESTAZIONE&#8220; _builder_version=&#8220;4.8.0&#8243; _module_preset=&#8220;default&#8220; background_color=&#8220;#f9f9f9&#8243; collapsed=&#8220;on&#8220; global_colors_info=&#8220;{}&#8220;][et_pb_row column_structure=&#8220;1_3,1_3,1_3&#8243; use_custom_gutter=&#8220;on&#8220; gutter_width=&#8220;2&#8243; make_equal=&#8220;on&#8220; _builder_version=&#8220;4.8.0&#8243; _module_preset=&#8220;default&#8220; width=&#8220;90%&#8220; max_width=&#8220;100%&#8220; custom_padding=&#8220;0px||0px||true|false&#8220; global_colors_info=&#8220;{}&#8220;][et_pb_column type=&#8220;1_3&#8243; module_class=&#8220;centra-verticale&#8220; disabled_on=&#8220;on|on|off&#8220; _builder_version=&#8220;4.8.0&#8243; _module_preset=&#8220;default&#8220; custom_padding=&#8220;40px||40px||true|false&#8220; custom_padding_tablet=&#8220;0px||0px||true|false&#8220; custom_padding_phone=&#8220;&#8220; custom_padding_last_edited=&#8220;on|desktop&#8220; global_colors_info=&#8220;{}&#8220;][et_pb_image src=&#8220;https:\/\/www.mp3-italia.it\/wp-content\/uploads\/2020\/12\/MP3_logo_black_tagline.png&#8220; title_text=&#8220;MP3_logo_black_tagline&#8220; url=&#8220;@ET-DC@eyJkeW5hbWljIjp0cnVlLCJjb250ZW50IjoiaG9tZV91cmwiLCJzZXR0aW5ncyI6e319@&#8220; disabled_on=&#8220;off|off|off&#8220; _builder_version=&#8220;4.8.0&#8243; _dynamic_attributes=&#8220;url&#8220; _module_preset=&#8220;default&#8220; width=&#8220;150px&#8220; global_colors_info=&#8220;{}&#8220;][\/et_pb_image][\/et_pb_column][et_pb_column type=&#8220;1_3&#8243; module_class=&#8220;centra-verticale&#8220; _builder_version=&#8220;4.8.0&#8243; _module_preset=&#8220;default&#8220; custom_padding=&#8220;|||50px|false|false&#8220; border_width_left=&#8220;1px&#8220; border_color_left=&#8220;#e8e8e8&#8243; global_colors_info=&#8220;{}&#8220;][et_pb_text _builder_version=&#8220;4.8.0&#8243; _dynamic_attributes=&#8220;content&#8220; _module_preset=&#8220;default&#8220; header_font=&#8220;|700|||||||&#8220; header_text_color=&#8220;#0075bf&#8220; header_letter_spacing=&#8220;1px&#8220; custom_margin=&#8220;||5px||false|false&#8220; custom_padding=&#8220;||||false|false&#8220; global_colors_info=&#8220;{}&#8220;]@ET-DC@eyJkeW5hbWljIjp0cnVlLCJjb250ZW50IjoicG9zdF90YWdzIiwic2V0dGluZ3MiOnsiYmVmb3JlIjoiIiwiYWZ0ZXIiOiIiLCJsaW5rX3RvX3Rlcm1fcGFnZSI6Im9mZiIsInNlcGFyYXRvciI6IiB8ICIsImNhdGVnb3J5X3R5cGUiOiJwcm9kdWN0X3RhZyJ9fQ==@[\/et_pb_text][et_pb_text _builder_version=&#8220;4.8.0&#8243; _dynamic_attributes=&#8220;content&#8220; _module_preset=&#8220;default&#8220; text_font=&#8220;|700|||||||&#8220; text_text_color=&#8220;#0075BF&#8220; text_font_size=&#8220;30px&#8220; header_font=&#8220;|700|||||||&#8220; header_text_color=&#8220;#0075bf&#8220; header_letter_spacing=&#8220;1px&#8220; global_colors_info=&#8220;{}&#8220;]@ET-DC@eyJkeW5hbWljIjp0cnVlLCJjb250ZW50IjoicG9zdF90aXRsZSIsInNldHRpbmdzIjp7ImJlZm9yZSI6IiIsImFmdGVyIjoiIn19@[\/et_pb_text][\/et_pb_column][et_pb_column type=&#8220;1_3&#8243; module_class=&#8220;centra-verticale&#8220; _builder_version=&#8220;4.8.0&#8243; _module_preset=&#8220;default&#8220; global_colors_info=&#8220;{}&#8220;][et_pb_blurb url=&#8220;@ET-DC@eyJkeW5hbWljIjp0cnVlLCJjb250ZW50IjoicG9zdF9saW5rX3VybF9wYWdlIiwic2V0dGluZ3MiOnsicG9zdF9pZCI6IjE1MSJ9fQ==@&#8220; image=&#8220;https:\/\/www.mp3-italia.it\/wp-content\/uploads\/2021\/01\/arrow_-copia.png&#8220; icon_placement=&#8220;left&#8220; image_icon_width=&#8220;30px&#8220; _builder_version=&#8220;4.13.0&#8243; _dynamic_attributes=&#8220;url,link_option_url&#8220; _module_preset=&#8220;default&#8220; body_line_height=&#8220;1.9em&#8220; background_enable_color=&#8220;off&#8220; width=&#8220;200px&#8220; width_tablet=&#8220;200px&#8220; width_phone=&#8220;&#8220; width_last_edited=&#8220;on|phone&#8220; module_alignment=&#8220;right&#8220; animation=&#8220;off&#8220; link_option_url=&#8220;@ET-DC@eyJkeW5hbWljIjp0cnVlLCJjb250ZW50IjoicG9zdF9saW5rX3VybF9wYWdlIiwic2V0dGluZ3MiOnsicG9zdF9pZCI6IjE1MSJ9fQ==@&#8220; module_alignment_tablet=&#8220;left&#8220; module_alignment_phone=&#8220;&#8220; module_alignment_last_edited=&#8220;on|tablet&#8220; image_max_width=&#8220;30px&#8220; global_colors_info=&#8220;{}&#8220;]<\/p>\n<p> Zur\u00fcck zu Diffusion<\/p>\n<p>[\/et_pb_blurb][\/et_pb_column][\/et_pb_row][\/et_pb_section][et_pb_section fb_built=&#8220;1&#8243; admin_label=&#8220;PRODOTTO&#8220; _builder_version=&#8220;4.8.0&#8243; _module_preset=&#8220;default&#8220; global_colors_info=&#8220;{}&#8220;][et_pb_row column_structure=&#8220;1_2,1_2&#8243; _builder_version=&#8220;4.7.7&#8243; _module_preset=&#8220;default&#8220; collapsed=&#8220;on&#8220; global_colors_info=&#8220;{}&#8220;][et_pb_column type=&#8220;1_2&#8243; _builder_version=&#8220;4.7.7&#8243; _module_preset=&#8220;default&#8220; global_colors_info=&#8220;{}&#8220;][et_pb_wc_images show_sale_badge=&#8220;off&#8220; admin_label=&#8220;img + gallery&#8220; _builder_version=&#8220;4.8.0&#8243; _module_preset=&#8220;default&#8220; global_colors_info=&#8220;{}&#8220;][\/et_pb_wc_images][et_pb_gallery gallery_ids=&#8220;2008,2004&#8243; show_pagination=&#8220;off&#8220; zoom_icon_color=&#8220;RGBA(0,0,0,0)&#8220; _builder_version=&#8220;4.8.0&#8243; _module_preset=&#8220;default&#8220; global_colors_info=&#8220;{}&#8220;][\/et_pb_gallery][\/et_pb_column][et_pb_column type=&#8220;1_2&#8243; _builder_version=&#8220;4.7.7&#8243; _module_preset=&#8220;default&#8220; global_colors_info=&#8220;{}&#8220;][et_pb_wc_description description_type=&#8220;description&#8220; admin_label=&#8220;Descrizione LUNGA h2&#8243; _builder_version=&#8220;4.8.0&#8243; _module_preset=&#8220;default&#8220; global_colors_info=&#8220;{}&#8220;][\/et_pb_wc_description][\/et_pb_column][\/et_pb_row][et_pb_row admin_label=&#8220;-&#8220; _builder_version=&#8220;4.8.0&#8243; _module_preset=&#8220;default&#8220; collapsed=&#8220;on&#8220; global_colors_info=&#8220;{}&#8220;][et_pb_column type=&#8220;4_4&#8243; _builder_version=&#8220;4.7.7&#8243; _module_preset=&#8220;default&#8220; global_colors_info=&#8220;{}&#8220;][et_pb_divider color=&#8220;#c6c6c6&#8243; divider_position=&#8220;center&#8220; admin_label=&#8220;-&#8220; _builder_version=&#8220;4.8.0&#8243; _module_preset=&#8220;default&#8220; global_colors_info=&#8220;{}&#8220;][\/et_pb_divider][et_pb_text admin_label=&#8220;SELECTION&#8220; _builder_version=&#8220;4.10.8&#8243; _module_preset=&#8220;default&#8220; global_colors_info=&#8220;{}&#8220;]<\/p>\n<h3>Informationen<\/h3>\n<p>[\/et_pb_text][\/et_pb_column][\/et_pb_row][et_pb_row column_structure=&#8220;1_6,1_6,1_6,1_6,1_6,1_6&#8243; use_custom_gutter=&#8220;on&#8220; gutter_width=&#8220;1&#8243; _builder_version=&#8220;4.10.8&#8243; _module_preset=&#8220;default&#8220; global_colors_info=&#8220;{}&#8220;][et_pb_column type=&#8220;1_6&#8243; _builder_version=&#8220;4.10.8&#8243; _module_preset=&#8220;default&#8220; global_colors_info=&#8220;{}&#8220;][et_pb_blurb title=&#8220;Katalog&#8220; url=&#8220;\/wp-content\/uploads\/2024\/04\/CF-UQ_ENG_24_00.pdf&#8220; url_new_window=&#8220;on&#8220; use_icon=&#8220;on&#8220; font_icon=&#8220;&#x69;||divi||400&#8243; icon_color=&#8220;#0075bf&#8220; icon_placement=&#8220;left&#8220; _builder_version=&#8220;4.14.7&#8243; _module_preset=&#8220;default&#8220; header_text_color=&#8220;#0075bf&#8220; header_line_height=&#8220;1.5em&#8220; module_alignment=&#8220;left&#8220; custom_margin=&#8220;||5px||false|false&#8220; link_option_url=&#8220;\/wp-content\/uploads\/2024\/04\/CF-UQ_ENG_24_00.pdf&#8220; link_option_url_new_window=&#8220;on&#8220; hover_enabled=&#8220;0&#8243; global_colors_info=&#8220;{}&#8220; sticky_enabled=&#8220;0&#8243;][\/et_pb_blurb][\/et_pb_column][et_pb_column type=&#8220;1_6&#8243; _builder_version=&#8220;4.10.8&#8243; _module_preset=&#8220;default&#8220; global_colors_info=&#8220;{}&#8220;][et_pb_blurb title=&#8220;Auswahl&#8220; url=&#8220;\/wp-content\/uploads\/2024\/04\/Selezione-rapida-MP3-CF-UQ.pdf&#8220; url_new_window=&#8220;on&#8220; use_icon=&#8220;on&#8220; font_icon=&#8220;&#xe0ec;||divi||400&#8243; icon_color=&#8220;#F0461B&#8220; icon_placement=&#8220;left&#8220; _builder_version=&#8220;4.14.7&#8243; _module_preset=&#8220;default&#8220; header_text_color=&#8220;#F0461B&#8220; header_line_height=&#8220;1.5em&#8220; body_font_size=&#8220;15px&#8220; body_line_height=&#8220;0em&#8220; module_alignment=&#8220;left&#8220; custom_margin=&#8220;||5px||false|false&#8220; link_option_url=&#8220;\/wp-content\/uploads\/2024\/04\/Selezione-rapida-MP3-CF-UQ.pdf&#8220; link_option_url_new_window=&#8220;on&#8220; hover_enabled=&#8220;0&#8243; global_colors_info=&#8220;{}&#8220; sticky_enabled=&#8220;0&#8243;][\/et_pb_blurb][\/et_pb_column][et_pb_column type=&#8220;1_6&#8243; _builder_version=&#8220;4.10.8&#8243; _module_preset=&#8220;default&#8220; global_colors_info=&#8220;{}&#8220;][\/et_pb_column][et_pb_column type=&#8220;1_6&#8243; _builder_version=&#8220;4.10.8&#8243; _module_preset=&#8220;default&#8220; global_colors_info=&#8220;{}&#8220;][\/et_pb_column][et_pb_column type=&#8220;1_6&#8243; _builder_version=&#8220;4.10.8&#8243; _module_preset=&#8220;default&#8220; global_colors_info=&#8220;{}&#8220;][\/et_pb_column][et_pb_column type=&#8220;1_6&#8243; _builder_version=&#8220;4.10.8&#8243; _module_preset=&#8220;default&#8220; global_colors_info=&#8220;{}&#8220;][\/et_pb_column][\/et_pb_row][et_pb_row admin_label=&#8220;DIMENSIONI&#8220; _builder_version=&#8220;4.8.0&#8243; _module_preset=&#8220;default&#8220; custom_padding=&#8220;||0px|||&#8220; collapsed=&#8220;off&#8220; global_colors_info=&#8220;{}&#8220;][et_pb_column type=&#8220;4_4&#8243; _builder_version=&#8220;4.7.7&#8243; _module_preset=&#8220;default&#8220; global_colors_info=&#8220;{}&#8220;][et_pb_divider color=&#8220;#c6c6c6&#8243; divider_position=&#8220;center&#8220; admin_label=&#8220;-&#8220; _builder_version=&#8220;4.8.0&#8243; _module_preset=&#8220;default&#8220; global_colors_info=&#8220;{}&#8220;][\/et_pb_divider][et_pb_text admin_label=&#8220;DIMENSIONI&#8220; _builder_version=&#8220;4.9.10&#8243; _module_preset=&#8220;default&#8220; global_colors_info=&#8220;{}&#8220;]<\/p>\n<h3> Abmessungen <\/h3>\n<p>[\/et_pb_text][et_pb_toggle title=&#8220;CF-UQ Series&#8220; admin_label=&#8220;Serie&#8220; _builder_version=&#8220;4.10.8&#8243; _module_preset=&#8220;default&#8220; global_colors_info=&#8220;{}&#8220;]<\/p>\n<p><a href=\"https:\/\/www.mp3-italia.it\/wp-content\/uploads\/2021\/02\/CF-UQ_dimensioni.jpg\"><img loading=\"lazy\" class=\"wp-image-11169 aligncenter size-full\" src=\"https:\/\/www.mp3-italia.it\/wp-content\/uploads\/2021\/02\/CF-UQ_dimensioni.jpg\" alt=\"\" width=\"1080\" height=\"1313\" srcset=\"https:\/\/www.mp3-italia.it\/wp-content\/uploads\/2021\/02\/CF-UQ_dimensioni.jpg 1080w, https:\/\/www.mp3-italia.it\/wp-content\/uploads\/2021\/02\/CF-UQ_dimensioni-980x1191.jpg 980w, https:\/\/www.mp3-italia.it\/wp-content\/uploads\/2021\/02\/CF-UQ_dimensioni-480x584.jpg 480w\" sizes=\"(min-width: 0px) and (max-width: 480px) 480px, (min-width: 481px) and (max-width: 980px) 980px, (min-width: 981px) 1080px, 100vw\" \/><\/a><\/p>\n<p>[\/et_pb_toggle][\/et_pb_column][\/et_pb_row][\/et_pb_section]<\/p>\n","protected":false},"excerpt":{"rendered":"<p>Gitter mit Quadratmaschen f\u00fcr modulare Decken<\/p>\n","protected":false},"featured_media":10156,"template":"","meta":{"_et_pb_use_builder":"on","_et_pb_old_content":"<blockquote>Die Luftausl\u00e4sse der Serie CF-UQ wurden speziell f\u00fcr den Einsatz in modularen Decken entwickelt und haben einen besonders d\u00fcnnen Rahmen, der nach der Installation nicht mehr sichtbar ist. Diese besondere Geometrie erm\u00f6glicht es, sehr hohe Werte f\u00fcr den freien Luftraum zu erhalten und somit die Luftstr\u00f6mungsverluste fast auf ein Minimum zu reduzieren.\r\nDie CF-UQ-Eierkarton-Diffusoren sind in zwei Versionen erh\u00e4ltlich: eine Version mit einem geraden Gitter f\u00fcr einen vertikalen Durchgang, der f\u00fcr die Luftabsaugung verwendet wird. Eine Version mit abgewinkeltem Gitternetz f\u00fcr einen 45\u00b0-Luftstrom. Diese Version versperrt die Sicht auf das Innere des Anschlusskastens, wenn der Diffusor in der Moduldecke installiert ist.<\/blockquote>\r\n<h2>Technische Daten<\/h2>\r\n<ul>\r\n \t<li>Aluminium-Pressbiegerahmen, 10\u00a0mm breit<\/li>\r\n \t<li>Eierkartongitter mit 15-mm-Abstand<\/li>\r\n \t<li>Eine Version mit einem abgewinkelten Gitter f\u00fcr 45\u00b0 Luftzufuhr<\/li>\r\n \t<li>Oberfl\u00e4chen-Lackierung RAL 9010<\/li>\r\n<\/ul>","_et_gb_content_width":""},"product_cat":[77],"product_tag":[133],"yoast_head":"<!-- This site is optimized with the Yoast SEO Premium plugin v16.1 (Yoast SEO v18.0) - https:\/\/yoast.com\/wordpress\/plugins\/seo\/ -->\n<title>CF-UQ - MP3<\/title>\n<meta name=\"robots\" content=\"index, follow, max-snippet:-1, max-image-preview:large, max-video-preview:-1\" \/>\n<link rel=\"canonical\" href=\"https:\/\/www.mp3-italia.it\/de\/produkte\/diffusion-de\/cf-uq\/\" \/>\n<meta property=\"og:locale\" content=\"de_DE\" \/>\n<meta property=\"og:type\" content=\"article\" \/>\n<meta property=\"og:title\" content=\"CF-UQ - MP3\" \/>\n<meta property=\"og:description\" content=\"Gitter mit Quadratmaschen f\u00fcr modulare Decken\" \/>\n<meta property=\"og:url\" content=\"https:\/\/www.mp3-italia.it\/de\/produkte\/diffusion-de\/cf-uq\/\" \/>\n<meta property=\"og:site_name\" content=\"MP3\" \/>\n<meta property=\"article:publisher\" content=\"https:\/\/www.facebook.com\/mp3italia\/\" \/>\n<meta property=\"article:modified_time\" content=\"2024-04-18T13:33:26+00:00\" \/>\n<meta property=\"og:image\" content=\"https:\/\/www.mp3-italia.it\/wp-content\/uploads\/2021\/02\/CF-UQ4.jpg\" \/>\n\t<meta property=\"og:image:width\" content=\"1080\" \/>\n\t<meta property=\"og:image:height\" content=\"1080\" \/>\n\t<meta property=\"og:image:type\" content=\"image\/jpeg\" \/>\n<meta name=\"twitter:card\" content=\"summary_large_image\" \/>\n<meta name=\"twitter:site\" content=\"@MP3airsolutions\" \/>\n<meta name=\"twitter:label1\" content=\"Gesch\u00e4tzte Lesezeit\" \/>\n\t<meta name=\"twitter:data1\" content=\"5 Minuten\" \/>\n<script type=\"application\/ld+json\" class=\"yoast-schema-graph\">{\"@context\":\"https:\/\/schema.org\",\"@graph\":[{\"@type\":\"Organization\",\"@id\":\"https:\/\/www.mp3-italia.it\/#organization\",\"name\":\"MP3 Italia\",\"url\":\"https:\/\/www.mp3-italia.it\/\",\"sameAs\":[\"https:\/\/www.facebook.com\/mp3italia\/\",\"https:\/\/www.linkedin.com\/company\/mp3-air-solutions\/\",\"https:\/\/www.youtube.com\/user\/MP3AirSolutions\/videos\",\"https:\/\/twitter.com\/MP3airsolutions\"],\"logo\":{\"@type\":\"ImageObject\",\"@id\":\"https:\/\/www.mp3-italia.it\/#logo\",\"inLanguage\":\"de-DE\",\"url\":\"https:\/\/www.mp3-italia.it\/wp-content\/uploads\/2020\/12\/MP3_logo_black_tagline.png\",\"contentUrl\":\"https:\/\/www.mp3-italia.it\/wp-content\/uploads\/2020\/12\/MP3_logo_black_tagline.png\",\"width\":507,\"height\":200,\"caption\":\"MP3 Italia\"},\"image\":{\"@id\":\"https:\/\/www.mp3-italia.it\/#logo\"}},{\"@type\":\"WebSite\",\"@id\":\"https:\/\/www.mp3-italia.it\/#website\",\"url\":\"https:\/\/www.mp3-italia.it\/\",\"name\":\"MP3\",\"description\":\"Protect People, with Passione\",\"publisher\":{\"@id\":\"https:\/\/www.mp3-italia.it\/#organization\"},\"potentialAction\":[{\"@type\":\"SearchAction\",\"target\":{\"@type\":\"EntryPoint\",\"urlTemplate\":\"https:\/\/www.mp3-italia.it\/?s={search_term_string}\"},\"query-input\":\"required name=search_term_string\"}],\"inLanguage\":\"de-DE\"},{\"@type\":\"ImageObject\",\"@id\":\"https:\/\/www.mp3-italia.it\/de\/produkte\/diffusion-de\/cf-uq\/#primaryimage\",\"inLanguage\":\"de-DE\",\"url\":\"https:\/\/www.mp3-italia.it\/wp-content\/uploads\/2021\/02\/CF-UQ4.jpg\",\"contentUrl\":\"https:\/\/www.mp3-italia.it\/wp-content\/uploads\/2021\/02\/CF-UQ4.jpg\",\"width\":1080,\"height\":1080},{\"@type\":\"WebPage\",\"@id\":\"https:\/\/www.mp3-italia.it\/de\/produkte\/diffusion-de\/cf-uq\/#webpage\",\"url\":\"https:\/\/www.mp3-italia.it\/de\/produkte\/diffusion-de\/cf-uq\/\",\"name\":\"CF-UQ - MP3\",\"isPartOf\":{\"@id\":\"https:\/\/www.mp3-italia.it\/#website\"},\"primaryImageOfPage\":{\"@id\":\"https:\/\/www.mp3-italia.it\/de\/produkte\/diffusion-de\/cf-uq\/#primaryimage\"},\"datePublished\":\"2021-02-15T15:36:02+00:00\",\"dateModified\":\"2024-04-18T13:33:26+00:00\",\"breadcrumb\":{\"@id\":\"https:\/\/www.mp3-italia.it\/de\/produkte\/diffusion-de\/cf-uq\/#breadcrumb\"},\"inLanguage\":\"de-DE\",\"potentialAction\":[{\"@type\":\"ReadAction\",\"target\":[\"https:\/\/www.mp3-italia.it\/de\/produkte\/diffusion-de\/cf-uq\/\"]}]},{\"@type\":\"BreadcrumbList\",\"@id\":\"https:\/\/www.mp3-italia.it\/de\/produkte\/diffusion-de\/cf-uq\/#breadcrumb\",\"itemListElement\":[{\"@type\":\"ListItem\",\"position\":1,\"name\":\"Home\",\"item\":\"https:\/\/www.mp3-italia.it\/de\/\"},{\"@type\":\"ListItem\",\"position\":2,\"name\":\"\"},{\"@type\":\"ListItem\",\"position\":3,\"name\":\"CF-UQ\"}]}]}<\/script>\n<!-- \/ Yoast SEO Premium plugin. -->","yoast_head_json":{"title":"CF-UQ - MP3","robots":{"index":"index","follow":"follow","max-snippet":"max-snippet:-1","max-image-preview":"max-image-preview:large","max-video-preview":"max-video-preview:-1"},"canonical":"https:\/\/www.mp3-italia.it\/de\/produkte\/diffusion-de\/cf-uq\/","og_locale":"de_DE","og_type":"article","og_title":"CF-UQ - MP3","og_description":"Gitter mit Quadratmaschen f\u00fcr modulare Decken","og_url":"https:\/\/www.mp3-italia.it\/de\/produkte\/diffusion-de\/cf-uq\/","og_site_name":"MP3","article_publisher":"https:\/\/www.facebook.com\/mp3italia\/","article_modified_time":"2024-04-18T13:33:26+00:00","og_image":[{"width":1080,"height":1080,"url":"https:\/\/www.mp3-italia.it\/wp-content\/uploads\/2021\/02\/CF-UQ4.jpg","type":"image\/jpeg"}],"twitter_card":"summary_large_image","twitter_site":"@MP3airsolutions","twitter_misc":{"Gesch\u00e4tzte Lesezeit":"5 Minuten"},"schema":{"@context":"https:\/\/schema.org","@graph":[{"@type":"Organization","@id":"https:\/\/www.mp3-italia.it\/#organization","name":"MP3 Italia","url":"https:\/\/www.mp3-italia.it\/","sameAs":["https:\/\/www.facebook.com\/mp3italia\/","https:\/\/www.linkedin.com\/company\/mp3-air-solutions\/","https:\/\/www.youtube.com\/user\/MP3AirSolutions\/videos","https:\/\/twitter.com\/MP3airsolutions"],"logo":{"@type":"ImageObject","@id":"https:\/\/www.mp3-italia.it\/#logo","inLanguage":"de-DE","url":"https:\/\/www.mp3-italia.it\/wp-content\/uploads\/2020\/12\/MP3_logo_black_tagline.png","contentUrl":"https:\/\/www.mp3-italia.it\/wp-content\/uploads\/2020\/12\/MP3_logo_black_tagline.png","width":507,"height":200,"caption":"MP3 Italia"},"image":{"@id":"https:\/\/www.mp3-italia.it\/#logo"}},{"@type":"WebSite","@id":"https:\/\/www.mp3-italia.it\/#website","url":"https:\/\/www.mp3-italia.it\/","name":"MP3","description":"Protect People, with Passione","publisher":{"@id":"https:\/\/www.mp3-italia.it\/#organization"},"potentialAction":[{"@type":"SearchAction","target":{"@type":"EntryPoint","urlTemplate":"https:\/\/www.mp3-italia.it\/?s={search_term_string}"},"query-input":"required name=search_term_string"}],"inLanguage":"de-DE"},{"@type":"ImageObject","@id":"https:\/\/www.mp3-italia.it\/de\/produkte\/diffusion-de\/cf-uq\/#primaryimage","inLanguage":"de-DE","url":"https:\/\/www.mp3-italia.it\/wp-content\/uploads\/2021\/02\/CF-UQ4.jpg","contentUrl":"https:\/\/www.mp3-italia.it\/wp-content\/uploads\/2021\/02\/CF-UQ4.jpg","width":1080,"height":1080},{"@type":"WebPage","@id":"https:\/\/www.mp3-italia.it\/de\/produkte\/diffusion-de\/cf-uq\/#webpage","url":"https:\/\/www.mp3-italia.it\/de\/produkte\/diffusion-de\/cf-uq\/","name":"CF-UQ - MP3","isPartOf":{"@id":"https:\/\/www.mp3-italia.it\/#website"},"primaryImageOfPage":{"@id":"https:\/\/www.mp3-italia.it\/de\/produkte\/diffusion-de\/cf-uq\/#primaryimage"},"datePublished":"2021-02-15T15:36:02+00:00","dateModified":"2024-04-18T13:33:26+00:00","breadcrumb":{"@id":"https:\/\/www.mp3-italia.it\/de\/produkte\/diffusion-de\/cf-uq\/#breadcrumb"},"inLanguage":"de-DE","potentialAction":[{"@type":"ReadAction","target":["https:\/\/www.mp3-italia.it\/de\/produkte\/diffusion-de\/cf-uq\/"]}]},{"@type":"BreadcrumbList","@id":"https:\/\/www.mp3-italia.it\/de\/produkte\/diffusion-de\/cf-uq\/#breadcrumb","itemListElement":[{"@type":"ListItem","position":1,"name":"Home","item":"https:\/\/www.mp3-italia.it\/de\/"},{"@type":"ListItem","position":2,"name":""},{"@type":"ListItem","position":3,"name":"CF-UQ"}]}]}},"_links":{"self":[{"href":"https:\/\/www.mp3-italia.it\/de\/wp-json\/wp\/v2\/product\/7638"}],"collection":[{"href":"https:\/\/www.mp3-italia.it\/de\/wp-json\/wp\/v2\/product"}],"about":[{"href":"https:\/\/www.mp3-italia.it\/de\/wp-json\/wp\/v2\/types\/product"}],"wp:featuredmedia":[{"embeddable":true,"href":"https:\/\/www.mp3-italia.it\/de\/wp-json\/wp\/v2\/media\/10156"}],"wp:attachment":[{"href":"https:\/\/www.mp3-italia.it\/de\/wp-json\/wp\/v2\/media?parent=7638"}],"wp:term":[{"taxonomy":"product_cat","embeddable":true,"href":"https:\/\/www.mp3-italia.it\/de\/wp-json\/wp\/v2\/product_cat?post=7638"},{"taxonomy":"product_tag","embeddable":true,"href":"https:\/\/www.mp3-italia.it\/de\/wp-json\/wp\/v2\/product_tag?post=7638"}],"curies":[{"name":"wp","href":"https:\/\/api.w.org\/{rel}","templated":true}]}}