{"id":7561,"date":"2021-05-19T12:22:09","date_gmt":"2021-05-19T10:22:09","guid":{"rendered":"https:\/\/www.mp3-italia.it\/products\/unkategorisiert\/kpc\/"},"modified":"2025-07-17T17:42:05","modified_gmt":"2025-07-17T15:42:05","slug":"kpc","status":"publish","type":"product","link":"https:\/\/www.mp3-italia.it\/de\/produkte\/diffusion-de\/kpc\/","title":{"rendered":"KPC"},"content":{"rendered":"<p>[et_pb_section fb_built=&#8220;1&#8243; admin_label=&#8220;testata&#8220; _builder_version=&#8220;4.8.0&#8243; _module_preset=&#8220;default&#8220; background_color=&#8220;#f9f9f9&#8243; collapsed=&#8220;on&#8220; global_colors_info=&#8220;{}&#8220;][et_pb_row column_structure=&#8220;1_3,1_3,1_3&#8243; use_custom_gutter=&#8220;on&#8220; gutter_width=&#8220;2&#8243; make_equal=&#8220;on&#8220; _builder_version=&#8220;4.8.0&#8243; _module_preset=&#8220;default&#8220; width=&#8220;90%&#8220; max_width=&#8220;100%&#8220; custom_padding=&#8220;0px||0px||true|false&#8220; global_colors_info=&#8220;{}&#8220;][et_pb_column type=&#8220;1_3&#8243; module_class=&#8220;centra-verticale&#8220; disabled_on=&#8220;on|on|off&#8220; _builder_version=&#8220;4.8.0&#8243; _module_preset=&#8220;default&#8220; custom_padding=&#8220;40px||40px||true|false&#8220; custom_padding_tablet=&#8220;0px||0px||true|false&#8220; custom_padding_phone=&#8220;&#8220; custom_padding_last_edited=&#8220;on|desktop&#8220; global_colors_info=&#8220;{}&#8220;][et_pb_image src=&#8220;https:\/\/www.mp3-italia.it\/wp-content\/uploads\/2020\/12\/MP3_logo_black_tagline.png&#8220; title_text=&#8220;MP3_logo_black_tagline&#8220; url=&#8220;@ET-DC@eyJkeW5hbWljIjp0cnVlLCJjb250ZW50IjoiaG9tZV91cmwiLCJzZXR0aW5ncyI6e319@&#8220; disabled_on=&#8220;off|off|off&#8220; _builder_version=&#8220;4.8.0&#8243; _dynamic_attributes=&#8220;url&#8220; _module_preset=&#8220;default&#8220; width=&#8220;150px&#8220; global_colors_info=&#8220;{}&#8220;][\/et_pb_image][\/et_pb_column][et_pb_column type=&#8220;1_3&#8243; module_class=&#8220;centra-verticale&#8220; _builder_version=&#8220;4.8.0&#8243; _module_preset=&#8220;default&#8220; custom_padding=&#8220;|||50px|false|false&#8220; border_width_left=&#8220;1px&#8220; border_color_left=&#8220;#e8e8e8&#8243; global_colors_info=&#8220;{}&#8220;][et_pb_text _builder_version=&#8220;4.8.0&#8243; _dynamic_attributes=&#8220;content&#8220; _module_preset=&#8220;default&#8220; header_font=&#8220;|700|||||||&#8220; header_text_color=&#8220;#0075bf&#8220; header_letter_spacing=&#8220;1px&#8220; custom_margin=&#8220;||5px||false|false&#8220; custom_padding=&#8220;||||false|false&#8220; global_colors_info=&#8220;{}&#8220;]@ET-DC@eyJkeW5hbWljIjp0cnVlLCJjb250ZW50IjoicG9zdF90YWdzIiwic2V0dGluZ3MiOnsiYmVmb3JlIjoiIiwiYWZ0ZXIiOiIiLCJsaW5rX3RvX3Rlcm1fcGFnZSI6Im9mZiIsInNlcGFyYXRvciI6IiB8ICIsImNhdGVnb3J5X3R5cGUiOiJwcm9kdWN0X3RhZyJ9fQ==@[\/et_pb_text][et_pb_text _builder_version=&#8220;4.8.0&#8243; _dynamic_attributes=&#8220;content&#8220; _module_preset=&#8220;default&#8220; text_font=&#8220;|700|||||||&#8220; text_text_color=&#8220;#0075BF&#8220; text_font_size=&#8220;30px&#8220; header_font=&#8220;|700|||||||&#8220; header_text_color=&#8220;#0075bf&#8220; header_letter_spacing=&#8220;1px&#8220; global_colors_info=&#8220;{}&#8220;]@ET-DC@eyJkeW5hbWljIjp0cnVlLCJjb250ZW50IjoicG9zdF90aXRsZSIsInNldHRpbmdzIjp7ImJlZm9yZSI6IiIsImFmdGVyIjoiIn19@[\/et_pb_text][\/et_pb_column][et_pb_column type=&#8220;1_3&#8243; module_class=&#8220;centra-verticale&#8220; _builder_version=&#8220;4.8.0&#8243; _module_preset=&#8220;default&#8220; global_colors_info=&#8220;{}&#8220;][et_pb_blurb url=&#8220;@ET-DC@eyJkeW5hbWljIjp0cnVlLCJjb250ZW50IjoicG9zdF9saW5rX3VybF9wYWdlIiwic2V0dGluZ3MiOnsicG9zdF9pZCI6IjE1MSJ9fQ==@&#8220; image=&#8220;https:\/\/www.mp3-italia.it\/wp-content\/uploads\/2021\/01\/arrow_-copia.png&#8220; icon_placement=&#8220;left&#8220; image_icon_width=&#8220;30px&#8220; _builder_version=&#8220;4.13.0&#8243; _dynamic_attributes=&#8220;url,link_option_url&#8220; _module_preset=&#8220;default&#8220; body_line_height=&#8220;1.9em&#8220; background_enable_color=&#8220;off&#8220; width=&#8220;200px&#8220; width_tablet=&#8220;200px&#8220; width_phone=&#8220;&#8220; width_last_edited=&#8220;on|phone&#8220; module_alignment=&#8220;right&#8220; animation=&#8220;off&#8220; link_option_url=&#8220;@ET-DC@eyJkeW5hbWljIjp0cnVlLCJjb250ZW50IjoicG9zdF9saW5rX3VybF9wYWdlIiwic2V0dGluZ3MiOnsicG9zdF9pZCI6IjE1MSJ9fQ==@&#8220; module_alignment_tablet=&#8220;left&#8220; module_alignment_phone=&#8220;&#8220; module_alignment_last_edited=&#8220;on|tablet&#8220; image_max_width=&#8220;30px&#8220; global_colors_info=&#8220;{}&#8220;]<\/p>\n<p> Zur\u00fcck zu Diffusion<\/p>\n<p>[\/et_pb_blurb][\/et_pb_column][\/et_pb_row][\/et_pb_section][et_pb_section fb_built=&#8220;1&#8243; admin_label=&#8220;prodotto&#8220; _builder_version=&#8220;4.8.0&#8243; _module_preset=&#8220;default&#8220; global_colors_info=&#8220;{}&#8220;][et_pb_row column_structure=&#8220;1_2,1_2&#8243; admin_label=&#8220;img + descrizione&#8220; _builder_version=&#8220;4.8.0&#8243; _module_preset=&#8220;default&#8220; collapsed=&#8220;on&#8220; global_colors_info=&#8220;{}&#8220;][et_pb_column type=&#8220;1_2&#8243; _builder_version=&#8220;4.7.7&#8243; _module_preset=&#8220;default&#8220; global_colors_info=&#8220;{}&#8220;][et_pb_wc_images show_sale_badge=&#8220;off&#8220; _builder_version=&#8220;4.8.0&#8243; _module_preset=&#8220;default&#8220; global_colors_info=&#8220;{}&#8220;][\/et_pb_wc_images][\/et_pb_column][et_pb_column type=&#8220;1_2&#8243; _builder_version=&#8220;4.7.7&#8243; _module_preset=&#8220;default&#8220; global_colors_info=&#8220;{}&#8220;][et_pb_wc_description description_type=&#8220;description&#8220; _builder_version=&#8220;4.8.0&#8243; _module_preset=&#8220;default&#8220; global_colors_info=&#8220;{}&#8220;][\/et_pb_wc_description][\/et_pb_column][\/et_pb_row][et_pb_row admin_label=&#8220;-&#8220; _builder_version=&#8220;4.8.0&#8243; _module_preset=&#8220;default&#8220; collapsed=&#8220;on&#8220; global_colors_info=&#8220;{}&#8220;][et_pb_column type=&#8220;4_4&#8243; _builder_version=&#8220;4.7.7&#8243; _module_preset=&#8220;default&#8220; global_colors_info=&#8220;{}&#8220;][et_pb_divider color=&#8220;#c6c6c6&#8243; divider_position=&#8220;center&#8220; _builder_version=&#8220;4.7.7&#8243; _module_preset=&#8220;default&#8220; global_colors_info=&#8220;{}&#8220;][\/et_pb_divider][\/et_pb_column][\/et_pb_row][et_pb_row admin_label=&#8220;V Dimensioni&#8220; _builder_version=&#8220;4.8.0&#8243; _module_preset=&#8220;default&#8220; custom_padding=&#8220;||0px|||&#8220; collapsed=&#8220;on&#8220; global_colors_info=&#8220;{}&#8220;][et_pb_column type=&#8220;4_4&#8243; _builder_version=&#8220;4.7.7&#8243; _module_preset=&#8220;default&#8220; global_colors_info=&#8220;{}&#8220;][et_pb_text admin_label=&#8220;Dimensions&#8220; _builder_version=&#8220;4.9.10&#8243; _module_preset=&#8220;default&#8220; global_colors_info=&#8220;{}&#8220;]<\/p>\n<h3> Abmessungen <\/h3>\n<p>[\/et_pb_text][\/et_pb_column][\/et_pb_row][et_pb_row _builder_version=&#8220;4.8.0&#8243; _module_preset=&#8220;default&#8220; width_tablet=&#8220;&#8220; width_phone=&#8220;95%&#8220; width_last_edited=&#8220;on|phone&#8220; max_width_tablet=&#8220;&#8220; max_width_phone=&#8220;100%&#8220; max_width_last_edited=&#8220;on|phone&#8220; global_colors_info=&#8220;{}&#8220;][et_pb_column type=&#8220;4_4&#8243; _builder_version=&#8220;4.7.7&#8243; _module_preset=&#8220;default&#8220; global_colors_info=&#8220;{}&#8220;][et_pb_toggle title=&#8220;KPC Series&#8220; admin_label=&#8220;Dimensions IMG&#8220; _builder_version=&#8220;4.9.4&#8243; _module_preset=&#8220;default&#8220; global_colors_info=&#8220;{}&#8220;]<\/p>\n<p><a href=\"https:\/\/www.mp3-italia.it\/wp-content\/uploads\/2021\/05\/KPC-misure.jpg\"><img loading=\"lazy\" class=\"aligncenter wp-image-4740 size-full\" src=\"https:\/\/www.mp3-italia.it\/wp-content\/uploads\/2021\/05\/KPC-misure.jpg\" alt=\"\" width=\"1536\" height=\"1920\" srcset=\"https:\/\/www.mp3-italia.it\/wp-content\/uploads\/2021\/05\/KPC-misure.jpg 1536w, https:\/\/www.mp3-italia.it\/wp-content\/uploads\/2021\/05\/KPC-misure-1280x1600.jpg 1280w, https:\/\/www.mp3-italia.it\/wp-content\/uploads\/2021\/05\/KPC-misure-980x1225.jpg 980w, https:\/\/www.mp3-italia.it\/wp-content\/uploads\/2021\/05\/KPC-misure-480x600.jpg 480w\" sizes=\"(min-width: 0px) and (max-width: 480px) 480px, (min-width: 481px) and (max-width: 980px) 980px, (min-width: 981px) and (max-width: 1280px) 1280px, (min-width: 1281px) 1536px, 100vw\" \/><\/a><\/p>\n<p>[\/et_pb_toggle][et_pb_toggle title=&#8220;Zubeh\u00f6r: Anschlusskasten&#8220; admin_label=&#8220;Dimensions IMG&#8220; _builder_version=&#8220;4.9.10&#8243; _module_preset=&#8220;default&#8220; global_colors_info=&#8220;{}&#8220;]<\/p>\n<p><a href=\"https:\/\/www.mp3-italia.it\/wp-content\/uploads\/2021\/05\/KPC-PLENUM.jpg\"><img loading=\"lazy\" class=\"aligncenter wp-image-4746 size-full\" src=\"https:\/\/www.mp3-italia.it\/wp-content\/uploads\/2021\/05\/KPC-PLENUM.jpg\" alt=\"\" width=\"1536\" height=\"1920\" srcset=\"https:\/\/www.mp3-italia.it\/wp-content\/uploads\/2021\/05\/KPC-PLENUM.jpg 1536w, https:\/\/www.mp3-italia.it\/wp-content\/uploads\/2021\/05\/KPC-PLENUM-1280x1600.jpg 1280w, https:\/\/www.mp3-italia.it\/wp-content\/uploads\/2021\/05\/KPC-PLENUM-980x1225.jpg 980w, https:\/\/www.mp3-italia.it\/wp-content\/uploads\/2021\/05\/KPC-PLENUM-480x600.jpg 480w\" sizes=\"(min-width: 0px) and (max-width: 480px) 480px, (min-width: 481px) and (max-width: 980px) 980px, (min-width: 981px) and (max-width: 1280px) 1280px, (min-width: 1281px) 1536px, 100vw\" \/><\/a><\/p>\n<p>[\/et_pb_toggle][\/et_pb_column][\/et_pb_row][et_pb_row admin_label=&#8220;-&#8220; _builder_version=&#8220;4.8.0&#8243; _module_preset=&#8220;default&#8220; collapsed=&#8220;on&#8220; global_colors_info=&#8220;{}&#8220;][et_pb_column type=&#8220;4_4&#8243; _builder_version=&#8220;4.7.7&#8243; _module_preset=&#8220;default&#8220; global_colors_info=&#8220;{}&#8220;][et_pb_divider color=&#8220;#c6c6c6&#8243; divider_position=&#8220;center&#8220; _builder_version=&#8220;4.7.7&#8243; _module_preset=&#8220;default&#8220; global_colors_info=&#8220;{}&#8220;][\/et_pb_divider][\/et_pb_column][\/et_pb_row][et_pb_row admin_label=&#8220;V Selezione&#8220; _builder_version=&#8220;4.8.0&#8243; _module_preset=&#8220;default&#8220; custom_padding=&#8220;||0px|||&#8220; border_width_top=&#8220;1px&#8220; border_color_top=&#8220;rgba(0,0,0,0)&#8220; collapsed=&#8220;on&#8220; global_colors_info=&#8220;{}&#8220;][et_pb_column type=&#8220;4_4&#8243; _builder_version=&#8220;4.7.7&#8243; _module_preset=&#8220;default&#8220; global_colors_info=&#8220;{}&#8220;][et_pb_text admin_label=&#8220;Selection&#8220; _builder_version=&#8220;4.9.10&#8243; _module_preset=&#8220;default&#8220; global_colors_info=&#8220;{}&#8220;]<\/p>\n<h3> Auswahl <\/h3>\n<p>[\/et_pb_text][\/et_pb_column][\/et_pb_row][et_pb_row _builder_version=&#8220;4.8.0&#8243; _module_preset=&#8220;default&#8220; width_tablet=&#8220;&#8220; width_phone=&#8220;95%&#8220; width_last_edited=&#8220;on|phone&#8220; max_width_tablet=&#8220;&#8220; max_width_phone=&#8220;100%&#8220; max_width_last_edited=&#8220;on|phone&#8220; border_width_top=&#8220;1px&#8220; border_color_top=&#8220;rgba(0,0,0,0)&#8220; global_colors_info=&#8220;{}&#8220;][et_pb_column type=&#8220;4_4&#8243; _builder_version=&#8220;4.7.7&#8243; _module_preset=&#8220;default&#8220; global_colors_info=&#8220;{}&#8220;][et_pb_toggle title=&#8220;Luftdurchsatz&#8220; admin_label=&#8220;Selection IMG&#8220; _builder_version=&#8220;4.9.10&#8243; _module_preset=&#8220;default&#8220; global_colors_info=&#8220;{}&#8220;]<\/p>\n<p><a href=\"https:\/\/www.mp3-italia.it\/wp-content\/uploads\/2021\/05\/KPC-air-flow.png\"><img loading=\"lazy\" class=\"aligncenter wp-image-4733 size-full\" src=\"https:\/\/www.mp3-italia.it\/wp-content\/uploads\/2021\/05\/KPC-air-flow.png\" alt=\"\" width=\"2894\" height=\"1040\" srcset=\"https:\/\/www.mp3-italia.it\/wp-content\/uploads\/2021\/05\/KPC-air-flow.png 2894w, https:\/\/www.mp3-italia.it\/wp-content\/uploads\/2021\/05\/KPC-air-flow-1280x460.png 1280w, https:\/\/www.mp3-italia.it\/wp-content\/uploads\/2021\/05\/KPC-air-flow-980x352.png 980w, https:\/\/www.mp3-italia.it\/wp-content\/uploads\/2021\/05\/KPC-air-flow-480x172.png 480w\" sizes=\"(min-width: 0px) and (max-width: 480px) 480px, (min-width: 481px) and (max-width: 980px) 980px, (min-width: 981px) and (max-width: 1280px) 1280px, (min-width: 1281px) 2894px, 100vw\" \/><\/a><\/p>\n<p>[\/et_pb_toggle][\/et_pb_column][\/et_pb_row][et_pb_row admin_label=&#8220;-&#8220; _builder_version=&#8220;4.8.0&#8243; _module_preset=&#8220;default&#8220; collapsed=&#8220;on&#8220; global_colors_info=&#8220;{}&#8220;][et_pb_column type=&#8220;4_4&#8243; _builder_version=&#8220;4.7.7&#8243; _module_preset=&#8220;default&#8220; global_colors_info=&#8220;{}&#8220;][et_pb_divider color=&#8220;#c6c6c6&#8243; divider_position=&#8220;center&#8220; _builder_version=&#8220;4.7.7&#8243; _module_preset=&#8220;default&#8220; global_colors_info=&#8220;{}&#8220;][\/et_pb_divider][\/et_pb_column][\/et_pb_row][et_pb_row _builder_version=&#8220;4.7.7&#8243; _module_preset=&#8220;default&#8220; global_colors_info=&#8220;{}&#8220;][et_pb_column type=&#8220;4_4&#8243; _builder_version=&#8220;4.7.7&#8243; _module_preset=&#8220;default&#8220; global_colors_info=&#8220;{}&#8220;][et_pb_text _builder_version=&#8220;4.9.10&#8243; _module_preset=&#8220;default&#8220; global_colors_info=&#8220;{}&#8220;]<\/p>\n<h3> Technischer Katalog <\/h3>\n<p>[\/et_pb_text][et_pb_blurb title=&#8220;KPC&#8220; url=&#8220;https:\/\/www.mp3-italia.it\/wp-content\/uploads\/2025\/07\/KPC_ENG_25_00.pdf&#8220; url_new_window=&#8220;on&#8220; use_icon=&#8220;on&#8220; font_icon=&#8220;&#x69;||divi||400&#8243; icon_color=&#8220;#0075bf&#8220; icon_placement=&#8220;left&#8220; content_max_width=&#8220;100%&#8220; admin_label=&#8220;technical catalog&#8220; _builder_version=&#8220;4.14.7&#8243; _module_preset=&#8220;default&#8220; header_text_color=&#8220;#0075bf&#8220; header_line_height=&#8220;1.5em&#8220; module_alignment=&#8220;left&#8220; link_option_url=&#8220;https:\/\/www.mp3-italia.it\/wp-content\/uploads\/2025\/07\/KPC_ENG_25_00.pdf&#8220; link_option_url_new_window=&#8220;on&#8220; hover_enabled=&#8220;0&#8243; global_colors_info=&#8220;{}&#8220; sticky_enabled=&#8220;0&#8243;][\/et_pb_blurb][\/et_pb_column][\/et_pb_row][\/et_pb_section]<\/p>\n","protected":false},"excerpt":{"rendered":"<p>Single and double deflection grilles<\/p>\n","protected":false},"featured_media":4723,"template":"","meta":{"_et_pb_use_builder":"on","_et_pb_old_content":"<blockquote>Der Diffusor der KPC-Serie besteht aus einer Tr\u00e4gerplatte, auf die ein Muster aus feststehenden Deflektoren gestanzt ist.\r\nDurch diese Geometrie wird ein kreisf\u00f6rmiger Luftstrom mit einer gro\u00dfen Induktionswirkung erreicht. Aus diesem Grund eignet sich der Auslass sowohl zum Heizen als auch zum K\u00fchlen, selbst bei gro\u00dfen Temperaturunterschieden zwischen der eingeblasenen Luft und der Luft im Raum.\r\nAus diesem Grund eignet sich der Auslass sowohl zum Heizen als auch zum K\u00fchlen, selbst bei gro\u00dfen Temperaturunterschieden zwischen der eingeblasenen Luft und der Luft im Raum.<\/blockquote>\r\n<h2>Technische Daten<\/h2>\r\n<ul>\r\n \t<li>Der Diffusor besteht aus Kohlenstoffstahlblech, Lackierung: wei\u00dfe Farbe (RAL 9010 oder RAL 9003)<\/li>\r\n<\/ul>","_et_gb_content_width":""},"product_cat":[77],"product_tag":[133],"yoast_head":"<!-- This site is optimized with the Yoast SEO Premium plugin v16.1 (Yoast SEO v18.0) - https:\/\/yoast.com\/wordpress\/plugins\/seo\/ -->\n<title>KPC - MP3<\/title>\n<meta name=\"robots\" content=\"index, follow, max-snippet:-1, max-image-preview:large, max-video-preview:-1\" \/>\n<link rel=\"canonical\" href=\"https:\/\/www.mp3-italia.it\/de\/produkte\/diffusion-de\/kpc\/\" \/>\n<meta property=\"og:locale\" content=\"de_DE\" \/>\n<meta property=\"og:type\" content=\"article\" \/>\n<meta property=\"og:title\" content=\"KPC - MP3\" \/>\n<meta property=\"og:description\" content=\"Single and double deflection grilles\" \/>\n<meta property=\"og:url\" content=\"https:\/\/www.mp3-italia.it\/de\/produkte\/diffusion-de\/kpc\/\" \/>\n<meta property=\"og:site_name\" content=\"MP3\" \/>\n<meta property=\"article:publisher\" content=\"https:\/\/www.facebook.com\/mp3italia\/\" \/>\n<meta property=\"article:modified_time\" content=\"2025-07-17T15:42:05+00:00\" \/>\n<meta property=\"og:image\" content=\"https:\/\/www.mp3-italia.it\/wp-content\/uploads\/2021\/05\/KPC.jpg\" \/>\n\t<meta property=\"og:image:width\" content=\"1080\" \/>\n\t<meta property=\"og:image:height\" content=\"1080\" \/>\n\t<meta property=\"og:image:type\" content=\"image\/jpeg\" \/>\n<meta name=\"twitter:card\" content=\"summary_large_image\" \/>\n<meta name=\"twitter:site\" content=\"@MP3airsolutions\" \/>\n<meta name=\"twitter:label1\" content=\"Gesch\u00e4tzte Lesezeit\" \/>\n\t<meta name=\"twitter:data1\" content=\"6 Minuten\" \/>\n<script type=\"application\/ld+json\" class=\"yoast-schema-graph\">{\"@context\":\"https:\/\/schema.org\",\"@graph\":[{\"@type\":\"Organization\",\"@id\":\"https:\/\/www.mp3-italia.it\/#organization\",\"name\":\"MP3 Italia\",\"url\":\"https:\/\/www.mp3-italia.it\/\",\"sameAs\":[\"https:\/\/www.facebook.com\/mp3italia\/\",\"https:\/\/www.linkedin.com\/company\/mp3-air-solutions\/\",\"https:\/\/www.youtube.com\/user\/MP3AirSolutions\/videos\",\"https:\/\/twitter.com\/MP3airsolutions\"],\"logo\":{\"@type\":\"ImageObject\",\"@id\":\"https:\/\/www.mp3-italia.it\/#logo\",\"inLanguage\":\"de-DE\",\"url\":\"https:\/\/www.mp3-italia.it\/wp-content\/uploads\/2020\/12\/MP3_logo_black_tagline.png\",\"contentUrl\":\"https:\/\/www.mp3-italia.it\/wp-content\/uploads\/2020\/12\/MP3_logo_black_tagline.png\",\"width\":507,\"height\":200,\"caption\":\"MP3 Italia\"},\"image\":{\"@id\":\"https:\/\/www.mp3-italia.it\/#logo\"}},{\"@type\":\"WebSite\",\"@id\":\"https:\/\/www.mp3-italia.it\/#website\",\"url\":\"https:\/\/www.mp3-italia.it\/\",\"name\":\"MP3\",\"description\":\"Protect People, with Passione\",\"publisher\":{\"@id\":\"https:\/\/www.mp3-italia.it\/#organization\"},\"potentialAction\":[{\"@type\":\"SearchAction\",\"target\":{\"@type\":\"EntryPoint\",\"urlTemplate\":\"https:\/\/www.mp3-italia.it\/?s={search_term_string}\"},\"query-input\":\"required name=search_term_string\"}],\"inLanguage\":\"de-DE\"},{\"@type\":\"ImageObject\",\"@id\":\"https:\/\/www.mp3-italia.it\/de\/produkte\/diffusion-de\/kpc\/#primaryimage\",\"inLanguage\":\"de-DE\",\"url\":\"https:\/\/www.mp3-italia.it\/wp-content\/uploads\/2021\/05\/KPC.jpg\",\"contentUrl\":\"https:\/\/www.mp3-italia.it\/wp-content\/uploads\/2021\/05\/KPC.jpg\",\"width\":1080,\"height\":1080,\"caption\":\"KPC\"},{\"@type\":\"WebPage\",\"@id\":\"https:\/\/www.mp3-italia.it\/de\/produkte\/diffusion-de\/kpc\/#webpage\",\"url\":\"https:\/\/www.mp3-italia.it\/de\/produkte\/diffusion-de\/kpc\/\",\"name\":\"KPC - MP3\",\"isPartOf\":{\"@id\":\"https:\/\/www.mp3-italia.it\/#website\"},\"primaryImageOfPage\":{\"@id\":\"https:\/\/www.mp3-italia.it\/de\/produkte\/diffusion-de\/kpc\/#primaryimage\"},\"datePublished\":\"2021-05-19T10:22:09+00:00\",\"dateModified\":\"2025-07-17T15:42:05+00:00\",\"breadcrumb\":{\"@id\":\"https:\/\/www.mp3-italia.it\/de\/produkte\/diffusion-de\/kpc\/#breadcrumb\"},\"inLanguage\":\"de-DE\",\"potentialAction\":[{\"@type\":\"ReadAction\",\"target\":[\"https:\/\/www.mp3-italia.it\/de\/produkte\/diffusion-de\/kpc\/\"]}]},{\"@type\":\"BreadcrumbList\",\"@id\":\"https:\/\/www.mp3-italia.it\/de\/produkte\/diffusion-de\/kpc\/#breadcrumb\",\"itemListElement\":[{\"@type\":\"ListItem\",\"position\":1,\"name\":\"Home\",\"item\":\"https:\/\/www.mp3-italia.it\/de\/\"},{\"@type\":\"ListItem\",\"position\":2,\"name\":\"\"},{\"@type\":\"ListItem\",\"position\":3,\"name\":\"KPC\"}]}]}<\/script>\n<!-- \/ Yoast SEO Premium plugin. -->","yoast_head_json":{"title":"KPC - MP3","robots":{"index":"index","follow":"follow","max-snippet":"max-snippet:-1","max-image-preview":"max-image-preview:large","max-video-preview":"max-video-preview:-1"},"canonical":"https:\/\/www.mp3-italia.it\/de\/produkte\/diffusion-de\/kpc\/","og_locale":"de_DE","og_type":"article","og_title":"KPC - MP3","og_description":"Single and double deflection grilles","og_url":"https:\/\/www.mp3-italia.it\/de\/produkte\/diffusion-de\/kpc\/","og_site_name":"MP3","article_publisher":"https:\/\/www.facebook.com\/mp3italia\/","article_modified_time":"2025-07-17T15:42:05+00:00","og_image":[{"width":1080,"height":1080,"url":"https:\/\/www.mp3-italia.it\/wp-content\/uploads\/2021\/05\/KPC.jpg","type":"image\/jpeg"}],"twitter_card":"summary_large_image","twitter_site":"@MP3airsolutions","twitter_misc":{"Gesch\u00e4tzte Lesezeit":"6 Minuten"},"schema":{"@context":"https:\/\/schema.org","@graph":[{"@type":"Organization","@id":"https:\/\/www.mp3-italia.it\/#organization","name":"MP3 Italia","url":"https:\/\/www.mp3-italia.it\/","sameAs":["https:\/\/www.facebook.com\/mp3italia\/","https:\/\/www.linkedin.com\/company\/mp3-air-solutions\/","https:\/\/www.youtube.com\/user\/MP3AirSolutions\/videos","https:\/\/twitter.com\/MP3airsolutions"],"logo":{"@type":"ImageObject","@id":"https:\/\/www.mp3-italia.it\/#logo","inLanguage":"de-DE","url":"https:\/\/www.mp3-italia.it\/wp-content\/uploads\/2020\/12\/MP3_logo_black_tagline.png","contentUrl":"https:\/\/www.mp3-italia.it\/wp-content\/uploads\/2020\/12\/MP3_logo_black_tagline.png","width":507,"height":200,"caption":"MP3 Italia"},"image":{"@id":"https:\/\/www.mp3-italia.it\/#logo"}},{"@type":"WebSite","@id":"https:\/\/www.mp3-italia.it\/#website","url":"https:\/\/www.mp3-italia.it\/","name":"MP3","description":"Protect People, with Passione","publisher":{"@id":"https:\/\/www.mp3-italia.it\/#organization"},"potentialAction":[{"@type":"SearchAction","target":{"@type":"EntryPoint","urlTemplate":"https:\/\/www.mp3-italia.it\/?s={search_term_string}"},"query-input":"required name=search_term_string"}],"inLanguage":"de-DE"},{"@type":"ImageObject","@id":"https:\/\/www.mp3-italia.it\/de\/produkte\/diffusion-de\/kpc\/#primaryimage","inLanguage":"de-DE","url":"https:\/\/www.mp3-italia.it\/wp-content\/uploads\/2021\/05\/KPC.jpg","contentUrl":"https:\/\/www.mp3-italia.it\/wp-content\/uploads\/2021\/05\/KPC.jpg","width":1080,"height":1080,"caption":"KPC"},{"@type":"WebPage","@id":"https:\/\/www.mp3-italia.it\/de\/produkte\/diffusion-de\/kpc\/#webpage","url":"https:\/\/www.mp3-italia.it\/de\/produkte\/diffusion-de\/kpc\/","name":"KPC - MP3","isPartOf":{"@id":"https:\/\/www.mp3-italia.it\/#website"},"primaryImageOfPage":{"@id":"https:\/\/www.mp3-italia.it\/de\/produkte\/diffusion-de\/kpc\/#primaryimage"},"datePublished":"2021-05-19T10:22:09+00:00","dateModified":"2025-07-17T15:42:05+00:00","breadcrumb":{"@id":"https:\/\/www.mp3-italia.it\/de\/produkte\/diffusion-de\/kpc\/#breadcrumb"},"inLanguage":"de-DE","potentialAction":[{"@type":"ReadAction","target":["https:\/\/www.mp3-italia.it\/de\/produkte\/diffusion-de\/kpc\/"]}]},{"@type":"BreadcrumbList","@id":"https:\/\/www.mp3-italia.it\/de\/produkte\/diffusion-de\/kpc\/#breadcrumb","itemListElement":[{"@type":"ListItem","position":1,"name":"Home","item":"https:\/\/www.mp3-italia.it\/de\/"},{"@type":"ListItem","position":2,"name":""},{"@type":"ListItem","position":3,"name":"KPC"}]}]}},"_links":{"self":[{"href":"https:\/\/www.mp3-italia.it\/de\/wp-json\/wp\/v2\/product\/7561"}],"collection":[{"href":"https:\/\/www.mp3-italia.it\/de\/wp-json\/wp\/v2\/product"}],"about":[{"href":"https:\/\/www.mp3-italia.it\/de\/wp-json\/wp\/v2\/types\/product"}],"wp:featuredmedia":[{"embeddable":true,"href":"https:\/\/www.mp3-italia.it\/de\/wp-json\/wp\/v2\/media\/4723"}],"wp:attachment":[{"href":"https:\/\/www.mp3-italia.it\/de\/wp-json\/wp\/v2\/media?parent=7561"}],"wp:term":[{"taxonomy":"product_cat","embeddable":true,"href":"https:\/\/www.mp3-italia.it\/de\/wp-json\/wp\/v2\/product_cat?post=7561"},{"taxonomy":"product_tag","embeddable":true,"href":"https:\/\/www.mp3-italia.it\/de\/wp-json\/wp\/v2\/product_tag?post=7561"}],"curies":[{"name":"wp","href":"https:\/\/api.w.org\/{rel}","templated":true}]}}