{"id":7426,"date":"2021-03-16T11:00:10","date_gmt":"2021-03-16T10:00:10","guid":{"rendered":"https:\/\/www.mp3-italia.it\/products\/unkategorisiert\/cl-gh100z\/"},"modified":"2022-01-31T12:03:22","modified_gmt":"2022-01-31T11:03:22","slug":"cl-gh100z","status":"publish","type":"product","link":"https:\/\/www.mp3-italia.it\/de\/produkte\/diffusion-de\/cl-gh100z\/","title":{"rendered":"CL-GH100Z"},"content":{"rendered":"<p>[et_pb_section fb_built=&#8220;1&#8243; admin_label=&#8220;testata&#8220; _builder_version=&#8220;4.8.0&#8243; _module_preset=&#8220;default&#8220; background_color=&#8220;#f9f9f9&#8243; collapsed=&#8220;on&#8220; global_colors_info=&#8220;{}&#8220;][et_pb_row column_structure=&#8220;1_3,1_3,1_3&#8243; use_custom_gutter=&#8220;on&#8220; gutter_width=&#8220;2&#8243; make_equal=&#8220;on&#8220; _builder_version=&#8220;4.8.0&#8243; _module_preset=&#8220;default&#8220; width=&#8220;90%&#8220; max_width=&#8220;100%&#8220; custom_padding=&#8220;0px||0px||true|false&#8220; global_colors_info=&#8220;{}&#8220;][et_pb_column type=&#8220;1_3&#8243; module_class=&#8220;centra-verticale&#8220; disabled_on=&#8220;on|on|off&#8220; _builder_version=&#8220;4.8.0&#8243; _module_preset=&#8220;default&#8220; custom_padding=&#8220;40px||40px||true|false&#8220; custom_padding_tablet=&#8220;0px||0px||true|false&#8220; custom_padding_phone=&#8220;&#8220; custom_padding_last_edited=&#8220;on|desktop&#8220; global_colors_info=&#8220;{}&#8220;][et_pb_image src=&#8220;https:\/\/www.mp3-italia.it\/wp-content\/uploads\/2020\/12\/MP3_logo_black_tagline.png&#8220; title_text=&#8220;MP3_logo_black_tagline&#8220; url=&#8220;@ET-DC@eyJkeW5hbWljIjp0cnVlLCJjb250ZW50IjoiaG9tZV91cmwiLCJzZXR0aW5ncyI6e319@&#8220; disabled_on=&#8220;off|off|off&#8220; _builder_version=&#8220;4.8.0&#8243; _dynamic_attributes=&#8220;url&#8220; _module_preset=&#8220;default&#8220; width=&#8220;150px&#8220; global_colors_info=&#8220;{}&#8220;][\/et_pb_image][\/et_pb_column][et_pb_column type=&#8220;1_3&#8243; module_class=&#8220;centra-verticale&#8220; _builder_version=&#8220;4.8.0&#8243; _module_preset=&#8220;default&#8220; custom_padding=&#8220;|||50px|false|false&#8220; border_width_left=&#8220;1px&#8220; border_color_left=&#8220;#e8e8e8&#8243; global_colors_info=&#8220;{}&#8220;][et_pb_text _builder_version=&#8220;4.8.0&#8243; _dynamic_attributes=&#8220;content&#8220; _module_preset=&#8220;default&#8220; header_font=&#8220;|700|||||||&#8220; header_text_color=&#8220;#0075bf&#8220; header_letter_spacing=&#8220;1px&#8220; custom_margin=&#8220;||5px||false|false&#8220; custom_padding=&#8220;||||false|false&#8220; global_colors_info=&#8220;{}&#8220;]@ET-DC@eyJkeW5hbWljIjp0cnVlLCJjb250ZW50IjoicG9zdF90YWdzIiwic2V0dGluZ3MiOnsiYmVmb3JlIjoiIiwiYWZ0ZXIiOiIiLCJsaW5rX3RvX3Rlcm1fcGFnZSI6Im9mZiIsInNlcGFyYXRvciI6IiB8ICIsImNhdGVnb3J5X3R5cGUiOiJwcm9kdWN0X3RhZyJ9fQ==@[\/et_pb_text][et_pb_text _builder_version=&#8220;4.8.0&#8243; _dynamic_attributes=&#8220;content&#8220; _module_preset=&#8220;default&#8220; text_font=&#8220;|700|||||||&#8220; text_text_color=&#8220;#0075BF&#8220; text_font_size=&#8220;30px&#8220; header_font=&#8220;|700|||||||&#8220; header_text_color=&#8220;#0075bf&#8220; header_letter_spacing=&#8220;1px&#8220; global_colors_info=&#8220;{}&#8220;]@ET-DC@eyJkeW5hbWljIjp0cnVlLCJjb250ZW50IjoicG9zdF90aXRsZSIsInNldHRpbmdzIjp7ImJlZm9yZSI6IiIsImFmdGVyIjoiIn19@[\/et_pb_text][\/et_pb_column][et_pb_column type=&#8220;1_3&#8243; module_class=&#8220;centra-verticale&#8220; _builder_version=&#8220;4.8.0&#8243; _module_preset=&#8220;default&#8220; global_colors_info=&#8220;{}&#8220;][et_pb_blurb url=&#8220;@ET-DC@eyJkeW5hbWljIjp0cnVlLCJjb250ZW50IjoicG9zdF9saW5rX3VybF9wYWdlIiwic2V0dGluZ3MiOnsicG9zdF9pZCI6IjE1MSJ9fQ==@&#8220; image=&#8220;https:\/\/www.mp3-italia.it\/wp-content\/uploads\/2021\/01\/arrow_-copia.png&#8220; icon_placement=&#8220;left&#8220; image_max_width=&#8220;30px&#8220; _builder_version=&#8220;4.9.10&#8243; _dynamic_attributes=&#8220;url,link_option_url&#8220; _module_preset=&#8220;default&#8220; body_line_height=&#8220;1.9em&#8220; background_enable_color=&#8220;off&#8220; width=&#8220;200px&#8220; width_tablet=&#8220;200px&#8220; width_phone=&#8220;&#8220; width_last_edited=&#8220;on|phone&#8220; module_alignment=&#8220;right&#8220; animation=&#8220;off&#8220; link_option_url=&#8220;@ET-DC@eyJkeW5hbWljIjp0cnVlLCJjb250ZW50IjoicG9zdF9saW5rX3VybF9wYWdlIiwic2V0dGluZ3MiOnsicG9zdF9pZCI6IjE1MSJ9fQ==@&#8220; module_alignment_tablet=&#8220;left&#8220; module_alignment_phone=&#8220;&#8220; module_alignment_last_edited=&#8220;on|tablet&#8220; global_colors_info=&#8220;{}&#8220;]<\/p>\n<p> Zur\u00fcck zu Diffusion<\/p>\n<p>[\/et_pb_blurb][\/et_pb_column][\/et_pb_row][\/et_pb_section][et_pb_section fb_built=&#8220;1&#8243; admin_label=&#8220;prodotto&#8220; _builder_version=&#8220;4.8.0&#8243; _module_preset=&#8220;default&#8220; global_colors_info=&#8220;{}&#8220;][et_pb_row column_structure=&#8220;1_2,1_2&#8243; admin_label=&#8220;img + descrizione&#8220; _builder_version=&#8220;4.8.0&#8243; _module_preset=&#8220;default&#8220; collapsed=&#8220;on&#8220; global_colors_info=&#8220;{}&#8220;][et_pb_column type=&#8220;1_2&#8243; _builder_version=&#8220;4.7.7&#8243; _module_preset=&#8220;default&#8220; global_colors_info=&#8220;{}&#8220;][et_pb_wc_images show_sale_badge=&#8220;off&#8220; _builder_version=&#8220;4.8.0&#8243; _module_preset=&#8220;default&#8220; global_colors_info=&#8220;{}&#8220;][\/et_pb_wc_images][\/et_pb_column][et_pb_column type=&#8220;1_2&#8243; _builder_version=&#8220;4.7.7&#8243; _module_preset=&#8220;default&#8220; global_colors_info=&#8220;{}&#8220;][et_pb_wc_description description_type=&#8220;description&#8220; _builder_version=&#8220;4.8.0&#8243; _module_preset=&#8220;default&#8220; global_colors_info=&#8220;{}&#8220;][\/et_pb_wc_description][\/et_pb_column][\/et_pb_row][et_pb_row admin_label=&#8220;-&#8220; _builder_version=&#8220;4.8.0&#8243; _module_preset=&#8220;default&#8220; collapsed=&#8220;on&#8220; global_colors_info=&#8220;{}&#8220;][et_pb_column type=&#8220;4_4&#8243; _builder_version=&#8220;4.7.7&#8243; _module_preset=&#8220;default&#8220; global_colors_info=&#8220;{}&#8220;][et_pb_divider color=&#8220;#c6c6c6&#8243; divider_position=&#8220;center&#8220; _builder_version=&#8220;4.7.7&#8243; _module_preset=&#8220;default&#8220; global_colors_info=&#8220;{}&#8220;][\/et_pb_divider][et_pb_text _builder_version=&#8220;4.9.10&#8243; _module_preset=&#8220;default&#8220; global_colors_info=&#8220;{}&#8220;]<\/p>\n<h3> Dokumentation <\/h3>\n<p>[\/et_pb_text][et_pb_blurb title=&#8220;Bitte wenden Sie sich an offers@mp3-italia.com, um bei der Auswahl dezidierte Unterst\u00fctzung zu erhalten&#8220; url=&#8220;mailto:offers@mp3-italia.com&#8220; use_icon=&#8220;on&#8220; font_icon=&#8220;%%109%%&#8220; icon_color=&#8220;#0075bf&#8220; icon_placement=&#8220;left&#8220; content_max_width=&#8220;100%&#8220; admin_label=&#8220;technical catalog&#8220; _builder_version=&#8220;4.9.10&#8243; _module_preset=&#8220;default&#8220; header_text_color=&#8220;#0075bf&#8220; header_line_height=&#8220;1.5em&#8220; module_alignment=&#8220;left&#8220; link_option_url=&#8220;mailto:offers@mp3-italia.com&#8220; global_colors_info=&#8220;{}&#8220;][\/et_pb_blurb][et_pb_divider color=&#8220;#c6c6c6&#8243; divider_position=&#8220;center&#8220; _builder_version=&#8220;4.7.7&#8243; _module_preset=&#8220;default&#8220; global_colors_info=&#8220;{}&#8220;][\/et_pb_divider][et_pb_text admin_label=&#8220;Dimensions&#8220; _builder_version=&#8220;4.9.10&#8243; _module_preset=&#8220;default&#8220; global_colors_info=&#8220;{}&#8220;]<\/p>\n<h3> Abmessungen <\/h3>\n<p>[\/et_pb_text][et_pb_toggle title=&#8220;CL-GH100Z Serie&#8220; admin_label=&#8220;Dimensions IMG&#8220; _builder_version=&#8220;4.9.2&#8243; _module_preset=&#8220;default&#8220; global_colors_info=&#8220;{}&#8220;]<a href=\"\/wp-content\/uploads\/2021\/03\/CL-GH100Z-dim1.jpg\"><img loading=\"lazy\" class=\"aligncenter wp-image-1532 size-full\" src=\"\/wp-content\/uploads\/2021\/03\/CL-GH100Z-dim1.jpg\" alt=\"CL-GH100Z\" width=\"450\" height=\"289\" srcset=\"https:\/\/www.mp3-italia.it\/wp-content\/uploads\/2021\/03\/CL-GH100Z-dim1.jpg 450w, https:\/\/www.mp3-italia.it\/wp-content\/uploads\/2021\/03\/CL-GH100Z-dim1-300x193.jpg 300w\" sizes=\"(max-width: 450px) 100vw, 450px\" \/><\/a><\/p>\n<p>&nbsp;<\/p>\n<p><div id=\"footable_parent_1534\"\n     class=\"footable_parent ninja_table_wrapper loading_ninja_table wp_table_data_press_parent semantic_ui \">\n                <table data-ninja_table_instance=\"ninja_table_instance_0\" data-footable_id=&quot;1534&quot; data-filter-delay=&quot;1000&quot; aria-label=&quot;CL-GH100Z&quot;            id=\"footable_1534\"\n           data-unique_identifier=\"ninja_table_unique_id_1220256423_1534\"\n           class=\" foo-table ninja_footable foo_table_1534 ninja_table_unique_id_1220256423_1534 ui table  nt_type_ajax_table selectable celled striped compact vertical_centered  footable-paging-right ninja_table_search_disabled\">\n                <colgroup>\n                            <col class=\"ninja_column_0 \">\n                            <col class=\"ninja_column_1 \">\n                            <col class=\"ninja_column_2 \">\n                            <col class=\"ninja_column_3 \">\n                            <col class=\"ninja_column_4 \">\n                            <col class=\"ninja_column_5 \">\n                    <\/colgroup>\n            <\/table>\n    <style id=\"ninja_table_custom_css_1534\" type=\"text\/css\">\n    #footable_1534  {\n        font-family: system-ui !important;\n        font-size: 14px !important;\n    }\n\n\n<\/style>\n\n    \n    \n<\/div>\n[\/et_pb_toggle][\/et_pb_column][\/et_pb_row][\/et_pb_section]<\/p>\n","protected":false},"excerpt":{"rendered":"<p>Stahlgitter<\/p>\n","protected":false},"featured_media":3568,"template":"","meta":{"_et_pb_use_builder":"on","_et_pb_old_content":"<blockquote>Die Au\u00dfenlamellen sind f\u00fcr Ab- und Zuluft geeignet; die Lamellen kann mit einem Unterbaurahmen in die Au\u00dfenwand montiert werden.<\/blockquote>\r\n<h2>Technische Daten<\/h2>\r\n<ul>\r\n \t<li> Rahmen aus verzinktem Stahl, Dicke 1,5\u00a0mm <\/li>\r\n \t<li> Lamellen aus verzinktem Stahl, St\u00e4rke 1,0\u00a0mm mit wasserdichtem Profil <\/li>\r\n \t<li> Lamellenabstand 100\u00a0mm <\/li>\r\n \t<li> Druckverlust nach UNI CTI 8728 gepr\u00fcft <\/li>\r\n \t<li> Akustische Daten nach UNI EN 25135 gepr\u00fcft <\/li>\r\n<\/ul>\r\n<h3> Zubeh\u00f6r <\/h3>\r\n<ul>\r\n \t<li> Einbaurahmen aus verzinktem Stahl, St\u00e4rke 2,0\u00a0mm, L-Profil\u00a030\u00a0x\u00a035\u00a0mm <\/li>\r\n \t<li> CL-GHR 50Z: mit Drahtgewebe 10\u00a0x\u00a010\u00a0x\u00a01,0\u00a0mm <\/li>\r\n<\/ul>\r\n<h3> Ausf\u00fchrungen <\/h3>\r\n<ul>\r\n \t<li> CL-GH 100X: aus Edelstahl AISI 304 <\/li>\r\n \t<li> Lackiert <\/li>\r\n \t<li> CL-GHR 100X: aus Edelstahl AISI und Drahtgewebe <\/li>\r\n \t<li> Hinweis: Bei Bestellung angeben <\/li>\r\n<\/ul>","_et_gb_content_width":""},"product_cat":[77],"product_tag":[130],"yoast_head":"<!-- This site is optimized with the Yoast SEO Premium plugin v16.1 (Yoast SEO v18.0) - https:\/\/yoast.com\/wordpress\/plugins\/seo\/ -->\n<title>CL-GH100Z - MP3<\/title>\n<meta name=\"robots\" content=\"index, follow, max-snippet:-1, max-image-preview:large, max-video-preview:-1\" \/>\n<link rel=\"canonical\" href=\"https:\/\/www.mp3-italia.it\/produkte\/diffusion\/cl-gh100z\/\" \/>\n<meta property=\"og:locale\" content=\"de_DE\" \/>\n<meta property=\"og:type\" content=\"article\" \/>\n<meta property=\"og:title\" content=\"CL-GH100Z - MP3\" \/>\n<meta property=\"og:description\" content=\"Stahlgitter\" \/>\n<meta property=\"og:url\" content=\"https:\/\/www.mp3-italia.it\/produkte\/diffusion\/cl-gh100z\/\" \/>\n<meta property=\"og:site_name\" content=\"MP3\" \/>\n<meta property=\"article:publisher\" content=\"https:\/\/www.facebook.com\/mp3italia\/\" \/>\n<meta property=\"article:modified_time\" content=\"2022-01-31T11:03:22+00:00\" \/>\n<meta property=\"og:image\" content=\"https:\/\/www.mp3-italia.it\/wp-content\/uploads\/2021\/03\/CL-GH100Z.jpg\" \/>\n\t<meta property=\"og:image:width\" content=\"1080\" \/>\n\t<meta property=\"og:image:height\" content=\"1080\" \/>\n\t<meta property=\"og:image:type\" content=\"image\/jpeg\" \/>\n<meta name=\"twitter:card\" content=\"summary_large_image\" \/>\n<meta name=\"twitter:site\" content=\"@MP3airsolutions\" \/>\n<meta name=\"twitter:label1\" content=\"Gesch\u00e4tzte Lesezeit\" \/>\n\t<meta name=\"twitter:data1\" content=\"4 Minuten\" \/>\n<script type=\"application\/ld+json\" class=\"yoast-schema-graph\">{\"@context\":\"https:\/\/schema.org\",\"@graph\":[{\"@type\":\"Organization\",\"@id\":\"https:\/\/www.mp3-italia.it\/#organization\",\"name\":\"MP3 Italia\",\"url\":\"https:\/\/www.mp3-italia.it\/\",\"sameAs\":[\"https:\/\/www.facebook.com\/mp3italia\/\",\"https:\/\/www.linkedin.com\/company\/mp3-air-solutions\/\",\"https:\/\/www.youtube.com\/user\/MP3AirSolutions\/videos\",\"https:\/\/twitter.com\/MP3airsolutions\"],\"logo\":{\"@type\":\"ImageObject\",\"@id\":\"https:\/\/www.mp3-italia.it\/#logo\",\"inLanguage\":\"de-DE\",\"url\":\"https:\/\/www.mp3-italia.it\/wp-content\/uploads\/2020\/12\/MP3_logo_black_tagline.png\",\"contentUrl\":\"https:\/\/www.mp3-italia.it\/wp-content\/uploads\/2020\/12\/MP3_logo_black_tagline.png\",\"width\":507,\"height\":200,\"caption\":\"MP3 Italia\"},\"image\":{\"@id\":\"https:\/\/www.mp3-italia.it\/#logo\"}},{\"@type\":\"WebSite\",\"@id\":\"https:\/\/www.mp3-italia.it\/#website\",\"url\":\"https:\/\/www.mp3-italia.it\/\",\"name\":\"MP3\",\"description\":\"Protect People, with Passione\",\"publisher\":{\"@id\":\"https:\/\/www.mp3-italia.it\/#organization\"},\"potentialAction\":[{\"@type\":\"SearchAction\",\"target\":{\"@type\":\"EntryPoint\",\"urlTemplate\":\"https:\/\/www.mp3-italia.it\/?s={search_term_string}\"},\"query-input\":\"required name=search_term_string\"}],\"inLanguage\":\"de-DE\"},{\"@type\":\"ImageObject\",\"@id\":\"https:\/\/www.mp3-italia.it\/produkte\/diffusion\/cl-gh100z\/#primaryimage\",\"inLanguage\":\"de-DE\",\"url\":\"https:\/\/www.mp3-italia.it\/wp-content\/uploads\/2021\/03\/CL-GH100Z.jpg\",\"contentUrl\":\"https:\/\/www.mp3-italia.it\/wp-content\/uploads\/2021\/03\/CL-GH100Z.jpg\",\"width\":1080,\"height\":1080},{\"@type\":\"WebPage\",\"@id\":\"https:\/\/www.mp3-italia.it\/produkte\/diffusion\/cl-gh100z\/#webpage\",\"url\":\"https:\/\/www.mp3-italia.it\/produkte\/diffusion\/cl-gh100z\/\",\"name\":\"CL-GH100Z - MP3\",\"isPartOf\":{\"@id\":\"https:\/\/www.mp3-italia.it\/#website\"},\"primaryImageOfPage\":{\"@id\":\"https:\/\/www.mp3-italia.it\/produkte\/diffusion\/cl-gh100z\/#primaryimage\"},\"datePublished\":\"2021-03-16T10:00:10+00:00\",\"dateModified\":\"2022-01-31T11:03:22+00:00\",\"breadcrumb\":{\"@id\":\"https:\/\/www.mp3-italia.it\/produkte\/diffusion\/cl-gh100z\/#breadcrumb\"},\"inLanguage\":\"de-DE\",\"potentialAction\":[{\"@type\":\"ReadAction\",\"target\":[\"https:\/\/www.mp3-italia.it\/produkte\/diffusion\/cl-gh100z\/\"]}]},{\"@type\":\"BreadcrumbList\",\"@id\":\"https:\/\/www.mp3-italia.it\/produkte\/diffusion\/cl-gh100z\/#breadcrumb\",\"itemListElement\":[{\"@type\":\"ListItem\",\"position\":1,\"name\":\"Home\",\"item\":\"https:\/\/www.mp3-italia.it\/de\/\"},{\"@type\":\"ListItem\",\"position\":2,\"name\":\"\"},{\"@type\":\"ListItem\",\"position\":3,\"name\":\"CL-GH100Z\"}]}]}<\/script>\n<!-- \/ Yoast SEO Premium plugin. -->","yoast_head_json":{"title":"CL-GH100Z - MP3","robots":{"index":"index","follow":"follow","max-snippet":"max-snippet:-1","max-image-preview":"max-image-preview:large","max-video-preview":"max-video-preview:-1"},"canonical":"https:\/\/www.mp3-italia.it\/produkte\/diffusion\/cl-gh100z\/","og_locale":"de_DE","og_type":"article","og_title":"CL-GH100Z - MP3","og_description":"Stahlgitter","og_url":"https:\/\/www.mp3-italia.it\/produkte\/diffusion\/cl-gh100z\/","og_site_name":"MP3","article_publisher":"https:\/\/www.facebook.com\/mp3italia\/","article_modified_time":"2022-01-31T11:03:22+00:00","og_image":[{"width":1080,"height":1080,"url":"https:\/\/www.mp3-italia.it\/wp-content\/uploads\/2021\/03\/CL-GH100Z.jpg","type":"image\/jpeg"}],"twitter_card":"summary_large_image","twitter_site":"@MP3airsolutions","twitter_misc":{"Gesch\u00e4tzte Lesezeit":"4 Minuten"},"schema":{"@context":"https:\/\/schema.org","@graph":[{"@type":"Organization","@id":"https:\/\/www.mp3-italia.it\/#organization","name":"MP3 Italia","url":"https:\/\/www.mp3-italia.it\/","sameAs":["https:\/\/www.facebook.com\/mp3italia\/","https:\/\/www.linkedin.com\/company\/mp3-air-solutions\/","https:\/\/www.youtube.com\/user\/MP3AirSolutions\/videos","https:\/\/twitter.com\/MP3airsolutions"],"logo":{"@type":"ImageObject","@id":"https:\/\/www.mp3-italia.it\/#logo","inLanguage":"de-DE","url":"https:\/\/www.mp3-italia.it\/wp-content\/uploads\/2020\/12\/MP3_logo_black_tagline.png","contentUrl":"https:\/\/www.mp3-italia.it\/wp-content\/uploads\/2020\/12\/MP3_logo_black_tagline.png","width":507,"height":200,"caption":"MP3 Italia"},"image":{"@id":"https:\/\/www.mp3-italia.it\/#logo"}},{"@type":"WebSite","@id":"https:\/\/www.mp3-italia.it\/#website","url":"https:\/\/www.mp3-italia.it\/","name":"MP3","description":"Protect People, with Passione","publisher":{"@id":"https:\/\/www.mp3-italia.it\/#organization"},"potentialAction":[{"@type":"SearchAction","target":{"@type":"EntryPoint","urlTemplate":"https:\/\/www.mp3-italia.it\/?s={search_term_string}"},"query-input":"required name=search_term_string"}],"inLanguage":"de-DE"},{"@type":"ImageObject","@id":"https:\/\/www.mp3-italia.it\/produkte\/diffusion\/cl-gh100z\/#primaryimage","inLanguage":"de-DE","url":"https:\/\/www.mp3-italia.it\/wp-content\/uploads\/2021\/03\/CL-GH100Z.jpg","contentUrl":"https:\/\/www.mp3-italia.it\/wp-content\/uploads\/2021\/03\/CL-GH100Z.jpg","width":1080,"height":1080},{"@type":"WebPage","@id":"https:\/\/www.mp3-italia.it\/produkte\/diffusion\/cl-gh100z\/#webpage","url":"https:\/\/www.mp3-italia.it\/produkte\/diffusion\/cl-gh100z\/","name":"CL-GH100Z - MP3","isPartOf":{"@id":"https:\/\/www.mp3-italia.it\/#website"},"primaryImageOfPage":{"@id":"https:\/\/www.mp3-italia.it\/produkte\/diffusion\/cl-gh100z\/#primaryimage"},"datePublished":"2021-03-16T10:00:10+00:00","dateModified":"2022-01-31T11:03:22+00:00","breadcrumb":{"@id":"https:\/\/www.mp3-italia.it\/produkte\/diffusion\/cl-gh100z\/#breadcrumb"},"inLanguage":"de-DE","potentialAction":[{"@type":"ReadAction","target":["https:\/\/www.mp3-italia.it\/produkte\/diffusion\/cl-gh100z\/"]}]},{"@type":"BreadcrumbList","@id":"https:\/\/www.mp3-italia.it\/produkte\/diffusion\/cl-gh100z\/#breadcrumb","itemListElement":[{"@type":"ListItem","position":1,"name":"Home","item":"https:\/\/www.mp3-italia.it\/de\/"},{"@type":"ListItem","position":2,"name":""},{"@type":"ListItem","position":3,"name":"CL-GH100Z"}]}]}},"_links":{"self":[{"href":"https:\/\/www.mp3-italia.it\/de\/wp-json\/wp\/v2\/product\/7426"}],"collection":[{"href":"https:\/\/www.mp3-italia.it\/de\/wp-json\/wp\/v2\/product"}],"about":[{"href":"https:\/\/www.mp3-italia.it\/de\/wp-json\/wp\/v2\/types\/product"}],"wp:featuredmedia":[{"embeddable":true,"href":"https:\/\/www.mp3-italia.it\/de\/wp-json\/wp\/v2\/media\/3568"}],"wp:attachment":[{"href":"https:\/\/www.mp3-italia.it\/de\/wp-json\/wp\/v2\/media?parent=7426"}],"wp:term":[{"taxonomy":"product_cat","embeddable":true,"href":"https:\/\/www.mp3-italia.it\/de\/wp-json\/wp\/v2\/product_cat?post=7426"},{"taxonomy":"product_tag","embeddable":true,"href":"https:\/\/www.mp3-italia.it\/de\/wp-json\/wp\/v2\/product_tag?post=7426"}],"curies":[{"name":"wp","href":"https:\/\/api.w.org\/{rel}","templated":true}]}}