{"id":3984,"date":"2020-12-28T09:31:36","date_gmt":"2020-12-28T08:31:36","guid":{"rendered":"https:\/\/www.mp3-italia.it\/mp3-protect-people-with-passione\/"},"modified":"2021-12-29T17:35:34","modified_gmt":"2021-12-29T16:35:34","slug":"pagina-di-esempio","status":"publish","type":"page","link":"https:\/\/www.mp3-italia.it\/de\/","title":{"rendered":"MP3 &#8211; Protect People, with Passione"},"content":{"rendered":"<p>[et_pb_section fb_built=&#8220;1&#8243; custom_padding_last_edited=&#8220;on|desktop&#8220; _builder_version=&#8220;4.9.4&#8243; _module_preset=&#8220;default&#8220; background_image=&#8220;https:\/\/www.mp3-italia.it\/wp-content\/uploads\/2021\/05\/grattacieli-mp3-2.jpg&#8220; background_position=&#8220;bottom_right&#8220; custom_margin_phone=&#8220;0px||0px||false|false&#8220; custom_margin_last_edited=&#8220;off|desktop&#8220; custom_padding=&#8220;50px||0px||false|false&#8220; custom_padding_tablet=&#8220;0px||||false|false&#8220; custom_padding_phone=&#8220;&#8220; global_colors_info=&#8220;{}&#8220;][et_pb_row column_structure=&#8220;1_2,1_2&#8243; _builder_version=&#8220;4.8.0&#8243; _module_preset=&#8220;default&#8220; custom_margin=&#8220;||0px||false|false&#8220; custom_padding=&#8220;||0px||false|false&#8220; global_colors_info=&#8220;{}&#8220;][et_pb_column type=&#8220;1_2&#8243; _builder_version=&#8220;4.8.0&#8243; _module_preset=&#8220;default&#8220; global_colors_info=&#8220;{}&#8220;][et_pb_image src=&#8220;https:\/\/www.mp3-italia.it\/wp-content\/uploads\/2020\/12\/MP3_logo_black_tagline.png&#8220; title_text=&#8220;MP3_logo_black_tagline&#8220; _builder_version=&#8220;4.8.0&#8243; _module_preset=&#8220;default&#8220; width=&#8220;350px&#8220; width_tablet=&#8220;&#8220; width_phone=&#8220;300px&#8220; width_last_edited=&#8220;on|phone&#8220; global_colors_info=&#8220;{}&#8220;][\/et_pb_image][et_pb_text _builder_version=&#8220;4.10.8&#8243; _module_preset=&#8220;default&#8220; text_font=&#8220;||||||||&#8220; header_font_size=&#8220;20px&#8220; max_width_tablet=&#8220;60%&#8220; max_width_phone=&#8220;100%&#8220; max_width_last_edited=&#8220;on|tablet&#8220; custom_margin=&#8220;50px||||false|false&#8220; animation_style=&#8220;fade&#8220; animation_delay=&#8220;300ms&#8220; header_line_height_tablet=&#8220;&#8220; header_line_height_phone=&#8220;1.2em&#8220; header_line_height_last_edited=&#8220;on|phone&#8220; global_colors_info=&#8220;{}&#8220;]<\/p>\n<h1>Professionelle Komponenten f\u00fcr Klimatisierung, L\u00fcftung, Brandschutz, Filtration und Akustik<\/h1>\n<p>[\/et_pb_text][\/et_pb_column][et_pb_column type=&#8220;1_2&#8243; _builder_version=&#8220;4.8.0&#8243; _module_preset=&#8220;default&#8220; global_colors_info=&#8220;{}&#8220;][et_pb_blurb url=&#8220;#video&#8220; image=&#8220;https:\/\/www.mp3-italia.it\/wp-content\/uploads\/2021\/01\/arrow2.png&#8220; icon_placement=&#8220;left&#8220; image_max_width=&#8220;50px&#8220; _builder_version=&#8220;4.9.10&#8243; _module_preset=&#8220;default&#8220; body_line_height=&#8220;3em&#8220; background_enable_color=&#8220;off&#8220; width=&#8220;200px&#8220; width_tablet=&#8220;200px&#8220; width_phone=&#8220;&#8220; width_last_edited=&#8220;on|phone&#8220; module_alignment=&#8220;right&#8220; child_filter_brightness=&#8220;67%&#8220; animation_style=&#8220;fade&#8220; animation_delay=&#8220;600ms&#8220; animation=&#8220;off&#8220; link_option_url=&#8220;#video&#8220; module_alignment_tablet=&#8220;left&#8220; module_alignment_phone=&#8220;&#8220; module_alignment_last_edited=&#8220;on|tablet&#8220; global_colors_info=&#8220;{}&#8220;]Video ansehen[\/et_pb_blurb][\/et_pb_column][\/et_pb_row][et_pb_row column_structure=&#8220;1_2,1_2&#8243; custom_padding_last_edited=&#8220;off|desktop&#8220; _builder_version=&#8220;4.9.4&#8243; _module_preset=&#8220;default&#8220; custom_padding=&#8220;50px||50px||true|false&#8220; custom_padding_tablet=&#8220;||80px||false|false&#8220; custom_padding_phone=&#8220;0px||120px||false|false&#8220; animation_style=&#8220;fade&#8220; animation_delay=&#8220;300ms&#8220; global_colors_info=&#8220;{}&#8220;][et_pb_column type=&#8220;1_2&#8243; _builder_version=&#8220;4.8.0&#8243; _module_preset=&#8220;default&#8220; global_colors_info=&#8220;{}&#8220;][et_pb_text _builder_version=&#8220;4.9.10&#8243; _module_preset=&#8220;default&#8220; text_font=&#8220;||||||||&#8220; text_letter_spacing=&#8220;9px&#8220; header_font_size=&#8220;20px&#8220; global_colors_info=&#8220;{}&#8220;]ERKUNDEN[\/et_pb_text][et_pb_image src=&#8220;https:\/\/www.mp3-italia.it\/wp-content\/uploads\/2021\/01\/arrow_.png&#8220; title_text=&#8220;arrow_&#8220; url=&#8220;#categorie&#8220; _builder_version=&#8220;4.8.0&#8243; _module_preset=&#8220;default&#8220; width=&#8220;30px&#8220; global_colors_info=&#8220;{}&#8220;][\/et_pb_image][\/et_pb_column][et_pb_column type=&#8220;1_2&#8243; _builder_version=&#8220;4.8.0&#8243; _module_preset=&#8220;default&#8220; global_colors_info=&#8220;{}&#8220;][\/et_pb_column][\/et_pb_row][\/et_pb_section][et_pb_section fb_built=&#8220;1&#8243; module_id=&#8220;categorie&#8220; _builder_version=&#8220;4.10.8&#8243; background_color=&#8220;#F0461B&#8220; custom_margin=&#8220;||||false|false&#8220; custom_margin_tablet=&#8220;||||false|false&#8220; custom_margin_last_edited=&#8220;off|desktop&#8220; custom_padding=&#8220;40px||40px||true|false&#8220; bottom_divider_style=&#8220;triangle&#8220; bottom_divider_color=&#8220;#FFFFFF&#8220; bottom_divider_height=&#8220;30px&#8220; global_colors_info=&#8220;{}&#8220;][et_pb_row column_structure=&#8220;1_2,1_2&#8243; use_custom_gutter=&#8220;on&#8220; gutter_width=&#8220;1&#8243; make_equal=&#8220;on&#8220; _builder_version=&#8220;4.10.8&#8243; _module_preset=&#8220;default&#8220; width=&#8220;90%&#8220; max_width=&#8220;100%&#8220; custom_padding=&#8220;0px||0px||true|false&#8220; animation_style=&#8220;slide&#8220; animation_direction=&#8220;bottom&#8220; animation_intensity_slide=&#8220;4%&#8220; custom_css_main_element=&#8220;display:flex; flex-wrap:nowrap;&#8220; global_colors_info=&#8220;{}&#8220; custom_css_main_element_last_edited=&#8220;on|phone&#8220; custom_css_main_element_phone=&#8220;display:inherit; flex-wrap:inherit;&#8220;][et_pb_column type=&#8220;1_2&#8243; _builder_version=&#8220;4.8.0&#8243; _module_preset=&#8220;default&#8220; custom_padding_phone=&#8220;||||false|false&#8220; custom_padding_last_edited=&#8220;off|phone&#8220; global_colors_info=&#8220;{}&#8220;][et_pb_blurb title=&#8220;LUFT&#8220; url=&#8220;@ET-DC@eyJkeW5hbWljIjp0cnVlLCJjb250ZW50IjoicG9zdF9saW5rX3VybF9wYWdlIiwic2V0dGluZ3MiOnsicG9zdF9pZCI6IjE2MjAifX0=@&#8220; image=&#8220;https:\/\/www.mp3-italia.it\/wp-content\/uploads\/2021\/05\/air-noname.png&#8220; image_max_width=&#8220;150px&#8220; image_max_width_tablet=&#8220;&#8220; image_max_width_phone=&#8220;100px&#8220; image_max_width_last_edited=&#8220;on|phone&#8220; _builder_version=&#8220;4.10.8&#8243; _dynamic_attributes=&#8220;url,link_option_url&#8220; _module_preset=&#8220;default&#8220; header_font=&#8220;|700||on|||||&#8220; header_font_size=&#8220;20px&#8220; header_letter_spacing=&#8220;1px&#8220; header_line_height=&#8220;1.7em&#8220; body_font=&#8220;|300|||||||&#8220; text_orientation=&#8220;center&#8220; background_layout=&#8220;dark&#8220; custom_margin=&#8220;20px|40px||40px|false|true&#8220; animation=&#8220;bottom&#8220; link_option_url=&#8220;@ET-DC@eyJkeW5hbWljIjp0cnVlLCJjb250ZW50IjoicG9zdF9saW5rX3VybF9wYWdlIiwic2V0dGluZ3MiOnsicG9zdF9pZCI6IjE2MjAifX0=@&#8220; global_colors_info=&#8220;{}&#8220;]<\/p>\n<p>Entdecken Sie unser Produktsortiment im L\u00fcftungsbereich: <strong>Gittern<\/strong> und <strong>DIFFUSERN<\/strong>, <strong>D\u00c4MPFERN<\/strong> und <strong>SCHALLD\u00c4MPFERN<\/strong>, <strong>FILTERN<\/strong> und unsere speziellen <strong>M-PURE<\/strong> Sanitisationssystemen<\/p>\n<p>[\/et_pb_blurb][\/et_pb_column][et_pb_column type=&#8220;1_2&#8243; _builder_version=&#8220;4.10.8&#8243; _module_preset=&#8220;default&#8220; custom_padding=&#8220;||||true|false&#8220; custom_padding_tablet=&#8220;&#8220; custom_padding_phone=&#8220;60px||60px||true|false&#8220; custom_padding_last_edited=&#8220;on|phone&#8220; border_width_left=&#8220;1px&#8220; border_color_left=&#8220;#FFFFFF&#8220; border_width_right_phone=&#8220;0px&#8220; border_width_right_last_edited=&#8220;off|desktop&#8220; border_width_left_tablet=&#8220;&#8220; border_width_left_phone=&#8220;0px&#8220; border_width_left_last_edited=&#8220;on|phone&#8220; global_colors_info=&#8220;{}&#8220;][et_pb_blurb title=&#8220;FEUER&#8220; url=&#8220;@ET-DC@eyJkeW5hbWljIjp0cnVlLCJjb250ZW50IjoicG9zdF9saW5rX3VybF9wYWdlIiwic2V0dGluZ3MiOnsicG9zdF9pZCI6IjE2MzIifX0=@&#8220; image=&#8220;https:\/\/www.mp3-italia.it\/wp-content\/uploads\/2021\/05\/fire-noname.png&#8220; image_max_width=&#8220;150px&#8220; image_max_width_tablet=&#8220;&#8220; image_max_width_phone=&#8220;100px&#8220; image_max_width_last_edited=&#8220;on|phone&#8220; _builder_version=&#8220;4.10.8&#8243; _dynamic_attributes=&#8220;url,link_option_url&#8220; _module_preset=&#8220;default&#8220; header_font=&#8220;|700||on|||||&#8220; header_font_size=&#8220;20px&#8220; header_letter_spacing=&#8220;1px&#8220; header_line_height=&#8220;1.7em&#8220; body_font=&#8220;|300|||||||&#8220; text_orientation=&#8220;center&#8220; background_layout=&#8220;dark&#8220; custom_margin=&#8220;20px|40px||40px|false|true&#8220; animation=&#8220;bottom&#8220; link_option_url=&#8220;@ET-DC@eyJkeW5hbWljIjp0cnVlLCJjb250ZW50IjoicG9zdF9saW5rX3VybF9wYWdlIiwic2V0dGluZ3MiOnsicG9zdF9pZCI6IjE2MzIifX0=@&#8220; hover_enabled=&#8220;0&#8243; global_colors_info=&#8220;{}&#8220; sticky_enabled=&#8220;0&#8243;]<\/p>\n<p>Kontrollieren Sie Feuer und Rauch mit unseren <strong>BRANDSCHUTZKLAPPEN<\/strong>, <strong>RAUCHABZUGREGLERN<\/strong> und <strong>FERNBEDIENUNGSSYSTEM<\/strong><\/p>\n<p>[\/et_pb_blurb][\/et_pb_column][\/et_pb_row][\/et_pb_section][et_pb_section fb_built=&#8220;1&#8243; module_id=&#8220;categorie&#8220; _builder_version=&#8220;4.8.0&#8243; global_colors_info=&#8220;{}&#8220;][et_pb_row _builder_version=&#8220;4.8.0&#8243; _module_preset=&#8220;default&#8220; custom_margin=&#8220;||||false|false&#8220; animation_style=&#8220;fade&#8220; global_colors_info=&#8220;{}&#8220;][et_pb_column type=&#8220;4_4&#8243; _builder_version=&#8220;4.8.0&#8243; _module_preset=&#8220;default&#8220; global_colors_info=&#8220;{}&#8220;][et_pb_text _builder_version=&#8220;4.10.8&#8243; _module_preset=&#8220;default&#8220; text_font_size=&#8220;20px&#8220; text_letter_spacing=&#8220;1px&#8220; text_line_height=&#8220;1.8em&#8220; header_2_font=&#8220;|700|||||||&#8220; header_2_letter_spacing=&#8220;2px&#8220; header_2_line_height=&#8220;3em&#8220; text_orientation=&#8220;center&#8220; width=&#8220;60%&#8220; width_tablet=&#8220;100%&#8220; width_phone=&#8220;&#8220; width_last_edited=&#8220;on|phone&#8220; module_alignment=&#8220;center&#8220; global_colors_info=&#8220;{}&#8220;]<strong>\u201cWenn <span style=\"color: #f0461b;\"> QUALIT\u00c4T <\/span> auf <span style=\"color: #f0461b;\"> PASSION <\/span> trifft\u201d<\/strong><br \/>\nSehen Sie sich das Video an und erfahren Sie mehr\u2026.[\/et_pb_text][\/et_pb_column][\/et_pb_row][et_pb_row module_id=&#8220;video&#8220; _builder_version=&#8220;4.8.0&#8243; _module_preset=&#8220;default&#8220; width_tablet=&#8220;&#8220; width_phone=&#8220;90%&#8220; width_last_edited=&#8220;on|phone&#8220; max_width_tablet=&#8220;&#8220; max_width_phone=&#8220;100%&#8220; max_width_last_edited=&#8220;on|phone&#8220; animation_style=&#8220;fade&#8220; global_colors_info=&#8220;{}&#8220;][et_pb_column type=&#8220;4_4&#8243; _builder_version=&#8220;4.8.0&#8243; _module_preset=&#8220;default&#8220; global_colors_info=&#8220;{}&#8220;][et_pb_video src=&#8220;https:\/\/www.mp3-italia.it\/MP3-ProtectPeopleWithPassione.mp4&#8243; src_webm=&#8220;https:\/\/www.mp3-italia.it\/MP3-ProtectPeopleWithPassione.mp4&#8243; _builder_version=&#8220;4.10.8&#8243; _module_preset=&#8220;default&#8220; width_phone=&#8220;100%&#8220; width_last_edited=&#8220;off|desktop&#8220; module_alignment=&#8220;center&#8220; custom_margin=&#8220;0px|0px|0px|0px|true|true&#8220; custom_padding=&#8220;0px|0px|0px|0px|true|true&#8220; border_width_all=&#8220;1px&#8220; border_color_all=&#8220;#f4f4f4&#8243; global_colors_info=&#8220;{}&#8220;][\/et_pb_video][\/et_pb_column][\/et_pb_row][\/et_pb_section][et_pb_section fb_built=&#8220;1&#8243; module_id=&#8220;categorie&#8220; _builder_version=&#8220;4.8.0&#8243; global_colors_info=&#8220;{}&#8220;][et_pb_row column_structure=&#8220;2_5,3_5&#8243; make_equal=&#8220;on&#8220; _builder_version=&#8220;4.8.0&#8243; _module_preset=&#8220;default&#8220; custom_margin=&#8220;30px||||false|false&#8220; global_colors_info=&#8220;{}&#8220;][et_pb_column type=&#8220;2_5&#8243; _builder_version=&#8220;4.8.0&#8243; _module_preset=&#8220;default&#8220; custom_padding=&#8220;||||false|false&#8220; border_width_right=&#8220;1px&#8220; border_color_right=&#8220;#e8e8e8&#8243; global_colors_info=&#8220;{}&#8220;][et_pb_text _builder_version=&#8220;4.8.0&#8243; _module_preset=&#8220;default&#8220; header_2_font=&#8220;|700||on|||||&#8220; header_2_text_color=&#8220;#F0461B&#8220; header_2_letter_spacing=&#8220;5px&#8220; text_orientation=&#8220;right&#8220; custom_padding=&#8220;50px|50px|15px||false|false&#8220; animation_style=&#8220;slide&#8220; animation_direction=&#8220;left&#8220; animation_intensity_slide=&#8220;4%&#8220; global_colors_info=&#8220;{}&#8220;]<\/p>\n<h2>News<\/h2>\n<p>[\/et_pb_text][et_pb_text _builder_version=&#8220;4.10.8&#8243; _module_preset=&#8220;default&#8220; text_orientation=&#8220;right&#8220; custom_padding=&#8220;50px|50px|||false|false&#8220; animation_style=&#8220;slide&#8220; animation_direction=&#8220;left&#8220; animation_intensity_slide=&#8220;4%&#8220; border_width_top=&#8220;1px&#8220; border_color_top=&#8220;#e8e8e8&#8243; global_colors_info=&#8220;{}&#8220;]Entdecken Sie die neuesten Nachrichten<br \/>\nvon MP3 und bleiben Sie mit unseren<br \/>\nSchulungsprogrammen und<br \/>\nVeranstaltungen auf dem neuesten Stand[\/et_pb_text][et_pb_button button_url=&#8220;@ET-DC@eyJkeW5hbWljIjp0cnVlLCJjb250ZW50IjoicG9zdF9saW5rX3VybF9wYWdlIiwic2V0dGluZ3MiOnsicG9zdF9pZCI6Ijg3In19@&#8220; button_text=&#8220;Alle anzeigen&#8220; button_alignment=&#8220;right&#8220; _builder_version=&#8220;4.9.10&#8243; _dynamic_attributes=&#8220;button_url&#8220; _module_preset=&#8220;default&#8220; custom_button=&#8220;on&#8220; button_border_width=&#8220;1px&#8220; button_border_color=&#8220;#F0461B&#8220; button_border_radius=&#8220;100px&#8220; button_font=&#8220;|300|||||||&#8220; button_icon=&#8220;%%36%%&#8220; button_icon_color=&#8220;#F0461B&#8220; button_on_hover=&#8220;off&#8220; custom_margin=&#8220;40px|50px|||false|false&#8220; custom_padding=&#8220;5px|50px|5px|50px|true|true&#8220; global_colors_info=&#8220;{}&#8220; button_border_color__hover_enabled=&#8220;on|hover&#8220; button_border_color__hover=&#8220;#F0461B&#8220; button_bg_color__hover_enabled=&#8220;on|desktop&#8220; button_bg_color__hover=&#8220;rgba(240,70,27,0.13)&#8220; button_bg_enable_color__hover=&#8220;on&#8220;][\/et_pb_button][\/et_pb_column][et_pb_column type=&#8220;3_5&#8243; _builder_version=&#8220;4.7.7&#8243; _module_preset=&#8220;default&#8220; global_colors_info=&#8220;{}&#8220;][et_pb_blog fullwidth=&#8220;off&#8220; posts_number=&#8220;3&#8243; excerpt_length=&#8220;90&#8243; show_author=&#8220;off&#8220; show_categories=&#8220;off&#8220; _builder_version=&#8220;4.9.10&#8243; _module_preset=&#8220;default&#8220; header_font=&#8220;|600|||||||&#8220; header_text_color=&#8220;#0C0C0C&#8220; meta_text_color=&#8220;#F0461B&#8220; meta_font_size=&#8220;12px&#8220; custom_margin=&#8220;50px||||false|false&#8220; animation_style=&#8220;fade&#8220; border_width_all_image=&#8220;1px&#8220; border_color_all_image=&#8220;#FAB400&#8243; global_colors_info=&#8220;{}&#8220; border_color_all__hover_enabled=&#8220;on|desktop&#8220; border_color_all__hover=&#8220;#fab400&#8243;][\/et_pb_blog][\/et_pb_column][\/et_pb_row][\/et_pb_section]<\/p>\n","protected":false},"excerpt":{"rendered":"<p>Professionelle Komponenten f\u00fcr Klimatisierung, L\u00fcftung, Brandschutz, Filtration und AkustikVideo ansehenERKUNDENEntdecken Sie unser Produktsortiment im L\u00fcftungsbereich: Gittern und DIFFUSERN, D\u00c4MPFERN und SCHALLD\u00c4MPFERN, FILTERN und unsere speziellen M-PURE SanitisationssystemenKontrollieren Sie Feuer und Rauch mit unseren BRANDSCHUTZKLAPPEN, RAUCHABZUGREGLERN und FERNBEDIENUNGSSYSTEM\u201cWenn QUALIT\u00c4T auf PASSION trifft\u201d Sehen Sie sich das Video an und erfahren Sie mehr\u2026.NewsEntdecken Sie die neuesten Nachrichten [&hellip;]<\/p>\n","protected":false},"author":1,"featured_media":0,"parent":0,"menu_order":0,"comment_status":"closed","ping_status":"open","template":"","meta":{"_et_pb_use_builder":"on","_et_pb_old_content":"<!-- wp:paragraph -->\r\n<p>Questa \u00e8 una pagina di esempio. Differisce da un articolo di un blog perch\u00e9 rimane sempre allo stesso posto e (in molti temi) appare nel menu di navigazione. Molte persone iniziano con una pagina di Informazioni che li presentano ai visitatori del sito. Potrebbe apparire una presentazione del tipo:<\/p>\r\n<!-- \/wp:paragraph --><!-- wp:quote -->\r\n<blockquote class=\"wp-block-quote\">\r\n<p>Ciao! Sono un fattorino ciclista di giorno, aspirante attore di notte e questo \u00e8 il mio sito web. Vivo a Los Angeles, ho un grande cane di nome Jack e mi piace la pi\u00f1a colada. (E prendere la pioggia)<\/p>\r\n<\/blockquote>\r\n<!-- \/wp:quote --><!-- wp:paragraph -->\r\n<p>...o qualcosa di simile:<\/p>\r\n<!-- \/wp:paragraph --><!-- wp:quote -->\r\n<blockquote class=\"wp-block-quote\">\r\n<p>La Societ\u00e0 XYZ Aggeggi \u00e8 stata fondata nel 1971 e da allora fornisce al pubblico aggeggi di ottima qualit\u00e0. Situata a Fantasilandia, XYZ impiega oltre 2.000 persone e realizza ogni sorta di aggeggio fantastico per la comunit\u00e0 di Fantasilandia.<\/p>\r\n<\/blockquote>\r\n<!-- \/wp:quote --><!-- wp:paragraph -->\r\n<p>Come nuovo utente di WordPress, dovresti andare nella tua <a href=\"https:\/\/www.mp3-italia.it\/wp-admin\/\">Bacheca<\/a> per eliminare questa pagina, e crearne delle nuove per i tuoi contenuti. Divertiti!<\/p>\r\n<!-- \/wp:paragraph -->","_et_gb_content_width":""},"yoast_head":"<!-- This site is optimized with the Yoast SEO Premium plugin v16.1 (Yoast SEO v18.0) - https:\/\/yoast.com\/wordpress\/plugins\/seo\/ -->\n<title>MP3 - Protect People, with Passione - MP3<\/title>\n<meta name=\"robots\" content=\"index, follow, max-snippet:-1, max-image-preview:large, max-video-preview:-1\" \/>\n<link rel=\"canonical\" href=\"https:\/\/www.mp3-italia.it\/de\/\" \/>\n<meta property=\"og:locale\" content=\"de_DE\" \/>\n<meta property=\"og:type\" content=\"article\" \/>\n<meta property=\"og:title\" content=\"MP3 - Protect People, with Passione - MP3\" \/>\n<meta property=\"og:description\" content=\"Professionelle Komponenten f\u00fcr Klimatisierung, L\u00fcftung, Brandschutz, Filtration und AkustikVideo ansehenERKUNDENEntdecken Sie unser Produktsortiment im L\u00fcftungsbereich: Gittern und DIFFUSERN, D\u00c4MPFERN und SCHALLD\u00c4MPFERN, FILTERN und unsere speziellen M-PURE SanitisationssystemenKontrollieren Sie Feuer und Rauch mit unseren BRANDSCHUTZKLAPPEN, RAUCHABZUGREGLERN und FERNBEDIENUNGSSYSTEM\u201cWenn QUALIT\u00c4T auf PASSION trifft\u201d Sehen Sie sich das Video an und erfahren Sie mehr\u2026.NewsEntdecken Sie die neuesten Nachrichten [&hellip;]\" \/>\n<meta property=\"og:url\" content=\"https:\/\/www.mp3-italia.it\/de\/\" \/>\n<meta property=\"og:site_name\" content=\"MP3\" \/>\n<meta property=\"article:publisher\" content=\"https:\/\/www.facebook.com\/mp3italia\/\" \/>\n<meta property=\"article:modified_time\" content=\"2021-12-29T16:35:34+00:00\" \/>\n<meta property=\"og:image\" content=\"https:\/\/www.mp3-italia.it\/wp-content\/uploads\/2021\/08\/851x315_fb-3-scaled.jpg\" \/>\n\t<meta property=\"og:image:width\" content=\"2560\" \/>\n\t<meta property=\"og:image:height\" content=\"947\" \/>\n\t<meta property=\"og:image:type\" content=\"image\/jpeg\" \/>\n<meta name=\"twitter:card\" content=\"summary_large_image\" \/>\n<meta name=\"twitter:site\" content=\"@MP3airsolutions\" \/>\n<meta name=\"twitter:label1\" content=\"Gesch\u00e4tzte Lesezeit\" \/>\n\t<meta name=\"twitter:data1\" content=\"8 Minuten\" \/>\n<script type=\"application\/ld+json\" class=\"yoast-schema-graph\">{\"@context\":\"https:\/\/schema.org\",\"@graph\":[{\"@type\":\"Organization\",\"@id\":\"https:\/\/www.mp3-italia.it\/#organization\",\"name\":\"MP3 Italia\",\"url\":\"https:\/\/www.mp3-italia.it\/\",\"sameAs\":[\"https:\/\/www.facebook.com\/mp3italia\/\",\"https:\/\/www.linkedin.com\/company\/mp3-air-solutions\/\",\"https:\/\/www.youtube.com\/user\/MP3AirSolutions\/videos\",\"https:\/\/twitter.com\/MP3airsolutions\"],\"logo\":{\"@type\":\"ImageObject\",\"@id\":\"https:\/\/www.mp3-italia.it\/#logo\",\"inLanguage\":\"de-DE\",\"url\":\"https:\/\/www.mp3-italia.it\/wp-content\/uploads\/2020\/12\/MP3_logo_black_tagline.png\",\"contentUrl\":\"https:\/\/www.mp3-italia.it\/wp-content\/uploads\/2020\/12\/MP3_logo_black_tagline.png\",\"width\":507,\"height\":200,\"caption\":\"MP3 Italia\"},\"image\":{\"@id\":\"https:\/\/www.mp3-italia.it\/#logo\"}},{\"@type\":\"WebSite\",\"@id\":\"https:\/\/www.mp3-italia.it\/#website\",\"url\":\"https:\/\/www.mp3-italia.it\/\",\"name\":\"MP3\",\"description\":\"Protect People, with Passione\",\"publisher\":{\"@id\":\"https:\/\/www.mp3-italia.it\/#organization\"},\"potentialAction\":[{\"@type\":\"SearchAction\",\"target\":{\"@type\":\"EntryPoint\",\"urlTemplate\":\"https:\/\/www.mp3-italia.it\/?s={search_term_string}\"},\"query-input\":\"required name=search_term_string\"}],\"inLanguage\":\"de-DE\"},{\"@type\":\"WebPage\",\"@id\":\"https:\/\/www.mp3-italia.it\/de\/#webpage\",\"url\":\"https:\/\/www.mp3-italia.it\/de\/\",\"name\":\"MP3 - Protect People, with Passione - MP3\",\"isPartOf\":{\"@id\":\"https:\/\/www.mp3-italia.it\/#website\"},\"datePublished\":\"2020-12-28T08:31:36+00:00\",\"dateModified\":\"2021-12-29T16:35:34+00:00\",\"breadcrumb\":{\"@id\":\"https:\/\/www.mp3-italia.it\/de\/#breadcrumb\"},\"inLanguage\":\"de-DE\",\"potentialAction\":[{\"@type\":\"ReadAction\",\"target\":[\"https:\/\/www.mp3-italia.it\/de\/\"]}]},{\"@type\":\"BreadcrumbList\",\"@id\":\"https:\/\/www.mp3-italia.it\/de\/#breadcrumb\",\"itemListElement\":[{\"@type\":\"ListItem\",\"position\":1,\"name\":\"Home\",\"item\":\"https:\/\/www.mp3-italia.it\/de\/\"},{\"@type\":\"ListItem\",\"position\":2,\"name\":\"MP3 &#8211; Protect People, with Passione\"}]}]}<\/script>\n<!-- \/ Yoast SEO Premium plugin. -->","yoast_head_json":{"title":"MP3 - Protect People, with Passione - MP3","robots":{"index":"index","follow":"follow","max-snippet":"max-snippet:-1","max-image-preview":"max-image-preview:large","max-video-preview":"max-video-preview:-1"},"canonical":"https:\/\/www.mp3-italia.it\/de\/","og_locale":"de_DE","og_type":"article","og_title":"MP3 - Protect People, with Passione - MP3","og_description":"Professionelle Komponenten f\u00fcr Klimatisierung, L\u00fcftung, Brandschutz, Filtration und AkustikVideo ansehenERKUNDENEntdecken Sie unser Produktsortiment im L\u00fcftungsbereich: Gittern und DIFFUSERN, D\u00c4MPFERN und SCHALLD\u00c4MPFERN, FILTERN und unsere speziellen M-PURE SanitisationssystemenKontrollieren Sie Feuer und Rauch mit unseren BRANDSCHUTZKLAPPEN, RAUCHABZUGREGLERN und FERNBEDIENUNGSSYSTEM\u201cWenn QUALIT\u00c4T auf PASSION trifft\u201d Sehen Sie sich das Video an und erfahren Sie mehr\u2026.NewsEntdecken Sie die neuesten Nachrichten [&hellip;]","og_url":"https:\/\/www.mp3-italia.it\/de\/","og_site_name":"MP3","article_publisher":"https:\/\/www.facebook.com\/mp3italia\/","article_modified_time":"2021-12-29T16:35:34+00:00","og_image":[{"width":2560,"height":947,"url":"https:\/\/www.mp3-italia.it\/wp-content\/uploads\/2021\/08\/851x315_fb-3-scaled.jpg","type":"image\/jpeg"}],"twitter_card":"summary_large_image","twitter_site":"@MP3airsolutions","twitter_misc":{"Gesch\u00e4tzte Lesezeit":"8 Minuten"},"schema":{"@context":"https:\/\/schema.org","@graph":[{"@type":"Organization","@id":"https:\/\/www.mp3-italia.it\/#organization","name":"MP3 Italia","url":"https:\/\/www.mp3-italia.it\/","sameAs":["https:\/\/www.facebook.com\/mp3italia\/","https:\/\/www.linkedin.com\/company\/mp3-air-solutions\/","https:\/\/www.youtube.com\/user\/MP3AirSolutions\/videos","https:\/\/twitter.com\/MP3airsolutions"],"logo":{"@type":"ImageObject","@id":"https:\/\/www.mp3-italia.it\/#logo","inLanguage":"de-DE","url":"https:\/\/www.mp3-italia.it\/wp-content\/uploads\/2020\/12\/MP3_logo_black_tagline.png","contentUrl":"https:\/\/www.mp3-italia.it\/wp-content\/uploads\/2020\/12\/MP3_logo_black_tagline.png","width":507,"height":200,"caption":"MP3 Italia"},"image":{"@id":"https:\/\/www.mp3-italia.it\/#logo"}},{"@type":"WebSite","@id":"https:\/\/www.mp3-italia.it\/#website","url":"https:\/\/www.mp3-italia.it\/","name":"MP3","description":"Protect People, with Passione","publisher":{"@id":"https:\/\/www.mp3-italia.it\/#organization"},"potentialAction":[{"@type":"SearchAction","target":{"@type":"EntryPoint","urlTemplate":"https:\/\/www.mp3-italia.it\/?s={search_term_string}"},"query-input":"required name=search_term_string"}],"inLanguage":"de-DE"},{"@type":"WebPage","@id":"https:\/\/www.mp3-italia.it\/de\/#webpage","url":"https:\/\/www.mp3-italia.it\/de\/","name":"MP3 - Protect People, with Passione - MP3","isPartOf":{"@id":"https:\/\/www.mp3-italia.it\/#website"},"datePublished":"2020-12-28T08:31:36+00:00","dateModified":"2021-12-29T16:35:34+00:00","breadcrumb":{"@id":"https:\/\/www.mp3-italia.it\/de\/#breadcrumb"},"inLanguage":"de-DE","potentialAction":[{"@type":"ReadAction","target":["https:\/\/www.mp3-italia.it\/de\/"]}]},{"@type":"BreadcrumbList","@id":"https:\/\/www.mp3-italia.it\/de\/#breadcrumb","itemListElement":[{"@type":"ListItem","position":1,"name":"Home","item":"https:\/\/www.mp3-italia.it\/de\/"},{"@type":"ListItem","position":2,"name":"MP3 &#8211; Protect People, with Passione"}]}]}},"_links":{"self":[{"href":"https:\/\/www.mp3-italia.it\/de\/wp-json\/wp\/v2\/pages\/3984"}],"collection":[{"href":"https:\/\/www.mp3-italia.it\/de\/wp-json\/wp\/v2\/pages"}],"about":[{"href":"https:\/\/www.mp3-italia.it\/de\/wp-json\/wp\/v2\/types\/page"}],"author":[{"embeddable":true,"href":"https:\/\/www.mp3-italia.it\/de\/wp-json\/wp\/v2\/users\/1"}],"replies":[{"embeddable":true,"href":"https:\/\/www.mp3-italia.it\/de\/wp-json\/wp\/v2\/comments?post=3984"}],"version-history":[{"count":0,"href":"https:\/\/www.mp3-italia.it\/de\/wp-json\/wp\/v2\/pages\/3984\/revisions"}],"wp:attachment":[{"href":"https:\/\/www.mp3-italia.it\/de\/wp-json\/wp\/v2\/media?parent=3984"}],"curies":[{"name":"wp","href":"https:\/\/api.w.org\/{rel}","templated":true}]}}