{"id":3920,"date":"2020-12-28T12:09:31","date_gmt":"2020-12-28T11:09:31","guid":{"rendered":"https:\/\/www.mp3-italia.it\/firma\/"},"modified":"2021-11-26T14:47:42","modified_gmt":"2021-11-26T13:47:42","slug":"gesellschaft","status":"publish","type":"page","link":"https:\/\/www.mp3-italia.it\/de\/gesellschaft\/","title":{"rendered":"Gesellschaft"},"content":{"rendered":"<p>[et_pb_section fb_built=&#8220;1&#8243; _builder_version=&#8220;4.8.0&#8243; _module_preset=&#8220;default&#8220; use_background_color_gradient=&#8220;on&#8220; background_color_gradient_start=&#8220;#ffffff&#8220; background_color_gradient_end=&#8220;rgba(255,255,255,0)&#8220; background_color_gradient_direction=&#8220;90deg&#8220; background_color_gradient_overlays_image=&#8220;on&#8220; background_image=&#8220;https:\/\/www.mp3-italia.it\/wp-content\/uploads\/2021\/02\/mp3_company.jpg&#8220; background_position=&#8220;center_right&#8220; background_last_edited=&#8220;on|tablet&#8220; use_background_color_gradient_phone=&#8220;on&#8220; background_color_gradient_end_phone=&#8220;rgba(255,255,255,0.55)&#8220; background_color_gradient_start_position_tablet=&#8220;25%&#8220; background_color_gradient_start_position_phone=&#8220;25%&#8220; global_colors_info=&#8220;{}&#8220;][et_pb_row column_structure=&#8220;1_2,1_2&#8243; _builder_version=&#8220;4.9.10&#8243; _module_preset=&#8220;default&#8220; custom_padding=&#8220;0px|||||&#8220; global_colors_info=&#8220;{}&#8220;][et_pb_column type=&#8220;1_2&#8243; _builder_version=&#8220;4.8.0&#8243; _module_preset=&#8220;default&#8220; global_colors_info=&#8220;{}&#8220;][et_pb_blurb url=&#8220;@ET-DC@eyJkeW5hbWljIjp0cnVlLCJjb250ZW50IjoiaG9tZV91cmwiLCJzZXR0aW5ncyI6e319@&#8220; image=&#8220;https:\/\/www.mp3-italia.it\/wp-content\/uploads\/2021\/01\/arrow_-copia.png&#8220; icon_placement=&#8220;left&#8220; image_max_width=&#8220;37px&#8220; _builder_version=&#8220;4.9.10&#8243; _dynamic_attributes=&#8220;url,link_option_url&#8220; _module_preset=&#8220;default&#8220; body_line_height=&#8220;1.9em&#8220; background_enable_color=&#8220;off&#8220; width_last_edited=&#8220;off|desktop&#8220; module_alignment=&#8220;left&#8220; animation=&#8220;off&#8220; link_option_url=&#8220;@ET-DC@eyJkeW5hbWljIjp0cnVlLCJjb250ZW50IjoiaG9tZV91cmwiLCJzZXR0aW5ncyI6e319@&#8220; module_alignment_tablet=&#8220;left&#8220; module_alignment_last_edited=&#8220;off|desktop&#8220; global_colors_info=&#8220;{}&#8220;]<\/p>\n<p>Zur\u00fcck zur Startseite<\/p>\n<p>[\/et_pb_blurb][\/et_pb_column][et_pb_column type=&#8220;1_2&#8243; _builder_version=&#8220;4.8.0&#8243; _module_preset=&#8220;default&#8220; global_colors_info=&#8220;{}&#8220;][\/et_pb_column][\/et_pb_row][et_pb_row column_structure=&#8220;1_2,1_2&#8243; _builder_version=&#8220;4.8.0&#8243; _module_preset=&#8220;default&#8220; custom_margin=&#8220;80px||80px||true|false&#8220; custom_margin_tablet=&#8220;50px||50px||true|false&#8220; custom_margin_phone=&#8220;30px||30px||true|false&#8220; custom_margin_last_edited=&#8220;on|phone&#8220; custom_padding=&#8220;||||true|false&#8220; global_colors_info=&#8220;{}&#8220;][et_pb_column type=&#8220;1_2&#8243; _builder_version=&#8220;4.8.0&#8243; _module_preset=&#8220;default&#8220; global_colors_info=&#8220;{}&#8220;][et_pb_image src=&#8220;https:\/\/www.mp3-italia.it\/wp-content\/uploads\/2020\/12\/MP3_logo_black_tagline.png&#8220; title_text=&#8220;MP3_logo_black_tagline&#8220; disabled_on=&#8220;off|off|off&#8220; _builder_version=&#8220;4.8.0&#8243; _module_preset=&#8220;default&#8220; width=&#8220;150px&#8220; global_colors_info=&#8220;{}&#8220;][\/et_pb_image][et_pb_text _builder_version=&#8220;4.10.8&#8243; _module_preset=&#8220;default&#8220; width=&#8220;96%&#8220; width_tablet=&#8220;70%&#8220; width_phone=&#8220;100%&#8220; width_last_edited=&#8220;on|tablet&#8220; hover_enabled=&#8220;0&#8243; global_colors_info=&#8220;{}&#8220; sticky_enabled=&#8220;0&#8243;]<\/p>\n<h1>&#8222;Die Sicherheit der Menschen ist unsere Passion: Das ist, was wir tun und wie wir es tun&#8220;<\/h1>\n<p>[\/et_pb_text][et_pb_button button_url=&#8220;@ET-DC@eyJkeW5hbWljIjp0cnVlLCJjb250ZW50IjoicG9zdF9saW5rX3VybF9wYWdlIiwic2V0dGluZ3MiOnsicG9zdF9pZCI6IjM1In19@&#8220; button_text=&#8220;Kontakt&#8220; button_alignment=&#8220;left&#8220; _builder_version=&#8220;4.9.10&#8243; _dynamic_attributes=&#8220;button_url&#8220; _module_preset=&#8220;default&#8220; custom_button=&#8220;on&#8220; button_border_width=&#8220;1px&#8220; button_border_color=&#8220;#F0461B&#8220; button_border_radius=&#8220;100px&#8220; button_font=&#8220;|300|||||||&#8220; button_icon=&#8220;%%36%%&#8220; button_icon_color=&#8220;#F0461B&#8220; button_on_hover=&#8220;off&#8220; custom_margin=&#8220;40px||||false|false&#8220; custom_padding=&#8220;5px|50px|5px|40px|true|false&#8220; global_colors_info=&#8220;{}&#8220; button_border_color__hover_enabled=&#8220;on|hover&#8220; button_border_color__hover=&#8220;#F0461B&#8220; button_bg_color__hover_enabled=&#8220;on|desktop&#8220; button_bg_color__hover=&#8220;rgba(240,70,27,0.13)&#8220; button_bg_enable_color__hover=&#8220;on&#8220;][\/et_pb_button][\/et_pb_column][et_pb_column type=&#8220;1_2&#8243; _builder_version=&#8220;4.8.0&#8243; _module_preset=&#8220;default&#8220; global_colors_info=&#8220;{}&#8220;][\/et_pb_column][\/et_pb_row][et_pb_row column_structure=&#8220;1_2,1_2&#8243; _builder_version=&#8220;4.8.0&#8243; _module_preset=&#8220;default&#8220; custom_padding=&#8220;||0px|||&#8220; global_colors_info=&#8220;{}&#8220;][et_pb_column type=&#8220;1_2&#8243; _builder_version=&#8220;4.8.0&#8243; _module_preset=&#8220;default&#8220; global_colors_info=&#8220;{}&#8220;][et_pb_text _builder_version=&#8220;4.9.10&#8243; _module_preset=&#8220;default&#8220; global_colors_info=&#8220;{}&#8220;]Unternehmensprofil[\/et_pb_text][\/et_pb_column][et_pb_column type=&#8220;1_2&#8243; _builder_version=&#8220;4.8.0&#8243; _module_preset=&#8220;default&#8220; global_colors_info=&#8220;{}&#8220;][\/et_pb_column][\/et_pb_row][\/et_pb_section][et_pb_section fb_built=&#8220;1&#8243; _builder_version=&#8220;4.7.7&#8243; _module_preset=&#8220;default&#8220; global_colors_info=&#8220;{}&#8220;][et_pb_row _builder_version=&#8220;4.7.7&#8243; _module_preset=&#8220;default&#8220; global_colors_info=&#8220;{}&#8220;][et_pb_column type=&#8220;4_4&#8243; _builder_version=&#8220;4.7.7&#8243; _module_preset=&#8220;default&#8220; global_colors_info=&#8220;{}&#8220;][et_pb_text _builder_version=&#8220;4.9.10&#8243; _module_preset=&#8220;default&#8220; header_font=&#8220;|800|||||||&#8220; header_font_size=&#8220;50px&#8220; header_letter_spacing=&#8220;4px&#8220; header_font_size_tablet=&#8220;40px&#8220; header_font_size_phone=&#8220;30px&#8220; header_font_size_last_edited=&#8220;on|phone&#8220; global_colors_info=&#8220;{}&#8220;]<\/p>\n<h1>PASSION<\/h1>\n<p>[\/et_pb_text][et_pb_text _builder_version=&#8220;4.10.8&#8243; _module_preset=&#8220;default&#8220; global_colors_info=&#8220;{}&#8220;]<\/p>\n<p><strong>Feuer<\/strong> und <strong>L\u00fcftung<\/strong>, <strong> Sicherheit <\/strong> und <strong>Komfort<\/strong>, <strong> Energie <\/strong> und <strong>Reinheit<\/strong>, <strong> Innovation <\/strong> und <strong>Engagement<\/strong>. Alles vereint in einer einzigen Marke.<\/p>\n<p><span style=\"color: #f0461b;\"><strong>MP3<\/strong><\/span> ist ein f\u00fchrendes Unternehmen im <strong>Bereich Brandschutz<\/strong>, <strong>Luftf\u00fchrung und -zirkulation<\/strong> mit Sitz in der N\u00e4he der Stadt Padua, MP3 liefert Produkte und das Produkt Know-how des t\u00e4glichen Bedarfs in mehr als 30 L\u00e4nder.<\/p>\n<p><span style=\"color: #f0461b;\"><strong>MP3<\/strong><\/span> bringt sein spezielles <strong>know-how<\/strong> in alle Schritte des Unternehmenslebens ein: sei es bei der Produktherstellung in den Produktionswerkst\u00e4tten oder wenn MP3-Teams alle Anstrengungen unternehmen, um dem Kunden den <strong>bestm\u00f6glichen Service zu bieten<\/strong> um ihm somit rund um die Uhr zur Verf\u00fcgung zu stehen. Ingenieure und Techniker entwickeln und verbessern st\u00e4ndig mit Hilfe des <strong>internen FIRE-Labors Produkte<\/strong>. Die Mitarbeiter von MP3 handeln und arbeiten mit hohem Engagement.<\/p>\n<p>[\/et_pb_text][\/et_pb_column][\/et_pb_row][\/et_pb_section][et_pb_section fb_built=&#8220;1&#8243; _builder_version=&#8220;4.8.0&#8243; _module_preset=&#8220;default&#8220; custom_margin=&#8220;0px||0px||true|false&#8220; custom_padding=&#8220;0px||0px||true|false&#8220; global_colors_info=&#8220;{}&#8220;][et_pb_row column_structure=&#8220;1_2,1_2&#8243; use_custom_gutter=&#8220;on&#8220; gutter_width=&#8220;2&#8243; make_equal=&#8220;on&#8220; _builder_version=&#8220;4.10.8&#8243; _module_preset=&#8220;default&#8220; background_enable_color=&#8220;off&#8220; width=&#8220;100%&#8220; max_width=&#8220;100%&#8220; height=&#8220;100%&#8220; max_height=&#8220;100%&#8220; custom_margin=&#8220;0px||0px||true|false&#8220; custom_padding=&#8220;0px|50px|0px|50px|true|true&#8220; hover_enabled=&#8220;0&#8243; border_width_top=&#8220;1px&#8220; border_color_top=&#8220;#e8e8e8&#8243; border_width_bottom=&#8220;1px&#8220; border_color_bottom=&#8220;#e8e8e8&#8243; global_colors_info=&#8220;{}&#8220; sticky_enabled=&#8220;0&#8243;][et_pb_column type=&#8220;1_2&#8243; _builder_version=&#8220;4.8.0&#8243; _module_preset=&#8220;default&#8220; custom_padding=&#8220;40px||40px||true|false&#8220; global_colors_info=&#8220;{}&#8220;][et_pb_blurb title=&#8220;AIR&#8220; url=&#8220;@ET-DC@eyJkeW5hbWljIjp0cnVlLCJjb250ZW50IjoicG9zdF9saW5rX3VybF9wYWdlIiwic2V0dGluZ3MiOnsicG9zdF9pZCI6IjE2MjAifX0=@&#8220; image=&#8220;https:\/\/www.mp3-italia.it\/wp-content\/uploads\/2021\/05\/air-noname.png&#8220; icon_alignment=&#8220;left&#8220; image_max_width=&#8220;100px&#8220; image_max_width_tablet=&#8220;&#8220; image_max_width_phone=&#8220;100px&#8220; image_max_width_last_edited=&#8220;on|desktop&#8220; _builder_version=&#8220;4.10.8&#8243; _dynamic_attributes=&#8220;url,link_option_url&#8220; _module_preset=&#8220;default&#8220; header_font=&#8220;|700|||||||&#8220; header_font_size=&#8220;20px&#8220; header_letter_spacing=&#8220;1px&#8220; header_line_height=&#8220;1.7em&#8220; body_font=&#8220;|300|||||||&#8220; custom_margin=&#8220;||||false|false&#8220; animation=&#8220;bottom&#8220; link_option_url=&#8220;@ET-DC@eyJkeW5hbWljIjp0cnVlLCJjb250ZW50IjoicG9zdF9saW5rX3VybF9wYWdlIiwic2V0dGluZ3MiOnsicG9zdF9pZCI6IjE2MjAifX0=@&#8220; global_colors_info=&#8220;{}&#8220;]Sch\u00fctzen Sie mit der AIR-Reihe Menschen vor unangenehmen Umgebungen: Diffusoren, Zugregler und Zubeh\u00f6r. Eine gute Luftverteilung ist das Grundelement f\u00fcr gute Raumluftqualit\u00e4t.[\/et_pb_blurb][\/et_pb_column][et_pb_column type=&#8220;1_2&#8243; _builder_version=&#8220;4.10.8&#8243; _module_preset=&#8220;default&#8220; custom_padding=&#8220;40px||40px||true|false&#8220; hover_enabled=&#8220;0&#8243; border_color_top=&#8220;#e8e8e8&#8243; border_color_right=&#8220;#e8e8e8&#8243; border_color_bottom=&#8220;#e8e8e8&#8243; border_width_left=&#8220;1px&#8220; border_color_left=&#8220;#e8e8e8&#8243; border_width_top_tablet=&#8220;1px&#8220; border_width_top_phone=&#8220;&#8220; border_width_top_last_edited=&#8220;on|tablet&#8220; border_width_right_tablet=&#8220;0px&#8220; border_width_right_phone=&#8220;&#8220; border_width_right_last_edited=&#8220;on|tablet&#8220; border_width_bottom_tablet=&#8220;0px&#8220; border_width_bottom_phone=&#8220;&#8220; border_width_bottom_last_edited=&#8220;on|phone&#8220; border_width_left_tablet=&#8220;0px&#8220; border_width_left_phone=&#8220;&#8220; border_width_left_last_edited=&#8220;on|tablet&#8220; global_colors_info=&#8220;{}&#8220; sticky_enabled=&#8220;0&#8243;][et_pb_blurb title=&#8220;Brandschutz&#8220; url=&#8220;@ET-DC@eyJkeW5hbWljIjp0cnVlLCJjb250ZW50IjoicG9zdF9saW5rX3VybF9wYWdlIiwic2V0dGluZ3MiOnsicG9zdF9pZCI6IjE2MzIifX0=@&#8220; image=&#8220;https:\/\/www.mp3-italia.it\/wp-content\/uploads\/2021\/05\/fire-noname.png&#8220; icon_alignment=&#8220;left&#8220; image_max_width=&#8220;100px&#8220; image_max_width_tablet=&#8220;&#8220; image_max_width_phone=&#8220;100px&#8220; image_max_width_last_edited=&#8220;on|phone&#8220; _builder_version=&#8220;4.10.8&#8243; _dynamic_attributes=&#8220;url,link_option_url&#8220; _module_preset=&#8220;default&#8220; header_font=&#8220;|700||on|||||&#8220; header_font_size=&#8220;20px&#8220; header_letter_spacing=&#8220;1px&#8220; header_line_height=&#8220;1.7em&#8220; body_font=&#8220;|300|||||||&#8220; custom_margin=&#8220;|20px||20px|false|true&#8220; animation=&#8220;bottom&#8220; link_option_url=&#8220;@ET-DC@eyJkeW5hbWljIjp0cnVlLCJjb250ZW50IjoicG9zdF9saW5rX3VybF9wYWdlIiwic2V0dGluZ3MiOnsicG9zdF9pZCI6IjE2MzIifX0=@&#8220; global_colors_info=&#8220;{}&#8220;]Wir sch\u00fctzen Menschen vor Brand und Rauch, indem wir Brandschutzklappen, Rauchschutzklappen und Kontrollsysteme entwickeln und herstellen. Dies ist alles im Brandschutz-Sortiment enthalten.[\/et_pb_blurb][\/et_pb_column][\/et_pb_row][\/et_pb_section][et_pb_section fb_built=&#8220;1&#8243; _builder_version=&#8220;4.7.7&#8243; _module_preset=&#8220;default&#8220; global_colors_info=&#8220;{}&#8220;][et_pb_row _builder_version=&#8220;4.7.7&#8243; _module_preset=&#8220;default&#8220; global_colors_info=&#8220;{}&#8220;][et_pb_column type=&#8220;4_4&#8243; _builder_version=&#8220;4.7.7&#8243; _module_preset=&#8220;default&#8220; global_colors_info=&#8220;{}&#8220;][et_pb_text _builder_version=&#8220;4.10.8&#8243; _module_preset=&#8220;default&#8220; text_text_color=&#8220;#f0461b&#8220; text_font_size=&#8220;30px&#8220; text_line_height=&#8220;1.8em&#8220; text_orientation=&#8220;center&#8220; width=&#8220;60%&#8220; width_tablet=&#8220;90%&#8220; width_phone=&#8220;100%&#8220; width_last_edited=&#8220;on|phone&#8220; module_alignment=&#8220;center&#8220; text_font_size_tablet=&#8220;&#8220; text_font_size_phone=&#8220;20px&#8220; text_font_size_last_edited=&#8220;on|phone&#8220; global_colors_info=&#8220;{}&#8220;]<\/p>\n<p>&#8222;Das Ziel von MP3 ist es, das <strong>Leben der Menschen<\/strong> durch seine <strong>Produkte<\/strong> und <strong>Dienstleistungen besser<\/strong>, sicherer und gesundheitsfreundlicher zu machen&#8220;<\/p>\n<p>[\/et_pb_text][\/et_pb_column][\/et_pb_row][\/et_pb_section]<\/p>\n","protected":false},"excerpt":{"rendered":"<p>Zur\u00fcck zur Startseite&#8220;Die Sicherheit der Menschen ist unsere Passion: Das ist, was wir tun und wie wir es tun&#8220;UnternehmensprofilPASSIONFeuer und L\u00fcftung, Sicherheit und Komfort, Energie und Reinheit, Innovation und Engagement. Alles vereint in einer einzigen Marke. MP3 ist ein f\u00fchrendes Unternehmen im Bereich Brandschutz, Luftf\u00fchrung und -zirkulation mit Sitz in der N\u00e4he der Stadt Padua, [&hellip;]<\/p>\n","protected":false},"author":1,"featured_media":0,"parent":0,"menu_order":0,"comment_status":"closed","ping_status":"closed","template":"","meta":{"_et_pb_use_builder":"on","_et_pb_old_content":"","_et_gb_content_width":""},"yoast_head":"<!-- This site is optimized with the Yoast SEO Premium plugin v16.1 (Yoast SEO v18.0) - https:\/\/yoast.com\/wordpress\/plugins\/seo\/ -->\n<title>Gesellschaft - MP3<\/title>\n<meta name=\"robots\" content=\"index, follow, max-snippet:-1, max-image-preview:large, max-video-preview:-1\" \/>\n<link rel=\"canonical\" href=\"https:\/\/www.mp3-italia.it\/de\/gesellschaft\/\" \/>\n<meta property=\"og:locale\" content=\"de_DE\" \/>\n<meta property=\"og:type\" content=\"article\" \/>\n<meta property=\"og:title\" content=\"Gesellschaft - MP3\" \/>\n<meta property=\"og:description\" content=\"Zur\u00fcck zur Startseite&quot;Die Sicherheit der Menschen ist unsere Passion: Das ist, was wir tun und wie wir es tun&quot;UnternehmensprofilPASSIONFeuer und L\u00fcftung, Sicherheit und Komfort, Energie und Reinheit, Innovation und Engagement. Alles vereint in einer einzigen Marke. MP3 ist ein f\u00fchrendes Unternehmen im Bereich Brandschutz, Luftf\u00fchrung und -zirkulation mit Sitz in der N\u00e4he der Stadt Padua, [&hellip;]\" \/>\n<meta property=\"og:url\" content=\"https:\/\/www.mp3-italia.it\/de\/gesellschaft\/\" \/>\n<meta property=\"og:site_name\" content=\"MP3\" \/>\n<meta property=\"article:publisher\" content=\"https:\/\/www.facebook.com\/mp3italia\/\" \/>\n<meta property=\"article:modified_time\" content=\"2021-11-26T13:47:42+00:00\" \/>\n<meta property=\"og:image\" content=\"https:\/\/www.mp3-italia.it\/wp-content\/uploads\/2021\/08\/851x315_fb-3-scaled.jpg\" \/>\n\t<meta property=\"og:image:width\" content=\"2560\" \/>\n\t<meta property=\"og:image:height\" content=\"947\" \/>\n\t<meta property=\"og:image:type\" content=\"image\/jpeg\" \/>\n<meta name=\"twitter:card\" content=\"summary_large_image\" \/>\n<meta name=\"twitter:site\" content=\"@MP3airsolutions\" \/>\n<meta name=\"twitter:label1\" content=\"Gesch\u00e4tzte Lesezeit\" \/>\n\t<meta name=\"twitter:data1\" content=\"7 Minuten\" \/>\n<script type=\"application\/ld+json\" class=\"yoast-schema-graph\">{\"@context\":\"https:\/\/schema.org\",\"@graph\":[{\"@type\":\"Organization\",\"@id\":\"https:\/\/www.mp3-italia.it\/#organization\",\"name\":\"MP3 Italia\",\"url\":\"https:\/\/www.mp3-italia.it\/\",\"sameAs\":[\"https:\/\/www.facebook.com\/mp3italia\/\",\"https:\/\/www.linkedin.com\/company\/mp3-air-solutions\/\",\"https:\/\/www.youtube.com\/user\/MP3AirSolutions\/videos\",\"https:\/\/twitter.com\/MP3airsolutions\"],\"logo\":{\"@type\":\"ImageObject\",\"@id\":\"https:\/\/www.mp3-italia.it\/#logo\",\"inLanguage\":\"de-DE\",\"url\":\"https:\/\/www.mp3-italia.it\/wp-content\/uploads\/2020\/12\/MP3_logo_black_tagline.png\",\"contentUrl\":\"https:\/\/www.mp3-italia.it\/wp-content\/uploads\/2020\/12\/MP3_logo_black_tagline.png\",\"width\":507,\"height\":200,\"caption\":\"MP3 Italia\"},\"image\":{\"@id\":\"https:\/\/www.mp3-italia.it\/#logo\"}},{\"@type\":\"WebSite\",\"@id\":\"https:\/\/www.mp3-italia.it\/#website\",\"url\":\"https:\/\/www.mp3-italia.it\/\",\"name\":\"MP3\",\"description\":\"Protect People, with Passione\",\"publisher\":{\"@id\":\"https:\/\/www.mp3-italia.it\/#organization\"},\"potentialAction\":[{\"@type\":\"SearchAction\",\"target\":{\"@type\":\"EntryPoint\",\"urlTemplate\":\"https:\/\/www.mp3-italia.it\/?s={search_term_string}\"},\"query-input\":\"required name=search_term_string\"}],\"inLanguage\":\"de-DE\"},{\"@type\":\"WebPage\",\"@id\":\"https:\/\/www.mp3-italia.it\/de\/gesellschaft\/#webpage\",\"url\":\"https:\/\/www.mp3-italia.it\/de\/gesellschaft\/\",\"name\":\"Gesellschaft - MP3\",\"isPartOf\":{\"@id\":\"https:\/\/www.mp3-italia.it\/#website\"},\"datePublished\":\"2020-12-28T11:09:31+00:00\",\"dateModified\":\"2021-11-26T13:47:42+00:00\",\"breadcrumb\":{\"@id\":\"https:\/\/www.mp3-italia.it\/de\/gesellschaft\/#breadcrumb\"},\"inLanguage\":\"de-DE\",\"potentialAction\":[{\"@type\":\"ReadAction\",\"target\":[\"https:\/\/www.mp3-italia.it\/de\/gesellschaft\/\"]}]},{\"@type\":\"BreadcrumbList\",\"@id\":\"https:\/\/www.mp3-italia.it\/de\/gesellschaft\/#breadcrumb\",\"itemListElement\":[{\"@type\":\"ListItem\",\"position\":1,\"name\":\"Home\",\"item\":\"https:\/\/www.mp3-italia.it\/de\/\"},{\"@type\":\"ListItem\",\"position\":2,\"name\":\"Gesellschaft\"}]}]}<\/script>\n<!-- \/ Yoast SEO Premium plugin. -->","yoast_head_json":{"title":"Gesellschaft - MP3","robots":{"index":"index","follow":"follow","max-snippet":"max-snippet:-1","max-image-preview":"max-image-preview:large","max-video-preview":"max-video-preview:-1"},"canonical":"https:\/\/www.mp3-italia.it\/de\/gesellschaft\/","og_locale":"de_DE","og_type":"article","og_title":"Gesellschaft - MP3","og_description":"Zur\u00fcck zur Startseite\"Die Sicherheit der Menschen ist unsere Passion: Das ist, was wir tun und wie wir es tun\"UnternehmensprofilPASSIONFeuer und L\u00fcftung, Sicherheit und Komfort, Energie und Reinheit, Innovation und Engagement. Alles vereint in einer einzigen Marke. MP3 ist ein f\u00fchrendes Unternehmen im Bereich Brandschutz, Luftf\u00fchrung und -zirkulation mit Sitz in der N\u00e4he der Stadt Padua, [&hellip;]","og_url":"https:\/\/www.mp3-italia.it\/de\/gesellschaft\/","og_site_name":"MP3","article_publisher":"https:\/\/www.facebook.com\/mp3italia\/","article_modified_time":"2021-11-26T13:47:42+00:00","og_image":[{"width":2560,"height":947,"url":"https:\/\/www.mp3-italia.it\/wp-content\/uploads\/2021\/08\/851x315_fb-3-scaled.jpg","type":"image\/jpeg"}],"twitter_card":"summary_large_image","twitter_site":"@MP3airsolutions","twitter_misc":{"Gesch\u00e4tzte Lesezeit":"7 Minuten"},"schema":{"@context":"https:\/\/schema.org","@graph":[{"@type":"Organization","@id":"https:\/\/www.mp3-italia.it\/#organization","name":"MP3 Italia","url":"https:\/\/www.mp3-italia.it\/","sameAs":["https:\/\/www.facebook.com\/mp3italia\/","https:\/\/www.linkedin.com\/company\/mp3-air-solutions\/","https:\/\/www.youtube.com\/user\/MP3AirSolutions\/videos","https:\/\/twitter.com\/MP3airsolutions"],"logo":{"@type":"ImageObject","@id":"https:\/\/www.mp3-italia.it\/#logo","inLanguage":"de-DE","url":"https:\/\/www.mp3-italia.it\/wp-content\/uploads\/2020\/12\/MP3_logo_black_tagline.png","contentUrl":"https:\/\/www.mp3-italia.it\/wp-content\/uploads\/2020\/12\/MP3_logo_black_tagline.png","width":507,"height":200,"caption":"MP3 Italia"},"image":{"@id":"https:\/\/www.mp3-italia.it\/#logo"}},{"@type":"WebSite","@id":"https:\/\/www.mp3-italia.it\/#website","url":"https:\/\/www.mp3-italia.it\/","name":"MP3","description":"Protect People, with Passione","publisher":{"@id":"https:\/\/www.mp3-italia.it\/#organization"},"potentialAction":[{"@type":"SearchAction","target":{"@type":"EntryPoint","urlTemplate":"https:\/\/www.mp3-italia.it\/?s={search_term_string}"},"query-input":"required name=search_term_string"}],"inLanguage":"de-DE"},{"@type":"WebPage","@id":"https:\/\/www.mp3-italia.it\/de\/gesellschaft\/#webpage","url":"https:\/\/www.mp3-italia.it\/de\/gesellschaft\/","name":"Gesellschaft - MP3","isPartOf":{"@id":"https:\/\/www.mp3-italia.it\/#website"},"datePublished":"2020-12-28T11:09:31+00:00","dateModified":"2021-11-26T13:47:42+00:00","breadcrumb":{"@id":"https:\/\/www.mp3-italia.it\/de\/gesellschaft\/#breadcrumb"},"inLanguage":"de-DE","potentialAction":[{"@type":"ReadAction","target":["https:\/\/www.mp3-italia.it\/de\/gesellschaft\/"]}]},{"@type":"BreadcrumbList","@id":"https:\/\/www.mp3-italia.it\/de\/gesellschaft\/#breadcrumb","itemListElement":[{"@type":"ListItem","position":1,"name":"Home","item":"https:\/\/www.mp3-italia.it\/de\/"},{"@type":"ListItem","position":2,"name":"Gesellschaft"}]}]}},"_links":{"self":[{"href":"https:\/\/www.mp3-italia.it\/de\/wp-json\/wp\/v2\/pages\/3920"}],"collection":[{"href":"https:\/\/www.mp3-italia.it\/de\/wp-json\/wp\/v2\/pages"}],"about":[{"href":"https:\/\/www.mp3-italia.it\/de\/wp-json\/wp\/v2\/types\/page"}],"author":[{"embeddable":true,"href":"https:\/\/www.mp3-italia.it\/de\/wp-json\/wp\/v2\/users\/1"}],"replies":[{"embeddable":true,"href":"https:\/\/www.mp3-italia.it\/de\/wp-json\/wp\/v2\/comments?post=3920"}],"version-history":[{"count":0,"href":"https:\/\/www.mp3-italia.it\/de\/wp-json\/wp\/v2\/pages\/3920\/revisions"}],"wp:attachment":[{"href":"https:\/\/www.mp3-italia.it\/de\/wp-json\/wp\/v2\/media?parent=3920"}],"curies":[{"name":"wp","href":"https:\/\/api.w.org\/{rel}","templated":true}]}}